{"id":9788,"date":"2026-01-26T17:07:18","date_gmt":"2026-01-26T16:07:18","guid":{"rendered":"https:\/\/parapharmacieenligne.ma\/?post_type=product&#038;p=9788"},"modified":"2026-01-26T17:09:08","modified_gmt":"2026-01-26T16:09:08","slug":"uriage-depiderm-creme-nuit-intensive-30ml","status":"publish","type":"product","link":"https:\/\/parapharmacieenligne.ma\/en\/product\/uriage-depiderm-creme-nuit-intensive-30ml\/","title":{"rendered":"Uriage depiderm creme nuit intensive 30ml"},"content":{"rendered":"<div aria-labelledby=\"tab-title-description\" class=\"woocommerce-Tabs-panel woocommerce-Tabs-panel--description panel entry-content wc-tab\" id=\"tab-description\" role=\"tabpanel\" style=\"\">\n<h2>Description<\/h2>\n<p>Probl\u00e9matique sp\u00e9cifique<br \/>\n Tous types de peaux<\/p>\n<p>B\u00e9n\u00e9fice produit<br \/>\n Cette cr\u00e8me nuit intensive de la gamme D\u00e9piderm profite du moment privil\u00e9gi\u00e9 qu\u2019est la nuit, propice \u00e0 l\u2019activit\u00e9 cellulaire et absence d\u2019agressions externes (UV, pollution, etc.), pour agir efficacement sur les taches brunes.<\/p>\n<p>Sa texture douce et soyeuse offre une sensation de confort \u00e0 la peau. Nuit apr\u00e8s nuit, les taches sont estomp\u00e9es, la peau r\u00e9v\u00e8le son \u00e9clat.<\/p>\n<p>Corrige les taches et unifie le teint, la nuit<br \/>\n Sa formule associant des actifs anti-taches, apaisants et anti-oxydants, homog\u00e9n\u00e9ise la pigmentation.<\/p>\n<p>Exfolie la peau et stimule le renouvellement cellulaire<br \/>\n Les AHA* (acides glycolique et lactique) et BHA** (acide salicylique) sont justement dos\u00e9s pour exfolier la peau en douceur et stimuler le renouvellement cellulaire.<\/p>\n<p>Caract\u00e9ristiques<br \/>\n Complexe Cx (Extrait de pois et de sucrose \u2014 Vitamine C \u2014 Eau Thermale d\u2019Uriage \u2014 AHA : acides glycolique lactique \u2014 BHA : acide salicylique<\/p>\n<p>Conseil d\u2019utilisation<br \/>\n Appliquer chaque soir sur le visage, le d\u00e9collet\u00e9 et les mains.<br \/>\n Pour les peaux sensibles, espacer les applications.<br \/>\n \u00c9viter le contact avec les yeux.<\/p>\n<\/p><\/div>","protected":false},"excerpt":{"rendered":"<p>Highlights:Corrige les t\u00e2ches, Unifie le teint, r\u00e9v\u00e8le l\u2019\u00e9clat \u2013 2 brevets Uriage<\/p>","protected":false},"featured_media":9863,"comment_status":"open","ping_status":"closed","template":"","meta":[],"product_cat":[83],"product_tag":[],"yith_product_brand":[133],"class_list":{"0":"post-9788","1":"product","2":"type-product","3":"status-publish","4":"has-post-thumbnail","6":"product_cat-soins-visage","7":"yith_product_brand-uriage","9":"first","10":"instock","11":"sale","12":"shipping-taxable","13":"purchasable","14":"product-type-simple"},"_links":{"self":[{"href":"https:\/\/parapharmacieenligne.ma\/en\/wp-json\/wp\/v2\/product\/9788","targetHints":{"allow":["GET"]}}],"collection":[{"href":"https:\/\/parapharmacieenligne.ma\/en\/wp-json\/wp\/v2\/product"}],"about":[{"href":"https:\/\/parapharmacieenligne.ma\/en\/wp-json\/wp\/v2\/types\/product"}],"replies":[{"embeddable":true,"href":"https:\/\/parapharmacieenligne.ma\/en\/wp-json\/wp\/v2\/comments?post=9788"}],"version-history":[{"count":1,"href":"https:\/\/parapharmacieenligne.ma\/en\/wp-json\/wp\/v2\/product\/9788\/revisions"}],"predecessor-version":[{"id":9864,"href":"https:\/\/parapharmacieenligne.ma\/en\/wp-json\/wp\/v2\/product\/9788\/revisions\/9864"}],"wp:featuredmedia":[{"embeddable":true,"href":"https:\/\/parapharmacieenligne.ma\/en\/wp-json\/wp\/v2\/media\/9863"}],"wp:attachment":[{"href":"https:\/\/parapharmacieenligne.ma\/en\/wp-json\/wp\/v2\/media?parent=9788"}],"wp:term":[{"taxonomy":"product_cat","embeddable":true,"href":"https:\/\/parapharmacieenligne.ma\/en\/wp-json\/wp\/v2\/product_cat?post=9788"},{"taxonomy":"product_tag","embeddable":true,"href":"https:\/\/parapharmacieenligne.ma\/en\/wp-json\/wp\/v2\/product_tag?post=9788"},{"taxonomy":"yith_product_brand","embeddable":true,"href":"https:\/\/parapharmacieenligne.ma\/en\/wp-json\/wp\/v2\/yith_product_brand?post=9788"}],"curies":[{"name":"wp","href":"https:\/\/api.w.org\/{rel}","templated":true}]}}