{"id":9789,"date":"2026-01-26T17:07:19","date_gmt":"2026-01-26T16:07:19","guid":{"rendered":"https:\/\/parapharmacieenligne.ma\/?post_type=product&#038;p=9789"},"modified":"2026-01-26T17:09:17","modified_gmt":"2026-01-26T16:09:17","slug":"uriage-bariederm-cica-creme-spf50-40ml-cica-gel-200ml-pack","status":"publish","type":"product","link":"https:\/\/parapharmacieenligne.ma\/en\/product\/uriage-bariederm-cica-creme-spf50-40ml-cica-gel-200ml-pack\/","title":{"rendered":"Uriage Bariederm Cica Creme Spf50+ 40ml+ Cica gel 200ml PACK"},"content":{"rendered":"<div aria-labelledby=\"tab-title-description\" class=\"woocommerce-Tabs-panel woocommerce-Tabs-panel--description panel entry-content wc-tab\" id=\"tab-description\" role=\"tabpanel\" style=\"\">\n<h2>Description<\/h2>\n<p><strong>Cica Creme :<\/strong><\/p>\n<p>Cette cr\u00e8me iconique, multi-usages est un indispensable \u00e0 avoir dans sa salle de bain. Adapt\u00e9e pour le visage et le corps, elle convient \u00e0 toute la famille.<\/p>\n<p>Protectrice et r\u00e9paratrice Bari\u00e9derm-Cica Cr\u00e8me est le soin id\u00e9al pour les peaux fragilis\u00e9es et irrit\u00e9es \u00e0 la suite d\u2019agressions diverses : petits bobos du quotidien, d\u00e9mangeaisons, \u00e9chauffements, post-actes dermo-esth\u00e9tiques, tatouages, post-\u00e9pilation\u2026<\/p>\n<p><strong> Cica Gel :<\/strong><\/p>\n<div class=\"c-product__intro u-intro\">\n<p>Le gel nettoyant surgras, apaisant et assainissant d\u00e9veloppe une mousse onctueuse et a \u00e9t\u00e9 sp\u00e9cialement formul\u00e9 pour l\u2019hygi\u00e8ne des peaux irrit\u00e9es.<\/p>\n<\/p><\/div>\n<div class=\"c-product__description c-content\"><\/div>\n<\/p><\/div>","protected":false},"excerpt":{"rendered":"<p>Highlights:Nettoie et hydrate tout en respectant la barri\u00e8re protectrice des peaux normales \u00e0 s\u00e8ches.\u2022 Besoin :Nettoyer | Hydrater | D\u00e9maquiller | Peau normale \u00e0 s\u00e8che.\u2022 Ingr\u00e9dients Cl\u00e9s :C\u00e9ramides (1, 3 et 6-II) pour prot\u00e9ger et nourrir | Acides Amin\u00e9s pour retenir l\u2019eau sur la peau | Acide Hyaluronique pour maintenir la peau hydrat\u00e9e.\u2022S\u00e9curit\u00e9 :Sans Parfum | Hypoallerg\u00e9nique | Non-Com\u00e9dog\u00e8ne.\u2022 Utilisation :Appliquer matin et soir sur peau humide. Visage.<\/p>","protected":false},"featured_media":9865,"comment_status":"open","ping_status":"closed","template":"","meta":[],"product_cat":[86],"product_tag":[],"yith_product_brand":[133],"class_list":{"0":"post-9789","1":"product","2":"type-product","3":"status-publish","4":"has-post-thumbnail","6":"product_cat-protection-solaire","7":"yith_product_brand-uriage","9":"first","10":"instock","11":"sale","12":"shipping-taxable","13":"purchasable","14":"product-type-simple"},"_links":{"self":[{"href":"https:\/\/parapharmacieenligne.ma\/en\/wp-json\/wp\/v2\/product\/9789","targetHints":{"allow":["GET"]}}],"collection":[{"href":"https:\/\/parapharmacieenligne.ma\/en\/wp-json\/wp\/v2\/product"}],"about":[{"href":"https:\/\/parapharmacieenligne.ma\/en\/wp-json\/wp\/v2\/types\/product"}],"replies":[{"embeddable":true,"href":"https:\/\/parapharmacieenligne.ma\/en\/wp-json\/wp\/v2\/comments?post=9789"}],"version-history":[{"count":1,"href":"https:\/\/parapharmacieenligne.ma\/en\/wp-json\/wp\/v2\/product\/9789\/revisions"}],"predecessor-version":[{"id":9866,"href":"https:\/\/parapharmacieenligne.ma\/en\/wp-json\/wp\/v2\/product\/9789\/revisions\/9866"}],"wp:featuredmedia":[{"embeddable":true,"href":"https:\/\/parapharmacieenligne.ma\/en\/wp-json\/wp\/v2\/media\/9865"}],"wp:attachment":[{"href":"https:\/\/parapharmacieenligne.ma\/en\/wp-json\/wp\/v2\/media?parent=9789"}],"wp:term":[{"taxonomy":"product_cat","embeddable":true,"href":"https:\/\/parapharmacieenligne.ma\/en\/wp-json\/wp\/v2\/product_cat?post=9789"},{"taxonomy":"product_tag","embeddable":true,"href":"https:\/\/parapharmacieenligne.ma\/en\/wp-json\/wp\/v2\/product_tag?post=9789"},{"taxonomy":"yith_product_brand","embeddable":true,"href":"https:\/\/parapharmacieenligne.ma\/en\/wp-json\/wp\/v2\/yith_product_brand?post=9789"}],"curies":[{"name":"wp","href":"https:\/\/api.w.org\/{rel}","templated":true}]}}