{"id":9791,"date":"2026-01-26T17:07:20","date_gmt":"2026-01-26T16:07:20","guid":{"rendered":"https:\/\/parapharmacieenligne.ma\/?post_type=product&#038;p=9791"},"modified":"2026-01-26T17:09:34","modified_gmt":"2026-01-26T16:09:34","slug":"uriage-roseliane-cc-creme-teinte-claire-spf50-40-ml","status":"publish","type":"product","link":"https:\/\/parapharmacieenligne.ma\/en\/product\/uriage-roseliane-cc-creme-teinte-claire-spf50-40-ml\/","title":{"rendered":"Uriage Roseliane CC Creme Teinte Claire spf50+ 40 ml"},"content":{"rendered":"<div aria-labelledby=\"tab-title-description\" class=\"woocommerce-Tabs-panel woocommerce-Tabs-panel--description panel entry-content wc-tab\" id=\"tab-description\" role=\"tabpanel\" style=\"\">\n<h2>Description<\/h2>\n<div class=\"c-product__intro u-intro\">\n<p>Sp\u00e9cialement con\u00e7ue pour les peaux sensibles \u00e0 rougeurs, Ros\u00e9liane CC CREAM SPF50+ est la 1\u00e8re cr\u00e8me qui allie la tr\u00e8s haute protection d\u2019un soin et la couvrance d\u2019un maquillage. Elle camoufle les rougeurs, unifie le teint et l\u2019illumine tout en apportant une tr\u00e8s haute protection solaire contre les UVA et UVB. Dot\u00e9e d\u2019une association exclusive d\u2019actifs brevet\u00e9s, elle hydrate, apaise durablement les sensations d\u2019\u00e9chauffement et restaure la barri\u00e8re cutan\u00e9e pour mieux prot\u00e9ger la peau des agressions ext\u00e9rieures.<\/p>\n<\/p><\/div>\n<div class=\"c-product__description c-content\">\n<h2>APAISE, RESTAURE ET HYDRATE DURABLEMENT<\/h2>\n<p>Riche en Eau Thermale d\u2019Uriage aux propri\u00e9t\u00e9s hydratantes et apaisantes associ\u00e9e \u00e0 notre complexe brevet\u00e9 C\u00e9rast\u00e9rol-2F compos\u00e9 de C\u00e9ramides, cette cr\u00e8me renforce la barri\u00e8re cutan\u00e9e, r\u00e9gule la barri\u00e8re immune et apporte un confort imm\u00e9diat et durable \u00e0 la peau.<\/p>\n<h2>PROT\u00c8GE DES UVA\/UVB<\/h2>\n<p>Son complexe de filtres assure une large couverture UVB-UVA et aide \u00e0 pr\u00e9venir les rougeurs.<\/p>\n<h2>CAMOUFLE LES ROUGEURS ET UNIFIE LE TEINT<\/h2>\n<p>Le complexe brevet\u00e9 TLR2-Regul agit en synergie avec les extraits de ginseng et d\u2019algues rouges pour apaiser et att\u00e9nuer les rougeurs. Ses pigments clairs couvrants riches en min\u00e9raux corrigent instantan\u00e9ment rougeurs, teints ternes ou irr\u00e9guliers.<\/p>\n<\/p><\/div>\n<\/p><\/div>","protected":false},"excerpt":{"rendered":"<p>Highlights:ROS\u00c9LIANE \u2013 CC CREAM SPF50+ TEINTE CLAIRE(Soins peaux sensibles)<\/p>","protected":false},"featured_media":9876,"comment_status":"open","ping_status":"closed","template":"","meta":[],"product_cat":[86],"product_tag":[],"yith_product_brand":[133],"class_list":{"0":"post-9791","1":"product","2":"type-product","3":"status-publish","4":"has-post-thumbnail","6":"product_cat-protection-solaire","7":"yith_product_brand-uriage","9":"first","10":"instock","11":"sale","12":"shipping-taxable","13":"purchasable","14":"product-type-simple"},"_links":{"self":[{"href":"https:\/\/parapharmacieenligne.ma\/en\/wp-json\/wp\/v2\/product\/9791","targetHints":{"allow":["GET"]}}],"collection":[{"href":"https:\/\/parapharmacieenligne.ma\/en\/wp-json\/wp\/v2\/product"}],"about":[{"href":"https:\/\/parapharmacieenligne.ma\/en\/wp-json\/wp\/v2\/types\/product"}],"replies":[{"embeddable":true,"href":"https:\/\/parapharmacieenligne.ma\/en\/wp-json\/wp\/v2\/comments?post=9791"}],"version-history":[{"count":1,"href":"https:\/\/parapharmacieenligne.ma\/en\/wp-json\/wp\/v2\/product\/9791\/revisions"}],"predecessor-version":[{"id":9877,"href":"https:\/\/parapharmacieenligne.ma\/en\/wp-json\/wp\/v2\/product\/9791\/revisions\/9877"}],"wp:featuredmedia":[{"embeddable":true,"href":"https:\/\/parapharmacieenligne.ma\/en\/wp-json\/wp\/v2\/media\/9876"}],"wp:attachment":[{"href":"https:\/\/parapharmacieenligne.ma\/en\/wp-json\/wp\/v2\/media?parent=9791"}],"wp:term":[{"taxonomy":"product_cat","embeddable":true,"href":"https:\/\/parapharmacieenligne.ma\/en\/wp-json\/wp\/v2\/product_cat?post=9791"},{"taxonomy":"product_tag","embeddable":true,"href":"https:\/\/parapharmacieenligne.ma\/en\/wp-json\/wp\/v2\/product_tag?post=9791"},{"taxonomy":"yith_product_brand","embeddable":true,"href":"https:\/\/parapharmacieenligne.ma\/en\/wp-json\/wp\/v2\/yith_product_brand?post=9791"}],"curies":[{"name":"wp","href":"https:\/\/api.w.org\/{rel}","templated":true}]}}