{"id":9807,"date":"2026-01-26T17:07:50","date_gmt":"2026-01-26T16:07:50","guid":{"rendered":"https:\/\/parapharmacieenligne.ma\/?post_type=product&#038;p=9807"},"modified":"2026-01-26T17:09:39","modified_gmt":"2026-01-26T16:09:39","slug":"uriage-creme-lavante-500-ml","status":"publish","type":"product","link":"https:\/\/parapharmacieenligne.ma\/en\/product\/uriage-creme-lavante-500-ml\/","title":{"rendered":"Uriage \u2013 Cr\u00e8me Lavante \u2013 500 ml"},"content":{"rendered":"<div aria-labelledby=\"tab-title-description\" class=\"woocommerce-Tabs-panel woocommerce-Tabs-panel--description panel entry-content wc-tab\" id=\"tab-description\" role=\"tabpanel\" style=\"\">\n<h2>Description<\/h2>\n<p>Probl\u00e9matique sp\u00e9cifique<br \/>\n Tous types de peaux<\/p>\n<p>B\u00e9n\u00e9fice produit<br \/>\n Tr\u00e8s agr\u00e9ablement parfum\u00e9, ce soin 2 en 1 nettoyant et nourrissant laisse la peau parfaitement propre, douce et hydrat\u00e9e.<\/p>\n<p>Nettoie<br \/>\n Sa base lavante sans savon \u00e0 pH physiologique \u00e9limine toutes les impuret\u00e9s en douceur.<\/p>\n<p>Nourrit<br \/>\n Avec 1\/3 de lait nourrissant, elle pr\u00e9serve le film hydrolipidique de la peau.<\/p>\n<p>Prot\u00e8ge<br \/>\n Grace \u00e0 ses agents doux surgraissants et l\u2019Eau Thermale d\u2019Uriage, elle prot\u00e8ge la peau des effets dess\u00e9chants de l\u2019eau calcaire.<\/p>\n<p>Caract\u00e9ristiques<br \/>\n Eau Thermale d\u2019Uriage \u2014 Base lavante douce sans savon \u2014 Actifs hydratants (glyc\u00e9rine) et surgraissants \u2014 1\/3 de lait \u2014 Test\u00e9 sous contr\u00f4le dermatologique \u2014 Test\u00e9 ophtalmologiquement<\/p>\n<p>Conseil d\u2019utilisation<br \/>\n Bien faire mousser votre cr\u00e8me lavante uriage sur une peau mouill\u00e9e, puis rincer.<br \/>\n Usage quotidien.<\/p>\n<\/p><\/div>","protected":false},"excerpt":{"rendered":"<p>Highlights:Surgras Moussant Sans Savon +1\/3 de lait nourrissant<\/p>","protected":false},"featured_media":9880,"comment_status":"open","ping_status":"closed","template":"","meta":[],"product_cat":[85],"product_tag":[],"yith_product_brand":[133],"class_list":{"0":"post-9807","1":"product","2":"type-product","3":"status-publish","4":"has-post-thumbnail","6":"product_cat-soins-corps","7":"yith_product_brand-uriage","9":"first","10":"instock","11":"sale","12":"shipping-taxable","13":"purchasable","14":"product-type-simple"},"_links":{"self":[{"href":"https:\/\/parapharmacieenligne.ma\/en\/wp-json\/wp\/v2\/product\/9807","targetHints":{"allow":["GET"]}}],"collection":[{"href":"https:\/\/parapharmacieenligne.ma\/en\/wp-json\/wp\/v2\/product"}],"about":[{"href":"https:\/\/parapharmacieenligne.ma\/en\/wp-json\/wp\/v2\/types\/product"}],"replies":[{"embeddable":true,"href":"https:\/\/parapharmacieenligne.ma\/en\/wp-json\/wp\/v2\/comments?post=9807"}],"version-history":[{"count":1,"href":"https:\/\/parapharmacieenligne.ma\/en\/wp-json\/wp\/v2\/product\/9807\/revisions"}],"predecessor-version":[{"id":9881,"href":"https:\/\/parapharmacieenligne.ma\/en\/wp-json\/wp\/v2\/product\/9807\/revisions\/9881"}],"wp:featuredmedia":[{"embeddable":true,"href":"https:\/\/parapharmacieenligne.ma\/en\/wp-json\/wp\/v2\/media\/9880"}],"wp:attachment":[{"href":"https:\/\/parapharmacieenligne.ma\/en\/wp-json\/wp\/v2\/media?parent=9807"}],"wp:term":[{"taxonomy":"product_cat","embeddable":true,"href":"https:\/\/parapharmacieenligne.ma\/en\/wp-json\/wp\/v2\/product_cat?post=9807"},{"taxonomy":"product_tag","embeddable":true,"href":"https:\/\/parapharmacieenligne.ma\/en\/wp-json\/wp\/v2\/product_tag?post=9807"},{"taxonomy":"yith_product_brand","embeddable":true,"href":"https:\/\/parapharmacieenligne.ma\/en\/wp-json\/wp\/v2\/yith_product_brand?post=9807"}],"curies":[{"name":"wp","href":"https:\/\/api.w.org\/{rel}","templated":true}]}}