{"id":9808,"date":"2026-01-26T17:07:50","date_gmt":"2026-01-26T16:07:50","guid":{"rendered":"https:\/\/parapharmacieenligne.ma\/?post_type=product&#038;p=9808"},"modified":"2026-01-26T17:09:42","modified_gmt":"2026-01-26T16:09:42","slug":"uriage-bariederm-gel-nettoyant-200-ml","status":"publish","type":"product","link":"https:\/\/parapharmacieenligne.ma\/en\/product\/uriage-bariederm-gel-nettoyant-200-ml\/","title":{"rendered":"Uriage \u2013 Bari\u00e9derm \u2013 Gel Nettoyant \u2013 200 ml"},"content":{"rendered":"<div aria-labelledby=\"tab-title-description\" class=\"woocommerce-Tabs-panel woocommerce-Tabs-panel--description panel entry-content wc-tab\" id=\"tab-description\" role=\"tabpanel\" style=\"\">\n<h2>Description<\/h2>\n<p>Probl\u00e9matique sp\u00e9cifique<br \/>\n Soins peaux irrit\u00e9es<br \/>\n Visage \u2013 Corps \u2013 Si\u00e8ge<\/p>\n<p>B\u00e9n\u00e9fice produit<br \/>\n Le gel nettoyant surgras, apaisant et assainissant d\u00e9veloppe une mousse onctueuse et a \u00e9t\u00e9 sp\u00e9cialement formul\u00e9 pour l\u2019hygi\u00e8ne des peaux irrit\u00e9es.<\/p>\n<p>Apaise<br \/>\n La technologie brevet\u00e9e TLR2-Regul et l\u2019Eau Thermale d\u2019Uriage apaisent les sensations d\u2019inconfort d\u00e9clench\u00e9es par les micro-organismes.<\/p>\n<p>Assainit<br \/>\n Le Gluconate de cuivre et de zinc r\u00e9gulent la flore bact\u00e9rienne.<\/p>\n<p>Nettoie en douceur<br \/>\n Sa base lavante extra-douce et non-dess\u00e9chante respecte le film hydrolipidique de la peau.<\/p>\n<p>Caract\u00e9ristiques<br \/>\n Eau Thermale d\u2019Uriage \u2014 Complexe brevet\u00e9 TLR2-Regul \u2014 Gluconates de Cuivre et de Zinc \u2014 Base lavante douce sans savon \u2014 Test\u00e9 sous contr\u00f4le dermatologique \u2014 Non parfum\u00e9<\/p>\n<p>Conseil d\u2019utilisation<br \/>\n Faire mousser sur peau humide puis rincer.<br \/>\n Eviter le contact avec les yeux.<\/p>\n<\/p><\/div>","protected":false},"excerpt":{"rendered":"<p>Highlights:Gel Nettoyant Apaisant Purifiant au Cuivre-Zinc<\/p>","protected":false},"featured_media":9882,"comment_status":"open","ping_status":"closed","template":"","meta":[],"product_cat":[83],"product_tag":[],"yith_product_brand":[133],"class_list":{"0":"post-9808","1":"product","2":"type-product","3":"status-publish","4":"has-post-thumbnail","6":"product_cat-soins-visage","7":"yith_product_brand-uriage","9":"first","10":"instock","11":"sale","12":"shipping-taxable","13":"purchasable","14":"product-type-simple"},"_links":{"self":[{"href":"https:\/\/parapharmacieenligne.ma\/en\/wp-json\/wp\/v2\/product\/9808","targetHints":{"allow":["GET"]}}],"collection":[{"href":"https:\/\/parapharmacieenligne.ma\/en\/wp-json\/wp\/v2\/product"}],"about":[{"href":"https:\/\/parapharmacieenligne.ma\/en\/wp-json\/wp\/v2\/types\/product"}],"replies":[{"embeddable":true,"href":"https:\/\/parapharmacieenligne.ma\/en\/wp-json\/wp\/v2\/comments?post=9808"}],"version-history":[{"count":1,"href":"https:\/\/parapharmacieenligne.ma\/en\/wp-json\/wp\/v2\/product\/9808\/revisions"}],"predecessor-version":[{"id":9883,"href":"https:\/\/parapharmacieenligne.ma\/en\/wp-json\/wp\/v2\/product\/9808\/revisions\/9883"}],"wp:featuredmedia":[{"embeddable":true,"href":"https:\/\/parapharmacieenligne.ma\/en\/wp-json\/wp\/v2\/media\/9882"}],"wp:attachment":[{"href":"https:\/\/parapharmacieenligne.ma\/en\/wp-json\/wp\/v2\/media?parent=9808"}],"wp:term":[{"taxonomy":"product_cat","embeddable":true,"href":"https:\/\/parapharmacieenligne.ma\/en\/wp-json\/wp\/v2\/product_cat?post=9808"},{"taxonomy":"product_tag","embeddable":true,"href":"https:\/\/parapharmacieenligne.ma\/en\/wp-json\/wp\/v2\/product_tag?post=9808"},{"taxonomy":"yith_product_brand","embeddable":true,"href":"https:\/\/parapharmacieenligne.ma\/en\/wp-json\/wp\/v2\/yith_product_brand?post=9808"}],"curies":[{"name":"wp","href":"https:\/\/api.w.org\/{rel}","templated":true}]}}