{"id":9809,"date":"2026-01-26T17:07:50","date_gmt":"2026-01-26T16:07:50","guid":{"rendered":"https:\/\/parapharmacieenligne.ma\/?post_type=product&#038;p=9809"},"modified":"2026-01-26T17:09:47","modified_gmt":"2026-01-26T16:09:47","slug":"uriage-eau-thermale-creme-deau-spf20-40-ml","status":"publish","type":"product","link":"https:\/\/parapharmacieenligne.ma\/en\/product\/uriage-eau-thermale-creme-deau-spf20-40-ml\/","title":{"rendered":"Uriage \u2013 Eau Thermale \u2013 Cr\u00e8me d\u2019Eau SPF20 \u2013 40 ml"},"content":{"rendered":"<div aria-labelledby=\"tab-title-description\" class=\"woocommerce-Tabs-panel woocommerce-Tabs-panel--description panel entry-content wc-tab\" id=\"tab-description\" role=\"tabpanel\" style=\"\">\n<h2>Description<\/h2>\n<p>Probl\u00e9matique sp\u00e9cifique<br \/>\n Tous types de peaux<\/p>\n<p>B\u00e9n\u00e9fice produit<br \/>\n Rafra\u00eechissante et vivifiante, cette cr\u00e8me l\u00e9g\u00e8re hydrate la peau et contient des actifs qui contribuent \u00e0 la pr\u00e9server des effets n\u00e9fastes de la pollution urbaine. Il la prot\u00e8ge \u00e9galement des UVA et UVB gr\u00e2ce \u00e0 un filtre SPF20.<\/p>\n<p>R\u00e9g\u00e9n\u00e8re l\u2019hydratation de la peau<br \/>\n Cette Cr\u00e8me d\u2019Eau L\u00e9g\u00e8re enrichie en Eau Thermale d\u2019Uriage aide \u00e0 reconstruire la barri\u00e8re cutan\u00e9e pour maintenir un taux d\u2019hydratation optimal.<\/p>\n<p>Optimise l\u2019hydratation en continu de l\u2019\u00e9piderme et Prot\u00e8ge la peau<br \/>\n Permet de reformer un film de surface et de lib\u00e9rer progressivement les agents hydratants contenus dans la Cr\u00e8me d\u2019Eau. Bouclier anti-pollution et filtre UV pour une protection UVA\/UVB.<\/p>\n<p>Restaure l\u2019effet barri\u00e8re de la peau et limiter sa d\u00e9shydratation<br \/>\n Agit sur la reconstruction du ciment corn\u00e9ocytaire pour booster durablement l\u2019hydratation.<\/p>\n<p>Caract\u00e9ristiques<br \/>\n Complexe Hydro-Thermal \u2014 Filtres UVA\/UVB \u2014 Vitamines E &amp; C \u2014 Parfum \u2014 Test\u00e9e sous contr\u00f4le dermatologique \u2014 Protection UVA\/UVB anti-pollution<\/p>\n<p>Conseil d\u2019utilisation<br \/>\n Appliquez le matin sur le visage, le cou et le d\u00e9collet\u00e9 parfaitement nettoy\u00e9s.<br \/>\n Evitez le contact avec les yeux.<\/p>\n<\/p><\/div>","protected":false},"excerpt":{"rendered":"<p>Highlights:Cr\u00e8me Hydratante Illuminatrice et Protectrice \u2013 Anti UVA\/UVB SPF20<\/p>","protected":false},"featured_media":9884,"comment_status":"open","ping_status":"closed","template":"","meta":[],"product_cat":[83],"product_tag":[],"yith_product_brand":[133],"class_list":{"0":"post-9809","1":"product","2":"type-product","3":"status-publish","4":"has-post-thumbnail","6":"product_cat-soins-visage","7":"yith_product_brand-uriage","9":"first","10":"instock","11":"sale","12":"shipping-taxable","13":"purchasable","14":"product-type-simple"},"_links":{"self":[{"href":"https:\/\/parapharmacieenligne.ma\/en\/wp-json\/wp\/v2\/product\/9809","targetHints":{"allow":["GET"]}}],"collection":[{"href":"https:\/\/parapharmacieenligne.ma\/en\/wp-json\/wp\/v2\/product"}],"about":[{"href":"https:\/\/parapharmacieenligne.ma\/en\/wp-json\/wp\/v2\/types\/product"}],"replies":[{"embeddable":true,"href":"https:\/\/parapharmacieenligne.ma\/en\/wp-json\/wp\/v2\/comments?post=9809"}],"version-history":[{"count":1,"href":"https:\/\/parapharmacieenligne.ma\/en\/wp-json\/wp\/v2\/product\/9809\/revisions"}],"predecessor-version":[{"id":9885,"href":"https:\/\/parapharmacieenligne.ma\/en\/wp-json\/wp\/v2\/product\/9809\/revisions\/9885"}],"wp:featuredmedia":[{"embeddable":true,"href":"https:\/\/parapharmacieenligne.ma\/en\/wp-json\/wp\/v2\/media\/9884"}],"wp:attachment":[{"href":"https:\/\/parapharmacieenligne.ma\/en\/wp-json\/wp\/v2\/media?parent=9809"}],"wp:term":[{"taxonomy":"product_cat","embeddable":true,"href":"https:\/\/parapharmacieenligne.ma\/en\/wp-json\/wp\/v2\/product_cat?post=9809"},{"taxonomy":"product_tag","embeddable":true,"href":"https:\/\/parapharmacieenligne.ma\/en\/wp-json\/wp\/v2\/product_tag?post=9809"},{"taxonomy":"yith_product_brand","embeddable":true,"href":"https:\/\/parapharmacieenligne.ma\/en\/wp-json\/wp\/v2\/yith_product_brand?post=9809"}],"curies":[{"name":"wp","href":"https:\/\/api.w.org\/{rel}","templated":true}]}}