{"id":9810,"date":"2026-01-26T17:07:50","date_gmt":"2026-01-26T16:07:50","guid":{"rendered":"https:\/\/parapharmacieenligne.ma\/?post_type=product&#038;p=9810"},"modified":"2026-01-26T17:09:55","modified_gmt":"2026-01-26T16:09:55","slug":"uriage-bariederm-cica-daily-gel-creme-40ml","status":"publish","type":"product","link":"https:\/\/parapharmacieenligne.ma\/en\/product\/uriage-bariederm-cica-daily-gel-creme-40ml\/","title":{"rendered":"URIAGE BARI\u00c9DERM-CICA DAILY GEL-CR\u00c8ME 40ML"},"content":{"rendered":"<div aria-labelledby=\"tab-title-description\" class=\"woocommerce-Tabs-panel woocommerce-Tabs-panel--description panel entry-content wc-tab\" id=\"tab-description\" role=\"tabpanel\" style=\"\">\n<h2>Description<\/h2>\n<p>Le CICA DAILY GEL-CR\u00c8ME est le soin hydratant protecteur et r\u00e9parateur id\u00e9al des peaux agress\u00e9es et fragilis\u00e9es quotidiennement.<br \/>\n Teint terne, inconfort, signes de fatigue, ridules, petites imperfections ou rougeurs.<\/p>\n<p><strong>R\u00c9\u00c9QUILIBRE<\/strong><br \/>\n INNOVATION PR\u00c9BIOTIQUES : 10,5% COMPLEXE THERMAL-BIOTIC<br \/>\n L\u2019Eau Thermale d\u2019Uriage associ\u00e9 \u00e0 un pr\u00e9biotique, l\u2019Inuline, offre une action r\u00e9\u00e9quilibrante unique sur la barri\u00e8re cutan\u00e9e et le microbiome.<\/p>\n<p><strong>HYDRATE, APAISE ET FAVORISE LA R\u00c9PARATION \u00c9PIDERMIQUE<\/strong><br \/>\n \u00c0 la Centella Asiatica r\u00e9paratrice, associ\u00e9 \u00e0 de l\u2019Acide Hyaluronique Haut et Bas poids mol\u00e9culaire et de la Vitamine B5, ce gel-cr\u00e8me hydrate instantan\u00e9ment la peau, la r\u00e9g\u00e9n\u00e8re et boost son \u00e9clat.<br \/>\n Picto disponible pour la Centella Asiatica<\/p>\n<p><strong>PROT\u00c8GE<\/strong><br \/>\n Le Cuivre-Zinc purifiant aide la peau \u00e0 retrouver un confort optimal.<\/p>\n<p><strong><strong>Conseils d\u2019Utilisation : <\/strong> <\/strong><\/p>\n<p>Appliquer une noisette matin et soir sur l\u2019ensemble du visage, apr\u00e8s votre Bari\u00e9derm-CICA DAILY S\u00c9RUM, sur une peau parfaitement nettoy\u00e9e et s\u00e9ch\u00e9e.<\/p>\n<\/p><\/div>","protected":false},"excerpt":{"rendered":"<p>Highlights:R\u00e9parateur tr\u00e8s haute protection solaire anti-marques cicatricielles (pour toute la famille)<\/p>","protected":false},"featured_media":9892,"comment_status":"open","ping_status":"closed","template":"","meta":[],"product_cat":[83],"product_tag":[],"yith_product_brand":[133],"class_list":{"0":"post-9810","1":"product","2":"type-product","3":"status-publish","4":"has-post-thumbnail","6":"product_cat-soins-visage","7":"yith_product_brand-uriage","9":"first","10":"instock","11":"sale","12":"shipping-taxable","13":"purchasable","14":"product-type-simple"},"_links":{"self":[{"href":"https:\/\/parapharmacieenligne.ma\/en\/wp-json\/wp\/v2\/product\/9810","targetHints":{"allow":["GET"]}}],"collection":[{"href":"https:\/\/parapharmacieenligne.ma\/en\/wp-json\/wp\/v2\/product"}],"about":[{"href":"https:\/\/parapharmacieenligne.ma\/en\/wp-json\/wp\/v2\/types\/product"}],"replies":[{"embeddable":true,"href":"https:\/\/parapharmacieenligne.ma\/en\/wp-json\/wp\/v2\/comments?post=9810"}],"version-history":[{"count":1,"href":"https:\/\/parapharmacieenligne.ma\/en\/wp-json\/wp\/v2\/product\/9810\/revisions"}],"predecessor-version":[{"id":9893,"href":"https:\/\/parapharmacieenligne.ma\/en\/wp-json\/wp\/v2\/product\/9810\/revisions\/9893"}],"wp:featuredmedia":[{"embeddable":true,"href":"https:\/\/parapharmacieenligne.ma\/en\/wp-json\/wp\/v2\/media\/9892"}],"wp:attachment":[{"href":"https:\/\/parapharmacieenligne.ma\/en\/wp-json\/wp\/v2\/media?parent=9810"}],"wp:term":[{"taxonomy":"product_cat","embeddable":true,"href":"https:\/\/parapharmacieenligne.ma\/en\/wp-json\/wp\/v2\/product_cat?post=9810"},{"taxonomy":"product_tag","embeddable":true,"href":"https:\/\/parapharmacieenligne.ma\/en\/wp-json\/wp\/v2\/product_tag?post=9810"},{"taxonomy":"yith_product_brand","embeddable":true,"href":"https:\/\/parapharmacieenligne.ma\/en\/wp-json\/wp\/v2\/yith_product_brand?post=9810"}],"curies":[{"name":"wp","href":"https:\/\/api.w.org\/{rel}","templated":true}]}}