{"id":9811,"date":"2026-01-26T17:07:51","date_gmt":"2026-01-26T16:07:51","guid":{"rendered":"https:\/\/parapharmacieenligne.ma\/?post_type=product&#038;p=9811"},"modified":"2026-01-26T17:09:57","modified_gmt":"2026-01-26T16:09:57","slug":"uriage-keratosane-30-gel-creme-40-ml","status":"publish","type":"product","link":"https:\/\/parapharmacieenligne.ma\/en\/product\/uriage-keratosane-30-gel-creme-40-ml\/","title":{"rendered":"Uriage \u2013 K\u00e9ratosane 30 \u2013 Gel-Cr\u00e8me \u2013 40 ml"},"content":{"rendered":"<div aria-labelledby=\"tab-title-description\" class=\"woocommerce-Tabs-panel woocommerce-Tabs-panel--description panel entry-content wc-tab\" id=\"tab-description\" role=\"tabpanel\" style=\"\">\n<h2>Description<\/h2>\n<p>Probl\u00e9matique sp\u00e9cifique<br \/>\n Soins peaux sensibles tr\u00e8s s\u00e8ches<\/p>\n<p>B\u00e9n\u00e9fice produit<br \/>\n Haute tol\u00e9rance, ce gel cr\u00e8me est un soin complet qui permet \u00e0 la peau de retrouver son aspect lisse, apais\u00e9, doux sans rugosit\u00e9.<\/p>\n<p>Exfolie<br \/>\n Sa concentration en Ur\u00e9e lui permet d\u2019avoir une puissante action k\u00e9ratolytique sur les zones rugeuses ou tr\u00e8s \u00e9paisses identifi\u00e9es.<\/p>\n<p>Caract\u00e9ristiques<br \/>\n Eau Thermale d\u2019Uriage \u2014 Ur\u00e9e 30 % \u2014 Glycocolle \u2014 Sulfate de dextran \u2014 Test\u00e9 sous contr\u00f4le dermatologique \u2014 Non com\u00e9dog\u00e8ne \u2014 Non parfum\u00e9<\/p>\n<p>Conseil d\u2019utilisation<br \/>\n Appliquer deux fois par jour ou plus selon les besoins sur les zones concern\u00e9es.<br \/>\n Pr\u00e9caution d\u2019emploi : des sensations passag\u00e8res de picotements sont possibles sur les peaux les plus sensibles.<br \/>\n Eviter le contact avec les yeux.<\/p>\n<\/p><\/div>","protected":false},"excerpt":{"rendered":"<p>Highlights:Gel-Cr\u00e8me Anti-Callosit\u00e9sHyperk\u00e9ratoses s\u00e9v\u00e8res localis\u00e9esK\u00e9ratoses Palmo-PlantairesCallosit\u00e9s (Coudes, genoux, talons etc.)<\/p>","protected":false},"featured_media":9894,"comment_status":"open","ping_status":"closed","template":"","meta":[],"product_cat":[83],"product_tag":[],"yith_product_brand":[133],"class_list":{"0":"post-9811","1":"product","2":"type-product","3":"status-publish","4":"has-post-thumbnail","6":"product_cat-soins-visage","7":"yith_product_brand-uriage","9":"first","10":"instock","11":"sale","12":"shipping-taxable","13":"purchasable","14":"product-type-simple"},"_links":{"self":[{"href":"https:\/\/parapharmacieenligne.ma\/en\/wp-json\/wp\/v2\/product\/9811","targetHints":{"allow":["GET"]}}],"collection":[{"href":"https:\/\/parapharmacieenligne.ma\/en\/wp-json\/wp\/v2\/product"}],"about":[{"href":"https:\/\/parapharmacieenligne.ma\/en\/wp-json\/wp\/v2\/types\/product"}],"replies":[{"embeddable":true,"href":"https:\/\/parapharmacieenligne.ma\/en\/wp-json\/wp\/v2\/comments?post=9811"}],"version-history":[{"count":1,"href":"https:\/\/parapharmacieenligne.ma\/en\/wp-json\/wp\/v2\/product\/9811\/revisions"}],"predecessor-version":[{"id":9895,"href":"https:\/\/parapharmacieenligne.ma\/en\/wp-json\/wp\/v2\/product\/9811\/revisions\/9895"}],"wp:featuredmedia":[{"embeddable":true,"href":"https:\/\/parapharmacieenligne.ma\/en\/wp-json\/wp\/v2\/media\/9894"}],"wp:attachment":[{"href":"https:\/\/parapharmacieenligne.ma\/en\/wp-json\/wp\/v2\/media?parent=9811"}],"wp:term":[{"taxonomy":"product_cat","embeddable":true,"href":"https:\/\/parapharmacieenligne.ma\/en\/wp-json\/wp\/v2\/product_cat?post=9811"},{"taxonomy":"product_tag","embeddable":true,"href":"https:\/\/parapharmacieenligne.ma\/en\/wp-json\/wp\/v2\/product_tag?post=9811"},{"taxonomy":"yith_product_brand","embeddable":true,"href":"https:\/\/parapharmacieenligne.ma\/en\/wp-json\/wp\/v2\/yith_product_brand?post=9811"}],"curies":[{"name":"wp","href":"https:\/\/api.w.org\/{rel}","templated":true}]}}