{"id":9813,"date":"2026-01-26T17:07:51","date_gmt":"2026-01-26T16:07:51","guid":{"rendered":"https:\/\/parapharmacieenligne.ma\/?post_type=product&#038;p=9813"},"modified":"2026-01-26T17:10:02","modified_gmt":"2026-01-26T16:10:02","slug":"uriage-bariederm-creme-isolante-75-ml","status":"publish","type":"product","link":"https:\/\/parapharmacieenligne.ma\/en\/product\/uriage-bariederm-creme-isolante-75-ml\/","title":{"rendered":"Uriage \u2013 Bari\u00e9derm \u2013 Cr\u00e8me Isolante \u2013 75 ml"},"content":{"rendered":"<div aria-labelledby=\"tab-title-description\" class=\"woocommerce-Tabs-panel woocommerce-Tabs-panel--description panel entry-content wc-tab\" id=\"tab-description\" role=\"tabpanel\" style=\"\">\n<h2>Description<\/h2>\n<p>Probl\u00e9matique sp\u00e9cifique<br \/>\n Soins peaux irrit\u00e9es<\/p>\n<p>B\u00e9n\u00e9fice produit<br \/>\n 1\u00e8re cr\u00e8me isolante et r\u00e9paratrice au POLY-2P\u2122, complexe brevet\u00e9. Sa double action est un v\u00e9ritable effet bouclier contre les irritations, frottements et agressions chimiques sur la peau. Ce soin convient \u00e0 un usage professionnel ou familial.<\/p>\n<p>N\u00b01 en prescription des soins isolants et r\u00e9parateurs*<\/p>\n<p>Isole en surface<br \/>\n L\u2019association de deux polym\u00e8res permet une action isolante en surface en pr\u00e9vention des agressions futures.<\/p>\n<p>Restaure en profondeur<br \/>\n L\u2019association de deux polym\u00e8res permet une action r\u00e9paratrice de l\u2019\u00e9piderme agress\u00e9 et d\u00e9j\u00e0 alt\u00e9r\u00e9.<\/p>\n<p>Caract\u00e9ristiques<br \/>\n Eau Thermale d\u2019Uriage \u2014 Complexe brevet\u00e9 Poly-2P \u2014 Phytosqualanes \u2014 Phytost\u00e9rols \u2014 Glyc\u00e9rine \u2014 Non com\u00e9dog\u00e8ne \u2014 Non occlusif \u2014 Non parfum\u00e9 \u2014 Test\u00e9 sous contr\u00f4le dermatologique<\/p>\n<p>Conseil d\u2019utilisation<br \/>\n Appliquer aussi souvent que n\u00e9cessaire sur la zone cutan\u00e9e destin\u00e9e \u00e0 \u00eatre isol\u00e9e, prot\u00e9g\u00e9e ou r\u00e9par\u00e9e contre les d\u00e9tergents, solvants aqueux \u2026 .<\/p>\n<\/p><\/div>","protected":false},"excerpt":{"rendered":"<p>Highlights:Cr\u00e8me \u00ab Effet Pansement \u00bb : Isolante en surface et R\u00e9paratrice en profondeur<\/p>","protected":false},"featured_media":9898,"comment_status":"open","ping_status":"closed","template":"","meta":[],"product_cat":[83],"product_tag":[],"yith_product_brand":[133],"class_list":{"0":"post-9813","1":"product","2":"type-product","3":"status-publish","4":"has-post-thumbnail","6":"product_cat-soins-visage","7":"yith_product_brand-uriage","9":"first","10":"instock","11":"sale","12":"shipping-taxable","13":"purchasable","14":"product-type-simple"},"_links":{"self":[{"href":"https:\/\/parapharmacieenligne.ma\/en\/wp-json\/wp\/v2\/product\/9813","targetHints":{"allow":["GET"]}}],"collection":[{"href":"https:\/\/parapharmacieenligne.ma\/en\/wp-json\/wp\/v2\/product"}],"about":[{"href":"https:\/\/parapharmacieenligne.ma\/en\/wp-json\/wp\/v2\/types\/product"}],"replies":[{"embeddable":true,"href":"https:\/\/parapharmacieenligne.ma\/en\/wp-json\/wp\/v2\/comments?post=9813"}],"version-history":[{"count":1,"href":"https:\/\/parapharmacieenligne.ma\/en\/wp-json\/wp\/v2\/product\/9813\/revisions"}],"predecessor-version":[{"id":9899,"href":"https:\/\/parapharmacieenligne.ma\/en\/wp-json\/wp\/v2\/product\/9813\/revisions\/9899"}],"wp:featuredmedia":[{"embeddable":true,"href":"https:\/\/parapharmacieenligne.ma\/en\/wp-json\/wp\/v2\/media\/9898"}],"wp:attachment":[{"href":"https:\/\/parapharmacieenligne.ma\/en\/wp-json\/wp\/v2\/media?parent=9813"}],"wp:term":[{"taxonomy":"product_cat","embeddable":true,"href":"https:\/\/parapharmacieenligne.ma\/en\/wp-json\/wp\/v2\/product_cat?post=9813"},{"taxonomy":"product_tag","embeddable":true,"href":"https:\/\/parapharmacieenligne.ma\/en\/wp-json\/wp\/v2\/product_tag?post=9813"},{"taxonomy":"yith_product_brand","embeddable":true,"href":"https:\/\/parapharmacieenligne.ma\/en\/wp-json\/wp\/v2\/yith_product_brand?post=9813"}],"curies":[{"name":"wp","href":"https:\/\/api.w.org\/{rel}","templated":true}]}}