{"id":9826,"date":"2026-01-26T17:08:17","date_gmt":"2026-01-26T16:08:17","guid":{"rendered":"https:\/\/parapharmacieenligne.ma\/?post_type=product&#038;p=9826"},"modified":"2026-01-26T17:10:05","modified_gmt":"2026-01-26T16:10:05","slug":"uriage-bebe-1er-creme-mineral-spf50-50ml","status":"publish","type":"product","link":"https:\/\/parapharmacieenligne.ma\/en\/product\/uriage-bebe-1er-creme-mineral-spf50-50ml\/","title":{"rendered":"Uriage b\u00e9b\u00e9 1er creme mineral spf50+ 50ml"},"content":{"rendered":"<div aria-labelledby=\"tab-title-description\" class=\"woocommerce-Tabs-panel woocommerce-Tabs-panel--description panel entry-content wc-tab\" id=\"tab-description\" role=\"tabpanel\" style=\"\">\n<h2>Description<\/h2>\n<p>ASSURE UNE TRES HAUTE PROTECTION<br \/>\n La photoprotection aux filtres min\u00e9raux offre une tol\u00e9rance maximale pour la peau sensible des tout-petits<\/p>\n<p>HYDRATE INTENSEMENT<br \/>\n Enrichie en Eau Thermale d\u2019Uriage et en Aquaspongines \u00ae, ce soin prot\u00e8ge la peau du dess\u00e8chement cutan\u00e9e et hydrate en profondeur la peau d\u00e9licate de b\u00e9b\u00e9.<\/p>\n<p>SANS PARFUM &amp; RESISTE A L\u2019EAU<\/p>\n<p><strong>CONSEILS D\u2019UTILISATION :<\/strong><\/p>\n<p>Avant toute sortie, appliquer g\u00e9n\u00e9reusement pour bien couvrir la peau, par exemple l\u2019\u00e9quivalent d\u2019une cuill\u00e8re \u00e0 caf\u00e9 pour le visage et le cou. Renouveler fr\u00e9quemment l\u2019application, surtout apr\u00e8s avoir transpir\u00e9, nag\u00e9 ou s\u2019\u00eatre essuy\u00e9. M\u00eame bien prot\u00e9g\u00e9, r\u00e9duire au maximum l\u2019exposition. Une surexposition solaire, m\u00eame indirecte, est dangereuse pour la sant\u00e9. Eviter le contour des yeux. * Exposition indirecte<\/p>\n<\/p><\/div>","protected":false},"excerpt":{"rendered":"<p>Highlights:Soin tr\u00e8s haute protection des tout petits<\/p>","protected":false},"featured_media":9900,"comment_status":"open","ping_status":"closed","template":"","meta":[],"product_cat":[92],"product_tag":[],"yith_product_brand":[133],"class_list":{"0":"post-9826","1":"product","2":"type-product","3":"status-publish","4":"has-post-thumbnail","6":"product_cat-complements-alimentaires","7":"yith_product_brand-uriage","9":"first","10":"instock","11":"sale","12":"shipping-taxable","13":"purchasable","14":"product-type-simple"},"_links":{"self":[{"href":"https:\/\/parapharmacieenligne.ma\/en\/wp-json\/wp\/v2\/product\/9826","targetHints":{"allow":["GET"]}}],"collection":[{"href":"https:\/\/parapharmacieenligne.ma\/en\/wp-json\/wp\/v2\/product"}],"about":[{"href":"https:\/\/parapharmacieenligne.ma\/en\/wp-json\/wp\/v2\/types\/product"}],"replies":[{"embeddable":true,"href":"https:\/\/parapharmacieenligne.ma\/en\/wp-json\/wp\/v2\/comments?post=9826"}],"version-history":[{"count":1,"href":"https:\/\/parapharmacieenligne.ma\/en\/wp-json\/wp\/v2\/product\/9826\/revisions"}],"predecessor-version":[{"id":9901,"href":"https:\/\/parapharmacieenligne.ma\/en\/wp-json\/wp\/v2\/product\/9826\/revisions\/9901"}],"wp:featuredmedia":[{"embeddable":true,"href":"https:\/\/parapharmacieenligne.ma\/en\/wp-json\/wp\/v2\/media\/9900"}],"wp:attachment":[{"href":"https:\/\/parapharmacieenligne.ma\/en\/wp-json\/wp\/v2\/media?parent=9826"}],"wp:term":[{"taxonomy":"product_cat","embeddable":true,"href":"https:\/\/parapharmacieenligne.ma\/en\/wp-json\/wp\/v2\/product_cat?post=9826"},{"taxonomy":"product_tag","embeddable":true,"href":"https:\/\/parapharmacieenligne.ma\/en\/wp-json\/wp\/v2\/product_tag?post=9826"},{"taxonomy":"yith_product_brand","embeddable":true,"href":"https:\/\/parapharmacieenligne.ma\/en\/wp-json\/wp\/v2\/yith_product_brand?post=9826"}],"curies":[{"name":"wp","href":"https:\/\/api.w.org\/{rel}","templated":true}]}}