{"id":9829,"date":"2026-01-26T17:08:18","date_gmt":"2026-01-26T16:08:18","guid":{"rendered":"https:\/\/parapharmacieenligne.ma\/?post_type=product&#038;p=9829"},"modified":"2026-01-26T17:10:30","modified_gmt":"2026-01-26T16:10:30","slug":"uriage-bariederm-onguent-fissures-et-crevasses-40-ml","status":"publish","type":"product","link":"https:\/\/parapharmacieenligne.ma\/en\/product\/uriage-bariederm-onguent-fissures-et-crevasses-40-ml\/","title":{"rendered":"Uriage \u2013 Bari\u00e9derm \u2013 Onguent Fissures et Crevasses \u2013 40 ml"},"content":{"rendered":"<div aria-labelledby=\"tab-title-description\" class=\"woocommerce-Tabs-panel woocommerce-Tabs-panel--description panel entry-content wc-tab\" id=\"tab-description\" role=\"tabpanel\" style=\"\">\n<h2>Description<\/h2>\n<p>Probl\u00e9matique sp\u00e9cifique<br \/>\n Soins peaux irrit\u00e9es avec Crevasses profondes et localis\u00e9es<br \/>\n Douleurs et irritations du mamelon lors de l\u2019allaitement<\/p>\n<p>B\u00e9n\u00e9fice produit<br \/>\n BARI\u00c9DERM Fissures, Crevasses est le 1er onguent \u00ab barri\u00e8re \u00bb au POLY-2P\u2122, complexe brevet\u00e9. Souple et mall\u00e9able, il permet d\u2019isoler, r\u00e9parer et assouplir les fissures et crevasses, r\u00e9centes ou anciennes.<\/p>\n<p>Isole en surface<br \/>\n L\u2019association de deux polym\u00e8res isole la peau en pr\u00e9vention des agressions futures.<\/p>\n<p>Restaure en profondeur<br \/>\n L\u2019association de deux polym\u00e8res r\u00e9pare les zones alt\u00e9r\u00e9es de l\u2019\u00e9piderme et intervient \u00e0 3 niveaux essentiels de la barri\u00e8re cutan\u00e9e.<\/p>\n<p>Assouplit et Apaise rapidement<br \/>\n Le beurre de karit\u00e9 r\u00e9hydrate les zones s\u00e8ches et apporte du confort. La peau est r\u00e9par\u00e9e et apais\u00e9e rapidement.<\/p>\n<p>Caract\u00e9ristiques<br \/>\n Poly-2P \u2013 Complexe brevet\u00e9 \u2014 D-panth\u00e9nol \u2014 Phytost\u00e9rols \u2014 Beurre de karit\u00e9 \u2014 Test\u00e9 sous contr\u00f4le dermatologique \u2014 Non com\u00e9dog\u00e8ne \u2014 Non parfum\u00e9<\/p>\n<p>Conseil d\u2019utilisation<br \/>\n Appliquer le produit au moyen de la spatule afin de combler au mieux la fissure.<br \/>\n Renouveler l\u2019application 1 \u00e0 2 fois par jour ou plus si n\u00e9cessaire.<\/p>\n<\/p><\/div>","protected":false},"excerpt":{"rendered":"<p>Highlights:Onguent \u00ab Barri\u00e8re \u00bb Isolant et R\u00e9parateur des mamelons, des mains et des pieds fissur\u00e9s<\/p>","protected":false},"featured_media":9912,"comment_status":"open","ping_status":"closed","template":"","meta":[],"product_cat":[83],"product_tag":[],"yith_product_brand":[133],"class_list":{"0":"post-9829","1":"product","2":"type-product","3":"status-publish","4":"has-post-thumbnail","6":"product_cat-soins-visage","7":"yith_product_brand-uriage","9":"first","10":"instock","11":"sale","12":"shipping-taxable","13":"purchasable","14":"product-type-simple"},"_links":{"self":[{"href":"https:\/\/parapharmacieenligne.ma\/en\/wp-json\/wp\/v2\/product\/9829","targetHints":{"allow":["GET"]}}],"collection":[{"href":"https:\/\/parapharmacieenligne.ma\/en\/wp-json\/wp\/v2\/product"}],"about":[{"href":"https:\/\/parapharmacieenligne.ma\/en\/wp-json\/wp\/v2\/types\/product"}],"replies":[{"embeddable":true,"href":"https:\/\/parapharmacieenligne.ma\/en\/wp-json\/wp\/v2\/comments?post=9829"}],"version-history":[{"count":1,"href":"https:\/\/parapharmacieenligne.ma\/en\/wp-json\/wp\/v2\/product\/9829\/revisions"}],"predecessor-version":[{"id":9913,"href":"https:\/\/parapharmacieenligne.ma\/en\/wp-json\/wp\/v2\/product\/9829\/revisions\/9913"}],"wp:featuredmedia":[{"embeddable":true,"href":"https:\/\/parapharmacieenligne.ma\/en\/wp-json\/wp\/v2\/media\/9912"}],"wp:attachment":[{"href":"https:\/\/parapharmacieenligne.ma\/en\/wp-json\/wp\/v2\/media?parent=9829"}],"wp:term":[{"taxonomy":"product_cat","embeddable":true,"href":"https:\/\/parapharmacieenligne.ma\/en\/wp-json\/wp\/v2\/product_cat?post=9829"},{"taxonomy":"product_tag","embeddable":true,"href":"https:\/\/parapharmacieenligne.ma\/en\/wp-json\/wp\/v2\/product_tag?post=9829"},{"taxonomy":"yith_product_brand","embeddable":true,"href":"https:\/\/parapharmacieenligne.ma\/en\/wp-json\/wp\/v2\/yith_product_brand?post=9829"}],"curies":[{"name":"wp","href":"https:\/\/api.w.org\/{rel}","templated":true}]}}