{"id":9830,"date":"2026-01-26T17:08:18","date_gmt":"2026-01-26T16:08:18","guid":{"rendered":"https:\/\/parapharmacieenligne.ma\/?post_type=product&#038;p=9830"},"modified":"2026-01-26T17:10:33","modified_gmt":"2026-01-26T16:10:33","slug":"uriage-xemose-creme-relipidante-anti-irritations-400-ml","status":"publish","type":"product","link":"https:\/\/parapharmacieenligne.ma\/en\/product\/uriage-xemose-creme-relipidante-anti-irritations-400-ml\/","title":{"rendered":"Uriage \u2013 Xemose \u2013 Cr\u00e8me Relipidante Anti-Irritations \u2013 400 ml"},"content":{"rendered":"<div aria-labelledby=\"tab-title-description\" class=\"woocommerce-Tabs-panel woocommerce-Tabs-panel--description panel entry-content wc-tab\" id=\"tab-description\" role=\"tabpanel\" style=\"\">\n<h2>Description<\/h2>\n<p>Probl\u00e9matique sp\u00e9cifique<br \/>\n Soins peaux tr\u00e8s s\u00e8ches<br \/>\n Soins peaux \u00e0 tendance atopique<\/p>\n<p>B\u00e9n\u00e9fice produit<br \/>\n Cette cr\u00e8me nourrissante et protectrice apaise imm\u00e9diatement les sensations de d\u00e9mangeaisons g\u00e9n\u00e9ratrices de grattage et offre un confort durable. Dot\u00e9e d\u2019une texture fondante non collante, elle permet un habillage rapide. Elle p\u00e9n\u00e8tre instantan\u00e9ment pour espacer les pics de s\u00e9cheresse s\u00e9v\u00e8re et apporter un confort durable.<\/p>\n<p>Apaise imm\u00e9diatement<br \/>\n Ce soin pr\u00e9sente une action apaisante imm\u00e9diate, gr\u00e2ce au brevet* Chronoxine.<\/p>\n<p>Apporte un confort durable<br \/>\n Il poss\u00e8de une action triple barri\u00e8re pour un apaisement durable : le C\u00e9rast\u00e9rol 2F restaure et renforce la barri\u00e8re cutan\u00e9e, le complexe TLR2 Regul module la barri\u00e8re de d\u00e9fense inn\u00e9e et l\u2019Eau Thermale d\u2019Uriage r\u00e9\u00e9quilibre la barri\u00e8re microbienne.<\/p>\n<p>Caract\u00e9ristiques<br \/>\n Eau Thermale d\u2019Uriage \u2014 Chronoxine \u2014 C\u00e9rast\u00e9rol 2F \u2014 Complexe TLR2 \u2014 B\u00e9bes Enfants Adultes \u2014 Test\u00e9 sous contr\u00f4le dermatologique \u2014 Non parfum\u00e9<\/p>\n<p>Conseil d\u2019utilisation<br \/>\n Appliquer quotidiennement sur une peau propre Visage et corps<br \/>\n Pour toute la famille : b\u00e9b\u00e9s, enfants et adultes<\/p>\n<\/p><\/div>","protected":false},"excerpt":{"rendered":"<p>Highlights:Soin Hydratant Nourrissant Protecteur Anti-D\u00e9mangeaison, Espace les crisesTriple Brevets d\u00e9pos\u00e9s**BREVET CHRONOXINE + TLR2REGUL + CERASTEROL 2F<\/p>","protected":false},"featured_media":9914,"comment_status":"open","ping_status":"closed","template":"","meta":[],"product_cat":[85],"product_tag":[],"yith_product_brand":[133],"class_list":{"0":"post-9830","1":"product","2":"type-product","3":"status-publish","4":"has-post-thumbnail","6":"product_cat-soins-corps","7":"yith_product_brand-uriage","9":"first","10":"instock","11":"sale","12":"shipping-taxable","13":"purchasable","14":"product-type-simple"},"_links":{"self":[{"href":"https:\/\/parapharmacieenligne.ma\/en\/wp-json\/wp\/v2\/product\/9830","targetHints":{"allow":["GET"]}}],"collection":[{"href":"https:\/\/parapharmacieenligne.ma\/en\/wp-json\/wp\/v2\/product"}],"about":[{"href":"https:\/\/parapharmacieenligne.ma\/en\/wp-json\/wp\/v2\/types\/product"}],"replies":[{"embeddable":true,"href":"https:\/\/parapharmacieenligne.ma\/en\/wp-json\/wp\/v2\/comments?post=9830"}],"version-history":[{"count":1,"href":"https:\/\/parapharmacieenligne.ma\/en\/wp-json\/wp\/v2\/product\/9830\/revisions"}],"predecessor-version":[{"id":9915,"href":"https:\/\/parapharmacieenligne.ma\/en\/wp-json\/wp\/v2\/product\/9830\/revisions\/9915"}],"wp:featuredmedia":[{"embeddable":true,"href":"https:\/\/parapharmacieenligne.ma\/en\/wp-json\/wp\/v2\/media\/9914"}],"wp:attachment":[{"href":"https:\/\/parapharmacieenligne.ma\/en\/wp-json\/wp\/v2\/media?parent=9830"}],"wp:term":[{"taxonomy":"product_cat","embeddable":true,"href":"https:\/\/parapharmacieenligne.ma\/en\/wp-json\/wp\/v2\/product_cat?post=9830"},{"taxonomy":"product_tag","embeddable":true,"href":"https:\/\/parapharmacieenligne.ma\/en\/wp-json\/wp\/v2\/product_tag?post=9830"},{"taxonomy":"yith_product_brand","embeddable":true,"href":"https:\/\/parapharmacieenligne.ma\/en\/wp-json\/wp\/v2\/yith_product_brand?post=9830"}],"curies":[{"name":"wp","href":"https:\/\/api.w.org\/{rel}","templated":true}]}}