{"id":9847,"date":"2026-01-26T17:08:47","date_gmt":"2026-01-26T16:08:47","guid":{"rendered":"https:\/\/parapharmacieenligne.ma\/?post_type=product&#038;p=9847"},"modified":"2026-01-26T17:10:41","modified_gmt":"2026-01-26T16:10:41","slug":"uriage-bebe-1er-change-100-ml","status":"publish","type":"product","link":"https:\/\/parapharmacieenligne.ma\/en\/product\/uriage-bebe-1er-change-100-ml\/","title":{"rendered":"Uriage B\u00e9b\u00e9 \u2013 1er Change \u2013 100 ml"},"content":{"rendered":"<div aria-labelledby=\"tab-title-description\" class=\"woocommerce-Tabs-panel woocommerce-Tabs-panel--description panel entry-content wc-tab\" id=\"tab-description\" role=\"tabpanel\" style=\"\">\n<h2>Description<\/h2>\n<h2>DESCRIPTION<\/h2>\n<p>APAISE &amp; DIMINUE LES ROUGEURS<br \/>\n Sa formule au complexe [Eau thermale d\u2019Uriage + Edelweiss bio] prot\u00e8ge des irritations, calme les sensations d\u2019inconfort et renforce la barri\u00e8re cutan\u00e9e.<\/p>\n<p>PURIFIE, PROTEGE &amp; REPARE<br \/>\n L\u2019oxyde de Zinc aux propri\u00e9t\u00e9s purifiantes, associ\u00e9e \u00e0 la Cire d\u2019abeille, au beurre de Karit\u00e9 et \u00e0 des huiles v\u00e9g\u00e9tales, prot\u00e8ge la peau de b\u00e9b\u00e9 des agressions caus\u00e9es par l\u2019urine et les selles en formant un v\u00e9ritable bouclier non occlusif sur la peau et aide \u00e0 la r\u00e9parer. Efficace d\u00e8s la 1\u00e8re application.<\/p>\n<h2>CONSEILS D\u2019UTILISATION<\/h2>\n<p>A utiliser de mani\u00e8re pr\u00e9ventive ou en p\u00e9riode de crise.<br \/>\n S\u2019applique en couche \u00e9paisse sur une peau parfaitement propre et s\u00e8che apr\u00e8s chaque change.<\/p>\n<\/p><\/div>\n","protected":false},"excerpt":{"rendered":"<p>Highlights:Pr\u00e9vention et soin des rougeurs du si\u00e8ge<\/p>","protected":false},"featured_media":9920,"comment_status":"open","ping_status":"closed","template":"","meta":[],"product_cat":[87],"product_tag":[],"yith_product_brand":[133],"class_list":{"0":"post-9847","1":"product","2":"type-product","3":"status-publish","4":"has-post-thumbnail","6":"product_cat-bebe-et-maman","7":"yith_product_brand-uriage","9":"first","10":"instock","11":"sale","12":"shipping-taxable","13":"purchasable","14":"product-type-simple"},"_links":{"self":[{"href":"https:\/\/parapharmacieenligne.ma\/en\/wp-json\/wp\/v2\/product\/9847","targetHints":{"allow":["GET"]}}],"collection":[{"href":"https:\/\/parapharmacieenligne.ma\/en\/wp-json\/wp\/v2\/product"}],"about":[{"href":"https:\/\/parapharmacieenligne.ma\/en\/wp-json\/wp\/v2\/types\/product"}],"replies":[{"embeddable":true,"href":"https:\/\/parapharmacieenligne.ma\/en\/wp-json\/wp\/v2\/comments?post=9847"}],"version-history":[{"count":1,"href":"https:\/\/parapharmacieenligne.ma\/en\/wp-json\/wp\/v2\/product\/9847\/revisions"}],"predecessor-version":[{"id":9921,"href":"https:\/\/parapharmacieenligne.ma\/en\/wp-json\/wp\/v2\/product\/9847\/revisions\/9921"}],"wp:featuredmedia":[{"embeddable":true,"href":"https:\/\/parapharmacieenligne.ma\/en\/wp-json\/wp\/v2\/media\/9920"}],"wp:attachment":[{"href":"https:\/\/parapharmacieenligne.ma\/en\/wp-json\/wp\/v2\/media?parent=9847"}],"wp:term":[{"taxonomy":"product_cat","embeddable":true,"href":"https:\/\/parapharmacieenligne.ma\/en\/wp-json\/wp\/v2\/product_cat?post=9847"},{"taxonomy":"product_tag","embeddable":true,"href":"https:\/\/parapharmacieenligne.ma\/en\/wp-json\/wp\/v2\/product_tag?post=9847"},{"taxonomy":"yith_product_brand","embeddable":true,"href":"https:\/\/parapharmacieenligne.ma\/en\/wp-json\/wp\/v2\/yith_product_brand?post=9847"}],"curies":[{"name":"wp","href":"https:\/\/api.w.org\/{rel}","templated":true}]}}