{"id":9850,"date":"2026-01-26T17:08:48","date_gmt":"2026-01-26T16:08:48","guid":{"rendered":"https:\/\/parapharmacieenligne.ma\/?post_type=product&#038;p=9850"},"modified":"2026-01-26T17:11:01","modified_gmt":"2026-01-26T16:11:01","slug":"uriage-hyseac-k-18-40-ml","status":"publish","type":"product","link":"https:\/\/parapharmacieenligne.ma\/en\/product\/uriage-hyseac-k-18-40-ml\/","title":{"rendered":"Uriage Hyseac K 18 40 Ml"},"content":{"rendered":"<div aria-labelledby=\"tab-title-description\" class=\"woocommerce-Tabs-panel woocommerce-Tabs-panel--description panel entry-content wc-tab\" id=\"tab-description\" role=\"tabpanel\" style=\"\">\n<h2>Description<\/h2>\n<p>Probl\u00e9matique sp\u00e9cifique<br \/>\n Acn\u00e9 r\u00e9tentionnelle<br \/>\n Microkystes \u2013 com\u00e9dons \u2013 pores dilat\u00e9s<br \/>\n Peau \u00e9paisse, teint brouill\u00e9<\/p>\n<p>B\u00e9n\u00e9fice produit<br \/>\n Cette \u00e9mulsion l\u00e9g\u00e8re, d\u00e9licatement parfum\u00e9e, resserre et d\u00e9sobstrue les pores pour une peau plus nette, d\u00e9barrass\u00e9e de ses imperfections.<\/p>\n<p>D\u00e9sincruste<br \/>\n Il d\u00e9sincruste efficacement les pores et limite l\u2019apparition de nouvelles imperfections gr\u00e2ce \u00e0 un complexe d\u2019AHA + BHA tr\u00e8s bien tol\u00e9r\u00e9.<\/p>\n<p>Affine le grain de peau<br \/>\n Il lisse significativement le grain de peau et resserre les pores.<\/p>\n<p>Matifie<br \/>\n Il limite l\u2019exc\u00e8s de s\u00e9bum, source de nouvelles imperfections gr\u00e2ce \u00e0 l\u2019extrait de Licorice.<\/p>\n<p>Caract\u00e9ristiques<br \/>\n Eau Thermale d\u2019Uriage<br \/>\n Complexe AHA et BHA<br \/>\n Extrait de Licorice<br \/>\n Piroctone Olamine<br \/>\n Agent matifiant<br \/>\n Test\u00e9 sous contr\u00f4le dermatologique<br \/>\n Non com\u00e9dog\u00e8ne<\/p>\n<p>Conseil d\u2019utilisation<br \/>\n Appliquer une \u00e0 deux fois par jour sur une peau parfaitement nettoy\u00e9e (avec HYS\u00c9AC Gel Nettoyant) et s\u00e9ch\u00e9e.<br \/>\n Eviter le contour des yeux.<br \/>\n Lors d\u2019une exposition solaire, utiliser HYS\u00c9AC Fluide SPF50+<\/p>\n<\/p><\/div>","protected":false},"excerpt":{"rendered":"<p>Highlights:Soin d\u00e9sincrustant permet la r\u00e9duction importante des points noirsGrain de peau affin\u00e9Plus de matit\u00e9 \/ Plus d\u2019\u00e9clat<\/p>","protected":false},"featured_media":9933,"comment_status":"open","ping_status":"closed","template":"","meta":[],"product_cat":[83],"product_tag":[],"yith_product_brand":[133],"class_list":{"0":"post-9850","1":"product","2":"type-product","3":"status-publish","4":"has-post-thumbnail","6":"product_cat-soins-visage","7":"yith_product_brand-uriage","9":"first","10":"instock","11":"sale","12":"shipping-taxable","13":"purchasable","14":"product-type-simple"},"_links":{"self":[{"href":"https:\/\/parapharmacieenligne.ma\/en\/wp-json\/wp\/v2\/product\/9850","targetHints":{"allow":["GET"]}}],"collection":[{"href":"https:\/\/parapharmacieenligne.ma\/en\/wp-json\/wp\/v2\/product"}],"about":[{"href":"https:\/\/parapharmacieenligne.ma\/en\/wp-json\/wp\/v2\/types\/product"}],"replies":[{"embeddable":true,"href":"https:\/\/parapharmacieenligne.ma\/en\/wp-json\/wp\/v2\/comments?post=9850"}],"version-history":[{"count":1,"href":"https:\/\/parapharmacieenligne.ma\/en\/wp-json\/wp\/v2\/product\/9850\/revisions"}],"predecessor-version":[{"id":9934,"href":"https:\/\/parapharmacieenligne.ma\/en\/wp-json\/wp\/v2\/product\/9850\/revisions\/9934"}],"wp:featuredmedia":[{"embeddable":true,"href":"https:\/\/parapharmacieenligne.ma\/en\/wp-json\/wp\/v2\/media\/9933"}],"wp:attachment":[{"href":"https:\/\/parapharmacieenligne.ma\/en\/wp-json\/wp\/v2\/media?parent=9850"}],"wp:term":[{"taxonomy":"product_cat","embeddable":true,"href":"https:\/\/parapharmacieenligne.ma\/en\/wp-json\/wp\/v2\/product_cat?post=9850"},{"taxonomy":"product_tag","embeddable":true,"href":"https:\/\/parapharmacieenligne.ma\/en\/wp-json\/wp\/v2\/product_tag?post=9850"},{"taxonomy":"yith_product_brand","embeddable":true,"href":"https:\/\/parapharmacieenligne.ma\/en\/wp-json\/wp\/v2\/yith_product_brand?post=9850"}],"curies":[{"name":"wp","href":"https:\/\/api.w.org\/{rel}","templated":true}]}}