{"id":9852,"date":"2026-01-26T17:08:49","date_gmt":"2026-01-26T16:08:49","guid":{"rendered":"https:\/\/parapharmacieenligne.ma\/?post_type=product&#038;p=9852"},"modified":"2026-01-26T17:11:08","modified_gmt":"2026-01-26T16:11:08","slug":"uriage-hyseac-3-regul-teinte-spf50-40-ml","status":"publish","type":"product","link":"https:\/\/parapharmacieenligne.ma\/en\/product\/uriage-hyseac-3-regul-teinte-spf50-40-ml\/","title":{"rendered":"Uriage \u2013 Hys\u00e9ac \u2013 3-Regul Teint\u00e9 SPF50+ \u2013 40 ml"},"content":{"rendered":"<div aria-labelledby=\"tab-title-description\" class=\"woocommerce-Tabs-panel woocommerce-Tabs-panel--description panel entry-content wc-tab\" id=\"tab-description\" role=\"tabpanel\" style=\"\">\n<h2>Description<\/h2>\n<p>Probl\u00e9matique sp\u00e9cifique<br \/>\n Soins peaux mixtes<\/p>\n<p>B\u00e9n\u00e9fice produit<br \/>\n Ce soin global \u00ab tout en un \u00bb r\u00e9duit l\u2019apparence des imperfections cutan\u00e9es (boutons, points noirs), unifie naturellement le teint et limite l\u2019apparition des marques li\u00e9es au soleil.<\/p>\n<p>LIMITE VISIBLEMENT LES IMPERFECTIONS<br \/>\n Ce soin limite les boutons et les points noirs gr\u00e2ce \u00e0 un complexe d\u2019actifs brevet\u00e9s associ\u00e9 \u00e0 l\u2019Eau Thermale d\u2019Uriage.<\/p>\n<p>PROT\u00c8GE<br \/>\n Le complexe de filtres UVA-UVB apporte une tr\u00e8s haute protection solaire pour prot\u00e9ger les peaux grasses \u00e0 imperfections et pr\u00e9venir l\u2019apparition des marques li\u00e9es au soleil.<\/p>\n<p>MATIFIE ET UNIFIE LE TEINT<br \/>\n Sa formule teint\u00e9e haute couvrance unifie naturellement le teint et masque les boutons, apportant un fini poudr\u00e9 et un effet anti-brillance. Sa formule \u00e0 l\u2019\u2019extrait de licorice limite l\u2019exc\u00e8s de s\u00e9bum pour un teint matifi\u00e9 durablement.<\/p>\n<p>Caract\u00e9ristiques<br \/>\n Eau Thermale d\u2019Uriage \u2014 Complexe de filtres UVA-UVB \u2014 3 brevets Uriage : MPA-Regul, TLR2-Regul et Licorice \u2014 Poudres matifiantes \u2014 Non com\u00e9dog\u00e8ne \/ Oil-free<\/p>\n<p>Conseil d\u2019utilisation<br \/>\n Appliquer le matin sur le visage parfaitement nettoy\u00e9 et s\u00e9ch\u00e9.<br \/>\n \u00c9viter le contact avec les yeux.<br \/>\n Test\u00e9 sur des volontaires ayant une peau grasse \u00e0 imperfections.<br \/>\n Usage quotidien.<\/p>\n<\/p><\/div>","protected":false},"excerpt":{"rendered":"<p>Highlights:Soin global teint\u00e9 SPF50+<\/p>","protected":false},"featured_media":9937,"comment_status":"open","ping_status":"closed","template":"","meta":[],"product_cat":[86],"product_tag":[],"yith_product_brand":[133],"class_list":{"0":"post-9852","1":"product","2":"type-product","3":"status-publish","4":"has-post-thumbnail","6":"product_cat-protection-solaire","7":"yith_product_brand-uriage","9":"first","10":"instock","11":"sale","12":"shipping-taxable","13":"purchasable","14":"product-type-simple"},"_links":{"self":[{"href":"https:\/\/parapharmacieenligne.ma\/en\/wp-json\/wp\/v2\/product\/9852","targetHints":{"allow":["GET"]}}],"collection":[{"href":"https:\/\/parapharmacieenligne.ma\/en\/wp-json\/wp\/v2\/product"}],"about":[{"href":"https:\/\/parapharmacieenligne.ma\/en\/wp-json\/wp\/v2\/types\/product"}],"replies":[{"embeddable":true,"href":"https:\/\/parapharmacieenligne.ma\/en\/wp-json\/wp\/v2\/comments?post=9852"}],"version-history":[{"count":1,"href":"https:\/\/parapharmacieenligne.ma\/en\/wp-json\/wp\/v2\/product\/9852\/revisions"}],"predecessor-version":[{"id":9938,"href":"https:\/\/parapharmacieenligne.ma\/en\/wp-json\/wp\/v2\/product\/9852\/revisions\/9938"}],"wp:featuredmedia":[{"embeddable":true,"href":"https:\/\/parapharmacieenligne.ma\/en\/wp-json\/wp\/v2\/media\/9937"}],"wp:attachment":[{"href":"https:\/\/parapharmacieenligne.ma\/en\/wp-json\/wp\/v2\/media?parent=9852"}],"wp:term":[{"taxonomy":"product_cat","embeddable":true,"href":"https:\/\/parapharmacieenligne.ma\/en\/wp-json\/wp\/v2\/product_cat?post=9852"},{"taxonomy":"product_tag","embeddable":true,"href":"https:\/\/parapharmacieenligne.ma\/en\/wp-json\/wp\/v2\/product_tag?post=9852"},{"taxonomy":"yith_product_brand","embeddable":true,"href":"https:\/\/parapharmacieenligne.ma\/en\/wp-json\/wp\/v2\/yith_product_brand?post=9852"}],"curies":[{"name":"wp","href":"https:\/\/api.w.org\/{rel}","templated":true}]}}