{"id":9867,"date":"2026-01-26T17:09:21","date_gmt":"2026-01-26T16:09:21","guid":{"rendered":"https:\/\/parapharmacieenligne.ma\/?post_type=product&#038;p=9867"},"modified":"2026-01-26T17:11:14","modified_gmt":"2026-01-26T16:11:14","slug":"uriage-xemose-baume-oleoapaisant-200ml-huile-lavante-200ml-offerte","status":"publish","type":"product","link":"https:\/\/parapharmacieenligne.ma\/en\/product\/uriage-xemose-baume-oleoapaisant-200ml-huile-lavante-200ml-offerte\/","title":{"rendered":"Uriage Xemose Baume Oleoapaisant 200ml + Huile Lavante 200ml OFFERTE"},"content":{"rendered":"<div aria-labelledby=\"tab-title-description\" class=\"woocommerce-Tabs-panel woocommerce-Tabs-panel--description panel entry-content wc-tab\" id=\"tab-description\" role=\"tabpanel\" style=\"\">\n<h2>Description<\/h2>\n<p>Le produit id\u00e9al des peaux s\u00e8ches \u00e0 tendance \u00e0 l\u2019ecz\u00e9ma atopique. Ce baume iconique, nourrissant et protecteur apaise imm\u00e9diatement les sensations de d\u00e9mangeaisons et espace les pics de s\u00e9cheresse s\u00e9v\u00e8re. Dot\u00e9 d\u2019une texture in\u00e9dite \u00e0 transformation baume-en-huile, il laisse un film protecteur non-gras pour un confort longue dur\u00e9e.<\/p>\n<p>Les Laboratoires Dermatologiques d\u2019Uriage ont mis en lumi\u00e8re une nouvelle efficacit\u00e9 clinique \u00ab MICROBIOME PATENTED TECHNOLOGY \u00bb compos\u00e9e de 4 brevets, qui renforce les d\u00e9fenses de la barri\u00e8re du microbiome x3*.<\/p>\n<p>Une formule qui conserve toute son efficacit\u00e9 : apaise d\u00e8s la 1\u00e8re application et 48h anti-r\u00e9cidive**.<\/p>\n<p>Son complexe nutritif avec 10% de Beurre de Karit\u00e9 et avec de l\u2019huile d\u2019illip\u00e9 permet \u00e0 votre peau de retrouver confort et souplesse.<\/p>\n<p>Hypoallern\u00e9gique et non parfum\u00e9, il convient \u00e0 toute la famille. Test\u00e9 sous contr\u00f4le dermatologique.<\/p>\n<p>Test\u00e9 et approuv\u00e9 par l\u2019Association Fran\u00e7aise de l\u2019Ecz\u00e9ma.<\/p>\n<p><strong>Action anti-grattage durable<\/strong><br \/>\n Renforce la triple barri\u00e8re de la peau et espace les pics de s\u00e9cheresse pour apaiser durablement.<\/p>\n<p><strong>Nourrit intens\u00e9ment<\/strong><br \/>\n Sa formule enrichie en beurre de karit\u00e9 et huile d\u2019illip\u00e9 nourrit la peau en profondeur.<\/p>\n<p><strong>Renforce les d\u00e9fenses de la barri\u00e8re du microbiome X3*<\/strong><\/p>\n<\/p><\/div>","protected":false},"excerpt":{"rendered":"<p>Highlights:\u2022 R\u00c9PARATION* des mains irrit\u00e9es par le froid, les lavages r\u00e9p\u00e9t\u00e9s et l\u2019application fr\u00e9quente de solution hydroalcoolique. Le Sucralfate, actif original, favorise la r\u00e9paration de l\u2019\u00e9piderme.\u2022 APAISEMENT des irritations, sensations de br\u00fblure et tiraillements. Riche en Eau thermale d\u2019Av\u00e8ne, Cicalfate MAINS Cr\u00e8me r\u00e9paratrice isolante apaise rapidement les \u00e9pidermes fragilis\u00e9s.\u2022 ASSAINISSEMENT des ger\u00e7ures et irritations, gr\u00e2ce \u00e0 des agents antibact\u00e9riens, sulfates de cuivre et de zinc, qui limitent le risque de prolif\u00e9ration bact\u00e9rienne. Sans parfum, Cicalfate MAINS Cr\u00e8me r\u00e9paratrice isolante s\u2019applique et p\u00e9n\u00e8tre en un instant.<\/p>","protected":false},"featured_media":9939,"comment_status":"open","ping_status":"closed","template":"","meta":[],"product_cat":[85],"product_tag":[],"yith_product_brand":[133],"class_list":{"0":"post-9867","1":"product","2":"type-product","3":"status-publish","4":"has-post-thumbnail","6":"product_cat-soins-corps","7":"yith_product_brand-uriage","9":"first","10":"instock","11":"sale","12":"shipping-taxable","13":"purchasable","14":"product-type-simple"},"_links":{"self":[{"href":"https:\/\/parapharmacieenligne.ma\/en\/wp-json\/wp\/v2\/product\/9867","targetHints":{"allow":["GET"]}}],"collection":[{"href":"https:\/\/parapharmacieenligne.ma\/en\/wp-json\/wp\/v2\/product"}],"about":[{"href":"https:\/\/parapharmacieenligne.ma\/en\/wp-json\/wp\/v2\/types\/product"}],"replies":[{"embeddable":true,"href":"https:\/\/parapharmacieenligne.ma\/en\/wp-json\/wp\/v2\/comments?post=9867"}],"version-history":[{"count":1,"href":"https:\/\/parapharmacieenligne.ma\/en\/wp-json\/wp\/v2\/product\/9867\/revisions"}],"predecessor-version":[{"id":9940,"href":"https:\/\/parapharmacieenligne.ma\/en\/wp-json\/wp\/v2\/product\/9867\/revisions\/9940"}],"wp:featuredmedia":[{"embeddable":true,"href":"https:\/\/parapharmacieenligne.ma\/en\/wp-json\/wp\/v2\/media\/9939"}],"wp:attachment":[{"href":"https:\/\/parapharmacieenligne.ma\/en\/wp-json\/wp\/v2\/media?parent=9867"}],"wp:term":[{"taxonomy":"product_cat","embeddable":true,"href":"https:\/\/parapharmacieenligne.ma\/en\/wp-json\/wp\/v2\/product_cat?post=9867"},{"taxonomy":"product_tag","embeddable":true,"href":"https:\/\/parapharmacieenligne.ma\/en\/wp-json\/wp\/v2\/product_tag?post=9867"},{"taxonomy":"yith_product_brand","embeddable":true,"href":"https:\/\/parapharmacieenligne.ma\/en\/wp-json\/wp\/v2\/yith_product_brand?post=9867"}],"curies":[{"name":"wp","href":"https:\/\/api.w.org\/{rel}","templated":true}]}}