{"id":9869,"date":"2026-01-26T17:09:23","date_gmt":"2026-01-26T16:09:23","guid":{"rendered":"https:\/\/parapharmacieenligne.ma\/?post_type=product&#038;p=9869"},"modified":"2026-01-26T17:11:37","modified_gmt":"2026-01-26T16:11:37","slug":"uriage-hyseac-spf50-50ml-eau-thermale-50ml-pack","status":"publish","type":"product","link":"https:\/\/parapharmacieenligne.ma\/en\/product\/uriage-hyseac-spf50-50ml-eau-thermale-50ml-pack\/","title":{"rendered":"Uriage Hyseac Spf50 50ml + Eau thermale 50ml pack"},"content":{"rendered":"<div aria-labelledby=\"tab-title-description\" class=\"woocommerce-Tabs-panel woocommerce-Tabs-panel--description panel entry-content wc-tab\" id=\"tab-description\" role=\"tabpanel\" style=\"\">\n<h2>Description<\/h2>\n<div class=\"c-product__intro u-intro\">\n<p> Il dispose d\u2019une tr\u00e8s haute protection UVA-UVB gr\u00e2ce \u00e0 un complexe filtrant ultra\u2013performant. Sa texture est non collante et non grasse.<\/p>\n<\/p><\/div>\n<div class=\"c-product__description c-content\">\n<h2>Hydrate<\/h2>\n<p>Tr\u00e8s hydratant, il d\u00e9tient des actfifs limitant la d\u00e9shydratation.<\/p>\n<h2>Matifie<\/h2>\n<p>Il apporte un effet matifiant durable gr\u00e2ce \u00e0 l\u2019extrait de Licorice qui limite l\u2019exc\u00e8s de s\u00e9bum et pr\u00e9vient ainsi l\u2019apparition de nouvelles imperfections.<\/p>\n<\/p><\/div>\n<\/p><\/div>","protected":false},"excerpt":{"rendered":"<p>Highlights:Le Fluide HYS\u00c9AC SPF50+ associe une protection solaire efficace aux propri\u00e9t\u00e9s adapt\u00e9es aux peaux mixtes \u00e0 grasses.<\/p>","protected":false},"featured_media":9948,"comment_status":"open","ping_status":"closed","template":"","meta":[],"product_cat":[86],"product_tag":[],"yith_product_brand":[133],"class_list":{"0":"post-9869","1":"product","2":"type-product","3":"status-publish","4":"has-post-thumbnail","6":"product_cat-protection-solaire","7":"yith_product_brand-uriage","9":"first","10":"instock","11":"sale","12":"shipping-taxable","13":"purchasable","14":"product-type-simple"},"_links":{"self":[{"href":"https:\/\/parapharmacieenligne.ma\/en\/wp-json\/wp\/v2\/product\/9869","targetHints":{"allow":["GET"]}}],"collection":[{"href":"https:\/\/parapharmacieenligne.ma\/en\/wp-json\/wp\/v2\/product"}],"about":[{"href":"https:\/\/parapharmacieenligne.ma\/en\/wp-json\/wp\/v2\/types\/product"}],"replies":[{"embeddable":true,"href":"https:\/\/parapharmacieenligne.ma\/en\/wp-json\/wp\/v2\/comments?post=9869"}],"version-history":[{"count":1,"href":"https:\/\/parapharmacieenligne.ma\/en\/wp-json\/wp\/v2\/product\/9869\/revisions"}],"predecessor-version":[{"id":9949,"href":"https:\/\/parapharmacieenligne.ma\/en\/wp-json\/wp\/v2\/product\/9869\/revisions\/9949"}],"wp:featuredmedia":[{"embeddable":true,"href":"https:\/\/parapharmacieenligne.ma\/en\/wp-json\/wp\/v2\/media\/9948"}],"wp:attachment":[{"href":"https:\/\/parapharmacieenligne.ma\/en\/wp-json\/wp\/v2\/media?parent=9869"}],"wp:term":[{"taxonomy":"product_cat","embeddable":true,"href":"https:\/\/parapharmacieenligne.ma\/en\/wp-json\/wp\/v2\/product_cat?post=9869"},{"taxonomy":"product_tag","embeddable":true,"href":"https:\/\/parapharmacieenligne.ma\/en\/wp-json\/wp\/v2\/product_tag?post=9869"},{"taxonomy":"yith_product_brand","embeddable":true,"href":"https:\/\/parapharmacieenligne.ma\/en\/wp-json\/wp\/v2\/yith_product_brand?post=9869"}],"curies":[{"name":"wp","href":"https:\/\/api.w.org\/{rel}","templated":true}]}}