{"id":9886,"date":"2026-01-26T17:09:50","date_gmt":"2026-01-26T16:09:50","guid":{"rendered":"https:\/\/parapharmacieenligne.ma\/?post_type=product&#038;p=9886"},"modified":"2026-01-26T17:11:59","modified_gmt":"2026-01-26T16:11:59","slug":"uriage-roseliane-fluide-dermo-nettoyant-250-ml","status":"publish","type":"product","link":"https:\/\/parapharmacieenligne.ma\/en\/product\/uriage-roseliane-fluide-dermo-nettoyant-250-ml\/","title":{"rendered":"Uriage \u2013 Ros\u00e9liane \u2013 Fluide Dermo-Nettoyant \u2013 250 ml"},"content":{"rendered":"<div aria-labelledby=\"tab-title-description\" class=\"woocommerce-Tabs-panel woocommerce-Tabs-panel--description panel entry-content wc-tab\" id=\"tab-description\" role=\"tabpanel\" style=\"\">\n<h2>Description<\/h2>\n<p>Probl\u00e9matique sp\u00e9cifique<br \/>\n Soins peaux sensibles \u00e0 rougeurs \u00e0 tendance couperosiques<\/p>\n<p>B\u00e9n\u00e9fice produit<br \/>\n La texture gel\u00e9e fluide unique du Dermo-Nettoyant, particuli\u00e8rement onctueuse, douce et rafraichissante, et au parfum d\u00e9licat nettoie et d\u00e9maquille votre peau sans que votre peau ne souffre de tiraillements. Votre peau retrouve confort et douceur d\u00e8s la 1\u00e8re utilisation.<\/p>\n<p>Nettoie<br \/>\n Les agents nettoyants \u00e9liminent toutes les impuret\u00e9s.<\/p>\n<p>D\u00e9maquille<br \/>\n Le fluide d\u00e9maquille le visage et les yeux sans qu\u2019il soit n\u00e9cessaire de rincer.<\/p>\n<p>Apaise<br \/>\n Enrichi en Eau Thermale d\u2019Uriage apaisante, il adoucit et rafra\u00eechit la peau gr\u00e2ce \u00e0 l\u2019action combin\u00e9e de plusieurs extraits v\u00e9g\u00e9taux rigoureusement s\u00e9lectionn\u00e9s.<\/p>\n<p>Caract\u00e9ristiques<br \/>\n Eau Thermale d\u2019Uriage \u2014 Huile d\u2019abricot \u2014 Huile de mauve \u2014 Huile de calendula \u2014 Test\u00e9 sous contr\u00f4le dermatologique<\/p>\n<p>Conseil d\u2019utilisation<br \/>\n Appliquez matin et soir avec un coton ou du bout des doigts en massages circulaires.<br \/>\n Passez d\u00e9licatement un tissu ou un coton pour retirer l\u2019exc\u00e9dent.<br \/>\n Ne pas rincer.<br \/>\n Pulv\u00e9risez ensuite une fine brume d\u2019Eau Thermale d\u2019Uriage.<\/p>\n<\/p><\/div>","protected":false},"excerpt":{"rendered":"<p>Highlights:Une action \u00e0 la fois nettoyante et d\u00e9congestionnanteAvec ou sans rin\u00e7age<\/p>","protected":false},"featured_media":9964,"comment_status":"open","ping_status":"closed","template":"","meta":[],"product_cat":[83],"product_tag":[],"yith_product_brand":[133],"class_list":{"0":"post-9886","1":"product","2":"type-product","3":"status-publish","4":"has-post-thumbnail","6":"product_cat-soins-visage","7":"yith_product_brand-uriage","9":"first","10":"instock","11":"sale","12":"shipping-taxable","13":"purchasable","14":"product-type-simple"},"_links":{"self":[{"href":"https:\/\/parapharmacieenligne.ma\/en\/wp-json\/wp\/v2\/product\/9886","targetHints":{"allow":["GET"]}}],"collection":[{"href":"https:\/\/parapharmacieenligne.ma\/en\/wp-json\/wp\/v2\/product"}],"about":[{"href":"https:\/\/parapharmacieenligne.ma\/en\/wp-json\/wp\/v2\/types\/product"}],"replies":[{"embeddable":true,"href":"https:\/\/parapharmacieenligne.ma\/en\/wp-json\/wp\/v2\/comments?post=9886"}],"version-history":[{"count":1,"href":"https:\/\/parapharmacieenligne.ma\/en\/wp-json\/wp\/v2\/product\/9886\/revisions"}],"predecessor-version":[{"id":9965,"href":"https:\/\/parapharmacieenligne.ma\/en\/wp-json\/wp\/v2\/product\/9886\/revisions\/9965"}],"wp:featuredmedia":[{"embeddable":true,"href":"https:\/\/parapharmacieenligne.ma\/en\/wp-json\/wp\/v2\/media\/9964"}],"wp:attachment":[{"href":"https:\/\/parapharmacieenligne.ma\/en\/wp-json\/wp\/v2\/media?parent=9886"}],"wp:term":[{"taxonomy":"product_cat","embeddable":true,"href":"https:\/\/parapharmacieenligne.ma\/en\/wp-json\/wp\/v2\/product_cat?post=9886"},{"taxonomy":"product_tag","embeddable":true,"href":"https:\/\/parapharmacieenligne.ma\/en\/wp-json\/wp\/v2\/product_tag?post=9886"},{"taxonomy":"yith_product_brand","embeddable":true,"href":"https:\/\/parapharmacieenligne.ma\/en\/wp-json\/wp\/v2\/yith_product_brand?post=9886"}],"curies":[{"name":"wp","href":"https:\/\/api.w.org\/{rel}","templated":true}]}}