{"id":9888,"date":"2026-01-26T17:09:50","date_gmt":"2026-01-26T16:09:50","guid":{"rendered":"https:\/\/parapharmacieenligne.ma\/?post_type=product&#038;p=9888"},"modified":"2026-01-26T17:12:04","modified_gmt":"2026-01-26T16:12:04","slug":"uriage-eau-thermale-serum-booster-masque-deau-nuit-50-pack","status":"publish","type":"product","link":"https:\/\/parapharmacieenligne.ma\/en\/product\/uriage-eau-thermale-serum-booster-masque-deau-nuit-50-pack\/","title":{"rendered":"Uriage Eau Thermale Serum Booster + Masque D\u2019eau Nuit -50% PACK"},"content":{"rendered":"<div aria-labelledby=\"tab-title-description\" class=\"woocommerce-Tabs-panel woocommerce-Tabs-panel--description panel entry-content wc-tab\" id=\"tab-description\" role=\"tabpanel\" style=\"\">\n<h2>Description<\/h2>\n<div class=\"c-product__intro u-intro\">\n<p>La gamme EAU THERMALE encapsule la puissance hydratante de l\u2019Eau Thermale d\u2019Uriage dans des soins dermatologiques experts et efficaces. Associ\u00e9e \u00e0 des actifs hydratants reconnus, elle revitalise toutes les peaux, m\u00eame les plus assoiff\u00e9es.<\/p>\n<p>Ce s\u00e9rum booster H.A contenant 1,5% d\u2019Acide Hyaluronique Pur et Naturel agit sur les signes de d\u00e9shydratation (ridules, inconfort, teint terne\u2026). Sa texture confortable et ultra-l\u00e9gere fond sur la peau pour restaurer les m\u00e9canismes naturels de l\u2019hydratation. A la cl\u00e9 [1 SHOT \u2013 3 RESULTATS], la peau est repulp\u00e9e, liss\u00e9e et hydrat\u00e9e. Il am\u00e9liore la qualit\u00e9 de la peau pour un v\u00e9ritable effet peau de p\u00eache.<\/p>\n<p>Actifs hydratants reconnus : [1,5% ACIDE HYALURONIQUE PUR &amp; NATUREL + EXTRAIT DE FLEUR DE GUIMAUVE + AQUAXYL]<\/p>\n<\/p><\/div>\n<div class=\"c-product__description c-content\">\n<p><strong>HYDRATE, REPULPE ET LISSE<\/strong><br \/>\n Le c\u0153ur de formule de ce s\u00e9rum est enrichi en Acide Hyaluronique pur &amp; naturel \u00e0 une concentration de 1,5%. Cet actif permet la formation d\u2019un film protecteur en surface. Les ridules de d\u00e9shydratation sont liss\u00e9es et la peau gagne en \u00e9clat et en douceur.<br \/>\n \u2022 Acide Hyaluronique de Moyen\/Bas Poids Mol\u00e9culaire : hydrate (en limitant la perte en eau), repulpe (via son effet \u00ab \u00e9ponge \u00bb qui immobilise de grandes quantit\u00e9s d\u2019eau).<br \/>\n \u2022 Acide Hyaluronique de Tr\u00e8s Bas Poids Mol\u00e9culaire : apporte tonicit\u00e9 et \u00e9lasticit\u00e9 \u00e0 la peau (\u00e0 travers la stimulation des fibroblastes qui sont \u00e0 l\u2019origine de la cr\u00e9ation naturelle d\u2019Acide Hyaluronique dans le derme).<\/p>\n<p><strong>RESTRUCTURE ET PROT\u00c8GE<\/strong><br \/>\n Sa formule enrichie en [Aquaxyl + Extrait de Fleur de Guimauve] permet de booster l\u2019hydratation des couches de la peau et la prot\u00e8ge des agressions ext\u00e9rieures. La peau est progressivement et durablement hydrat\u00e9e.<\/p>\n<p><strong>SENSORIALIT\u00c9<\/strong><br \/>\n Ce s\u00e9rum \u00e0 la texture enveloppante et confortable offre une application tr\u00e8s agr\u00e9able. Son parfum est la signature de la gamme EAU THERMALE : un parfum de bergamote et de p\u00eache avec une note de muguet sur un lit de c\u00e8dre.<\/p>\n<p><strong>HAUTE TOL\u00c9RANCE<\/strong><br \/>\n En plus d\u2019\u00eatre g\u00e9n\u00e9ratrice d\u2019hydratation, L\u2019Eau Thermale d\u2019Uriage adoucit et apaise toutes les peaux, m\u00eame les plus sensibles via une association de deux brevets exclusifs Uriage [LN Modul et Brevet Barri\u00e8re] : ils prot\u00e8gent et participent aux d\u00e9fenses naturelles de la peau.<br \/>\n <strong>D\u00c9MARCHE \u00c9CO-RESPONSABLE<\/strong><br \/>\n \u2022 FORMULE D\u2019ORIGINE NATURELLE<br \/>\n 97% d\u2019ingr\u00e9dients d\u2019origine naturelle<\/p>\n<p><strong>\u2022 EMBALLAGE<\/strong><br \/>\n Flacon en verre 100% recyclable \u00e0 l\u2019infini !<\/p>\n<p class=\"c-product__title u-h1\"><strong>EAU THERMALE \u2013 Masque d\u2019Eau de Nuit<\/strong><\/p>\n<p>Plongez votre peau dans un v\u00e9ritable \u00ab Bain Thermal \u00bb. La puissance hydratante de l\u2019Eau Thermale d\u2019Uriage dans un masque de nuit unique \u00e0 la texture eau g\u00e9lifi\u00e9e ultra-l\u00e9g\u00e8re. La peau est repos\u00e9e, comme \u00ab 8h de sommeil \u00bb : grain de peau liss\u00e9, peau pleinement hydrat\u00e9e, souple et douce, pour un teint ultra-frais.<\/p>\n<\/p><\/div>\n<\/p><\/div>\n","protected":false},"excerpt":{"rendered":"<p>Highlights:Uriage Ce s\u00e9rum booster H.A :enrichi de 1,5% d\u2019Acide Hyaluronique Pur et Naturel, hydrate, repulpe et lisse les peaux assoiff\u00e9es. Combinant l\u2019Acide Hyaluronique \u00e0 l\u2019extrait de Fleur de Guimauve et Aquaxyl, il am\u00e9liore durablement l\u2019\u00e9lasticit\u00e9 et la douceur de la peau. Formul\u00e9 avec 97% d\u2019ingr\u00e9dients d\u2019origine naturelle, ce s\u00e9rum offre une texture enveloppante au parfum frais de bergamote et de p\u00eache. \u00c9cologique, son flacon est en verre recyclable.Masque d\u2019Eau de Nuit :V\u00e9ritable bain thermal nocturne pour la peau, ce masque gel ultra-l\u00e9ger hydrate intens\u00e9ment pour un effet peau repos\u00e9e, douce et \u00e9clatante au r\u00e9veil, comme apr\u00e8s une nuit compl\u00e8te de sommeil.<\/p>","protected":false},"featured_media":9968,"comment_status":"open","ping_status":"closed","template":"","meta":[],"product_cat":[83],"product_tag":[],"yith_product_brand":[133],"class_list":{"0":"post-9888","1":"product","2":"type-product","3":"status-publish","4":"has-post-thumbnail","6":"product_cat-soins-visage","7":"yith_product_brand-uriage","9":"first","10":"instock","11":"sale","12":"shipping-taxable","13":"purchasable","14":"product-type-simple"},"_links":{"self":[{"href":"https:\/\/parapharmacieenligne.ma\/en\/wp-json\/wp\/v2\/product\/9888","targetHints":{"allow":["GET"]}}],"collection":[{"href":"https:\/\/parapharmacieenligne.ma\/en\/wp-json\/wp\/v2\/product"}],"about":[{"href":"https:\/\/parapharmacieenligne.ma\/en\/wp-json\/wp\/v2\/types\/product"}],"replies":[{"embeddable":true,"href":"https:\/\/parapharmacieenligne.ma\/en\/wp-json\/wp\/v2\/comments?post=9888"}],"version-history":[{"count":1,"href":"https:\/\/parapharmacieenligne.ma\/en\/wp-json\/wp\/v2\/product\/9888\/revisions"}],"predecessor-version":[{"id":9969,"href":"https:\/\/parapharmacieenligne.ma\/en\/wp-json\/wp\/v2\/product\/9888\/revisions\/9969"}],"wp:featuredmedia":[{"embeddable":true,"href":"https:\/\/parapharmacieenligne.ma\/en\/wp-json\/wp\/v2\/media\/9968"}],"wp:attachment":[{"href":"https:\/\/parapharmacieenligne.ma\/en\/wp-json\/wp\/v2\/media?parent=9888"}],"wp:term":[{"taxonomy":"product_cat","embeddable":true,"href":"https:\/\/parapharmacieenligne.ma\/en\/wp-json\/wp\/v2\/product_cat?post=9888"},{"taxonomy":"product_tag","embeddable":true,"href":"https:\/\/parapharmacieenligne.ma\/en\/wp-json\/wp\/v2\/product_tag?post=9888"},{"taxonomy":"yith_product_brand","embeddable":true,"href":"https:\/\/parapharmacieenligne.ma\/en\/wp-json\/wp\/v2\/yith_product_brand?post=9888"}],"curies":[{"name":"wp","href":"https:\/\/api.w.org\/{rel}","templated":true}]}}