{"id":9890,"date":"2026-01-26T17:09:52","date_gmt":"2026-01-26T16:09:52","guid":{"rendered":"https:\/\/parapharmacieenligne.ma\/?post_type=product&#038;p=9890"},"modified":"2026-01-26T17:12:17","modified_gmt":"2026-01-26T16:12:17","slug":"uriage-bebe-1er-liniment-oleothermal-500-ml","status":"publish","type":"product","link":"https:\/\/parapharmacieenligne.ma\/en\/product\/uriage-bebe-1er-liniment-oleothermal-500-ml\/","title":{"rendered":"Uriage B\u00e9b\u00e9 \u2013 1er Liniment Ol\u00e9othermal \u2013 500 ml"},"content":{"rendered":"<div aria-labelledby=\"tab-title-description\" class=\"woocommerce-Tabs-panel woocommerce-Tabs-panel--description panel entry-content wc-tab\" id=\"tab-description\" role=\"tabpanel\" style=\"\">\n<h2>Description<\/h2>\n<p>NETTOIE<br \/>\n Sa formule nettoie et \u00e9limine toutes les impuret\u00e9s en douceur.<\/p>\n<p>APAISE<br \/>\n Enrichie en Eau thermale d\u2019Uriage (30%) naturellement apaisante, ce soin apporte confort et hydratation d\u00e8s la premi\u00e8re application.<\/p>\n<p>PROTEGE<br \/>\n Enrichi en huiles v\u00e9g\u00e9tales de tournesol, lin et meadowfoam, ce liniment cr\u00e9\u00e9 un film protecteur et isolant sur la surface de la peau pour prot\u00e9ger le si\u00e8ge.<\/p>\n<h3>CONSEILS D\u2019UTILISATION :<\/h3>\n<p>Appliquer avec un coton et nettoyer en douceur. Inutile de rincer<\/p>\n<\/p><\/div>","protected":false},"excerpt":{"rendered":"<p>Highlights:V\u00e9ritable produit \u00ab 2 en 1 \u00bb nettoyant et protecteur du si\u00e8ge<\/p>","protected":false},"featured_media":9972,"comment_status":"open","ping_status":"closed","template":"","meta":[],"product_cat":[87],"product_tag":[],"yith_product_brand":[133],"class_list":{"0":"post-9890","1":"product","2":"type-product","3":"status-publish","4":"has-post-thumbnail","6":"product_cat-bebe-et-maman","7":"yith_product_brand-uriage","9":"first","10":"instock","11":"sale","12":"shipping-taxable","13":"purchasable","14":"product-type-simple"},"_links":{"self":[{"href":"https:\/\/parapharmacieenligne.ma\/en\/wp-json\/wp\/v2\/product\/9890","targetHints":{"allow":["GET"]}}],"collection":[{"href":"https:\/\/parapharmacieenligne.ma\/en\/wp-json\/wp\/v2\/product"}],"about":[{"href":"https:\/\/parapharmacieenligne.ma\/en\/wp-json\/wp\/v2\/types\/product"}],"replies":[{"embeddable":true,"href":"https:\/\/parapharmacieenligne.ma\/en\/wp-json\/wp\/v2\/comments?post=9890"}],"version-history":[{"count":1,"href":"https:\/\/parapharmacieenligne.ma\/en\/wp-json\/wp\/v2\/product\/9890\/revisions"}],"predecessor-version":[{"id":9973,"href":"https:\/\/parapharmacieenligne.ma\/en\/wp-json\/wp\/v2\/product\/9890\/revisions\/9973"}],"wp:featuredmedia":[{"embeddable":true,"href":"https:\/\/parapharmacieenligne.ma\/en\/wp-json\/wp\/v2\/media\/9972"}],"wp:attachment":[{"href":"https:\/\/parapharmacieenligne.ma\/en\/wp-json\/wp\/v2\/media?parent=9890"}],"wp:term":[{"taxonomy":"product_cat","embeddable":true,"href":"https:\/\/parapharmacieenligne.ma\/en\/wp-json\/wp\/v2\/product_cat?post=9890"},{"taxonomy":"product_tag","embeddable":true,"href":"https:\/\/parapharmacieenligne.ma\/en\/wp-json\/wp\/v2\/product_tag?post=9890"},{"taxonomy":"yith_product_brand","embeddable":true,"href":"https:\/\/parapharmacieenligne.ma\/en\/wp-json\/wp\/v2\/yith_product_brand?post=9890"}],"curies":[{"name":"wp","href":"https:\/\/api.w.org\/{rel}","templated":true}]}}