{"id":9904,"date":"2026-01-26T17:10:17","date_gmt":"2026-01-26T16:10:17","guid":{"rendered":"https:\/\/parapharmacieenligne.ma\/?post_type=product&#038;p=9904"},"modified":"2026-01-26T17:12:30","modified_gmt":"2026-01-26T16:12:30","slug":"uriage-pain-surgras-100g","status":"publish","type":"product","link":"https:\/\/parapharmacieenligne.ma\/en\/product\/uriage-pain-surgras-100g\/","title":{"rendered":"URIAGE PAIN SURGRAS 100G"},"content":{"rendered":"<div aria-labelledby=\"tab-title-description\" class=\"woocommerce-Tabs-panel woocommerce-Tabs-panel--description panel entry-content wc-tab\" id=\"tab-description\" role=\"tabpanel\" style=\"\">\n<h2>Description<\/h2>\n<div class=\"c-product__intro u-intro\">D\u00e9licatement parfum\u00e9, ce pain dermatologique nettoie la peau sans la dess\u00e9cher, en pr\u00e9servant le film hydrolipidique. Le Pain Surgras laisse la peau propre et douce.<\/div>\n<div class=\"c-product__description c-content\">\n<ul>\n<li>Nettoie : <span style=\"font-size: 1rem\">Sa base lavante douce sans savon \u00e9limine toutes les impuret\u00e9s en douceur.<\/span><\/li>\n<li>Nourrit : <span style=\"font-size: 1rem\">Gr\u00e2ce \u00e0 l\u2019extrait de Beurre d\u2019Illip\u00e9, le pain respecte parfaitement l\u2019\u00e9quilibre cutan\u00e9 et compense les effets dess\u00e9chants de l\u2019eau calcaire.<\/span><\/li>\n<\/ul>\n<p><strong>Conseils d\u2019utilisation :<\/strong><br \/>\n A utiliser quotidiennement.<\/p>\n<\/p><\/div>\n<\/p><\/div>","protected":false},"excerpt":{"rendered":"<p>Highlights:ID\u00c9AL POURVisage, Corps<\/p>","protected":false},"featured_media":9981,"comment_status":"open","ping_status":"closed","template":"","meta":[],"product_cat":[85],"product_tag":[],"yith_product_brand":[133],"class_list":{"0":"post-9904","1":"product","2":"type-product","3":"status-publish","4":"has-post-thumbnail","6":"product_cat-soins-corps","7":"yith_product_brand-uriage","9":"first","10":"instock","11":"sale","12":"shipping-taxable","13":"purchasable","14":"product-type-simple"},"_links":{"self":[{"href":"https:\/\/parapharmacieenligne.ma\/en\/wp-json\/wp\/v2\/product\/9904","targetHints":{"allow":["GET"]}}],"collection":[{"href":"https:\/\/parapharmacieenligne.ma\/en\/wp-json\/wp\/v2\/product"}],"about":[{"href":"https:\/\/parapharmacieenligne.ma\/en\/wp-json\/wp\/v2\/types\/product"}],"replies":[{"embeddable":true,"href":"https:\/\/parapharmacieenligne.ma\/en\/wp-json\/wp\/v2\/comments?post=9904"}],"version-history":[{"count":1,"href":"https:\/\/parapharmacieenligne.ma\/en\/wp-json\/wp\/v2\/product\/9904\/revisions"}],"predecessor-version":[{"id":9982,"href":"https:\/\/parapharmacieenligne.ma\/en\/wp-json\/wp\/v2\/product\/9904\/revisions\/9982"}],"wp:featuredmedia":[{"embeddable":true,"href":"https:\/\/parapharmacieenligne.ma\/en\/wp-json\/wp\/v2\/media\/9981"}],"wp:attachment":[{"href":"https:\/\/parapharmacieenligne.ma\/en\/wp-json\/wp\/v2\/media?parent=9904"}],"wp:term":[{"taxonomy":"product_cat","embeddable":true,"href":"https:\/\/parapharmacieenligne.ma\/en\/wp-json\/wp\/v2\/product_cat?post=9904"},{"taxonomy":"product_tag","embeddable":true,"href":"https:\/\/parapharmacieenligne.ma\/en\/wp-json\/wp\/v2\/product_tag?post=9904"},{"taxonomy":"yith_product_brand","embeddable":true,"href":"https:\/\/parapharmacieenligne.ma\/en\/wp-json\/wp\/v2\/yith_product_brand?post=9904"}],"curies":[{"name":"wp","href":"https:\/\/api.w.org\/{rel}","templated":true}]}}