{"id":9905,"date":"2026-01-26T17:10:19","date_gmt":"2026-01-26T16:10:19","guid":{"rendered":"https:\/\/parapharmacieenligne.ma\/?post_type=product&#038;p=9905"},"modified":"2026-01-26T17:12:33","modified_gmt":"2026-01-26T16:12:33","slug":"uriage-eau-thermale-creme-deau-mains-50ml","status":"publish","type":"product","link":"https:\/\/parapharmacieenligne.ma\/en\/product\/uriage-eau-thermale-creme-deau-mains-50ml\/","title":{"rendered":"Uriage Eau thermale Creme d\u2019eau Mains 50ml"},"content":{"rendered":"<div aria-labelledby=\"tab-title-description\" class=\"woocommerce-Tabs-panel woocommerce-Tabs-panel--description panel entry-content wc-tab\" id=\"tab-description\" role=\"tabpanel\" style=\"\">\n<h2>Description<\/h2>\n<p>Cette cr\u00e8me pour les mains est un soin ultra-\u00e9mollient enrichi en Eau Thermale d\u2019Uriage pour former un \u00ab gant invisible \u00bb et protecteur sur les mains, v\u00e9ritable bouclier contre les agressions climatiques. Cette cr\u00e8me apporte douceur et confort aux mains s\u00e8ches et fragilis\u00e9es. Les ongles semblent fortifi\u00e9s pour des mains souples et confortables.<\/p>\n<p><strong>Apaise<\/strong><br \/>\n Enrichie en Eau Thermale d\u2019Uriage aux propri\u00e9t\u00e9s apaisantes, la peau est apais\u00e9e.<\/p>\n<p><strong>Hydrate<\/strong><br \/>\n La formule hydrate l\u2019\u00e9piderme dess\u00e9ch\u00e9.<\/p>\n<p><strong>Nourrit et prot\u00e8ge<\/strong><br \/>\n Le Beurre de Karit\u00e9, agent nourrissant et adoucissant, redonne un confort optimal aux mains.<\/p>\n<p><strong>Conseils d\u2019utilisation :<\/strong><\/p>\n<div class=\"c-product__part c-product__advice\">\n<div class=\"c-content\">\n<p>Appliquer aussi souvent que n\u00e9cessaire sur les mains.<\/p>\n<\/p><\/div>\n<div class=\"c-product__help\"><\/div>\n<\/p><\/div>\n<div class=\"c-product__part c-product__composition\"><\/div>\n<\/p><\/div>","protected":false},"excerpt":{"rendered":"<p>Highlights:CR\u00c8ME HYDRATANTE PROTECTRICE(Soins peaux s\u00e8ches, Soins peaux normales \u00e0 s\u00e8ches)<\/p>","protected":false},"featured_media":9983,"comment_status":"open","ping_status":"closed","template":"","meta":[],"product_cat":[85],"product_tag":[],"yith_product_brand":[133],"class_list":{"0":"post-9905","1":"product","2":"type-product","3":"status-publish","4":"has-post-thumbnail","6":"product_cat-soins-corps","7":"yith_product_brand-uriage","9":"first","10":"instock","11":"sale","12":"shipping-taxable","13":"purchasable","14":"product-type-simple"},"_links":{"self":[{"href":"https:\/\/parapharmacieenligne.ma\/en\/wp-json\/wp\/v2\/product\/9905","targetHints":{"allow":["GET"]}}],"collection":[{"href":"https:\/\/parapharmacieenligne.ma\/en\/wp-json\/wp\/v2\/product"}],"about":[{"href":"https:\/\/parapharmacieenligne.ma\/en\/wp-json\/wp\/v2\/types\/product"}],"replies":[{"embeddable":true,"href":"https:\/\/parapharmacieenligne.ma\/en\/wp-json\/wp\/v2\/comments?post=9905"}],"version-history":[{"count":1,"href":"https:\/\/parapharmacieenligne.ma\/en\/wp-json\/wp\/v2\/product\/9905\/revisions"}],"predecessor-version":[{"id":9984,"href":"https:\/\/parapharmacieenligne.ma\/en\/wp-json\/wp\/v2\/product\/9905\/revisions\/9984"}],"wp:featuredmedia":[{"embeddable":true,"href":"https:\/\/parapharmacieenligne.ma\/en\/wp-json\/wp\/v2\/media\/9983"}],"wp:attachment":[{"href":"https:\/\/parapharmacieenligne.ma\/en\/wp-json\/wp\/v2\/media?parent=9905"}],"wp:term":[{"taxonomy":"product_cat","embeddable":true,"href":"https:\/\/parapharmacieenligne.ma\/en\/wp-json\/wp\/v2\/product_cat?post=9905"},{"taxonomy":"product_tag","embeddable":true,"href":"https:\/\/parapharmacieenligne.ma\/en\/wp-json\/wp\/v2\/product_tag?post=9905"},{"taxonomy":"yith_product_brand","embeddable":true,"href":"https:\/\/parapharmacieenligne.ma\/en\/wp-json\/wp\/v2\/yith_product_brand?post=9905"}],"curies":[{"name":"wp","href":"https:\/\/api.w.org\/{rel}","templated":true}]}}