{"id":9906,"date":"2026-01-26T17:10:20","date_gmt":"2026-01-26T16:10:20","guid":{"rendered":"https:\/\/parapharmacieenligne.ma\/?post_type=product&#038;p=9906"},"modified":"2026-01-26T17:12:36","modified_gmt":"2026-01-26T16:12:36","slug":"uriage-age-lift-filler-soin-combleur-instantane-30ml","status":"publish","type":"product","link":"https:\/\/parapharmacieenligne.ma\/en\/product\/uriage-age-lift-filler-soin-combleur-instantane-30ml\/","title":{"rendered":"URIAGE AGE LIFT FILLER \u2013 SOIN COMBLEUR INSTANTAN\u00c9 30ML"},"content":{"rendered":"<div aria-labelledby=\"tab-title-description\" class=\"woocommerce-Tabs-panel woocommerce-Tabs-panel--description panel entry-content wc-tab\" id=\"tab-description\" role=\"tabpanel\" style=\"\">\n<h2>Description<\/h2>\n<p>Innovation AGE LIFT, la gamme dermatologique de soins liftants qui lisse et raffermit tous les types de peaux [3X moins de rides, 3X plus de fermet\u00e9] *. Ce soin anti-\u00e2ge combleur instantan\u00e9 comble les rides (patte d\u2019oie, sillons, contour des l\u00e8vres). La peau est plus lisse et le teint est plus homog\u00e8ne. Les marques et les taches sont flout\u00e9es et le grain de peau est affin\u00e9. Effet peau nue.<\/p>\n<p><strong>Actifs anti-\u00e2ge :<\/strong> [R\u00c9TINOL**+ ACIDE HYALURONIQUE + PORE REFINER]<\/p>\n<p><strong>Tous types de peaux.<\/strong><\/p>\n<p><strong>CORRECTION RIDES + FERMET\u00c9<\/strong><br \/>\n Sa formule enrichie en actifs anti-\u00e2ge [r\u00e9tinol** + acide hyaluronique] comble les rides, lutte contre la perte de tonicit\u00e9 et le manque de fermet\u00e9.<\/p>\n<p><strong>PROTECTION ANTI-\u00c2GE<\/strong><br \/>\n La peau est prot\u00e9g\u00e9e des m\u00e9faits de la pollution et des effets n\u00e9fastes de la lumi\u00e8re bleue gr\u00e2ce \u00e0 la technologie Barri\u00e8re Lumi\u00e8re Bleue***.<\/p>\n<p><strong>EFFET INSTANTAN\u00c9<\/strong><br \/>\n Son acide hyaluronique r\u00e9ticul\u00e9 cible sp\u00e9cifiquement les rides (patte d\u2019oie, sillons, contour des l\u00e8vres\u2026) pour lisser visiblement la surface cutan\u00e9e. Son agent port-refiner est associ\u00e9 \u00e0 des poudres soft-focus pour resserrer les pores et flouter visiblement marques, taches et grain de peau irr\u00e9gulier.<\/p>\n<p><strong>Conseils d\u2019utilisation :<\/strong><br \/>\n Soin anti-\u00e2ge \u00e0 appliquer le matin et\/ou soir, par l\u00e9gers massages. En application globale ou localis\u00e9e. En retouches durant la journ\u00e9e. Pour toutes peaux. Test\u00e9 ophtalmologiquement.<\/p>\n<\/p><\/div>\n","protected":false},"excerpt":{"rendered":"<p>Highlights:SOIN COMBLEUR ANTI-\u00c2GE \u2013 RIDES, FERMET\u00c9, PORES(Tous types de peaux)<\/p>","protected":false},"featured_media":9985,"comment_status":"open","ping_status":"closed","template":"","meta":[],"product_cat":[83],"product_tag":[],"yith_product_brand":[133],"class_list":{"0":"post-9906","1":"product","2":"type-product","3":"status-publish","4":"has-post-thumbnail","6":"product_cat-soins-visage","7":"yith_product_brand-uriage","9":"first","10":"instock","11":"sale","12":"shipping-taxable","13":"purchasable","14":"product-type-simple"},"_links":{"self":[{"href":"https:\/\/parapharmacieenligne.ma\/en\/wp-json\/wp\/v2\/product\/9906","targetHints":{"allow":["GET"]}}],"collection":[{"href":"https:\/\/parapharmacieenligne.ma\/en\/wp-json\/wp\/v2\/product"}],"about":[{"href":"https:\/\/parapharmacieenligne.ma\/en\/wp-json\/wp\/v2\/types\/product"}],"replies":[{"embeddable":true,"href":"https:\/\/parapharmacieenligne.ma\/en\/wp-json\/wp\/v2\/comments?post=9906"}],"version-history":[{"count":1,"href":"https:\/\/parapharmacieenligne.ma\/en\/wp-json\/wp\/v2\/product\/9906\/revisions"}],"predecessor-version":[{"id":9986,"href":"https:\/\/parapharmacieenligne.ma\/en\/wp-json\/wp\/v2\/product\/9906\/revisions\/9986"}],"wp:featuredmedia":[{"embeddable":true,"href":"https:\/\/parapharmacieenligne.ma\/en\/wp-json\/wp\/v2\/media\/9985"}],"wp:attachment":[{"href":"https:\/\/parapharmacieenligne.ma\/en\/wp-json\/wp\/v2\/media?parent=9906"}],"wp:term":[{"taxonomy":"product_cat","embeddable":true,"href":"https:\/\/parapharmacieenligne.ma\/en\/wp-json\/wp\/v2\/product_cat?post=9906"},{"taxonomy":"product_tag","embeddable":true,"href":"https:\/\/parapharmacieenligne.ma\/en\/wp-json\/wp\/v2\/product_tag?post=9906"},{"taxonomy":"yith_product_brand","embeddable":true,"href":"https:\/\/parapharmacieenligne.ma\/en\/wp-json\/wp\/v2\/yith_product_brand?post=9906"}],"curies":[{"name":"wp","href":"https:\/\/api.w.org\/{rel}","templated":true}]}}