{"id":9908,"date":"2026-01-26T17:10:22","date_gmt":"2026-01-26T16:10:22","guid":{"rendered":"https:\/\/parapharmacieenligne.ma\/?post_type=product&#038;p=9908"},"modified":"2026-01-26T17:12:40","modified_gmt":"2026-01-26T16:12:40","slug":"uriage-age-protect-creme-nuit-detox-multi-actions-40-ml-destockage","status":"publish","type":"product","link":"https:\/\/parapharmacieenligne.ma\/en\/product\/uriage-age-protect-creme-nuit-detox-multi-actions-40-ml-destockage\/","title":{"rendered":"Uriage \u2013 Age Protect \u2013 Cr\u00e8me Nuit D\u00e9tox Multi-Actions \u2013 40 ml \u2013 Destockage"},"content":{"rendered":"<div aria-labelledby=\"tab-title-description\" class=\"woocommerce-Tabs-panel woocommerce-Tabs-panel--description panel entry-content wc-tab\" id=\"tab-description\" role=\"tabpanel\" style=\"\">\n<h2>Description<\/h2>\n<p>Probl\u00e9matique sp\u00e9cifique<br \/>\n Tout type de peaux<\/p>\n<p>B\u00e9n\u00e9fice produit<br \/>\n Ce soin velours est le 1er soin de nuit* qui agit simultan\u00e9ment sur les signes de l\u2019\u00e2ge et l\u2019am\u00e9lioration de l\u2019oxyg\u00e9nation cellulaire**. Au r\u00e9veil, le teint est d\u00e9gris\u00e9 et rayonne d\u2019un \u00e9clat frais, les traits sont repos\u00e9s. Nuit apr\u00e8s nuit, la peau est comme r\u00e9g\u00e9n\u00e9r\u00e9e, d\u00e9toxifi\u00e9e, le teint retrouve sa luminosit\u00e9.<\/p>\n<p>Pr\u00e9vient et corrige les signes de l\u2019\u00e2ge:<br \/>\n Diminue l\u2019apparence des ridules et des rides, lutte contre la perte de tonicit\u00e9 et le manque de fermet\u00e9, redonne vitalit\u00e9 et \u00e9clat.<\/p>\n<p>Am\u00e9liore l\u2019oxyg\u00e9nation cellulaire:<br \/>\n Prot\u00e8ge la peau des polluants en activant son syst\u00e8me de d\u00e9toxification.<\/p>\n<p>Hydrate la peau:<br \/>\n Enrichie en Eau Thermale d\u2019Uriage et en Cires V\u00e9g\u00e9tales pour une peau souple et hydrat\u00e9e.<\/p>\n<p>Caract\u00e9ristiques<br \/>\n Eau Thermale d\u2019Uriage \u2014 Gommes v\u00e9g\u00e9tales \u2014 R\u00e9tinol, Acide Hyaluronique TBPM*, Sang du dragon**, Vitamines C et E \u2014 Cresson, Beurre de Karit\u00e9, Squalane d\u2019Olive, Cires v\u00e9g\u00e9tales \u2014 Test\u00e9 sous contr\u00f4le dermatologique \u2014 Parfum<\/p>\n<p>Conseil d\u2019utilisation<br \/>\n Appliquer le soir sur le visage parfaitement nettoy\u00e9 et s\u00e9ch\u00e9.<br \/>\n \u00c9viter le contact avec les yeux.<br \/>\n Ne pas appliquer chez la femme enceinte.<br \/>\n En cas de picotements espacer les applications<\/p>\n<\/p><\/div>","protected":false},"excerpt":{"rendered":"<p>Highlights:Lisse, R\u00e9g\u00e9n\u00e8re, Hydrate, Traits repos\u00e9s, pour une peau jeune moins fatigu\u00e9e d\u00e8s le r\u00e9veil<\/p>","protected":false},"featured_media":9989,"comment_status":"open","ping_status":"closed","template":"","meta":[],"product_cat":[83],"product_tag":[],"yith_product_brand":[133],"class_list":{"0":"post-9908","1":"product","2":"type-product","3":"status-publish","4":"has-post-thumbnail","6":"product_cat-soins-visage","7":"yith_product_brand-uriage","9":"first","10":"instock","11":"sale","12":"shipping-taxable","13":"purchasable","14":"product-type-simple"},"_links":{"self":[{"href":"https:\/\/parapharmacieenligne.ma\/en\/wp-json\/wp\/v2\/product\/9908","targetHints":{"allow":["GET"]}}],"collection":[{"href":"https:\/\/parapharmacieenligne.ma\/en\/wp-json\/wp\/v2\/product"}],"about":[{"href":"https:\/\/parapharmacieenligne.ma\/en\/wp-json\/wp\/v2\/types\/product"}],"replies":[{"embeddable":true,"href":"https:\/\/parapharmacieenligne.ma\/en\/wp-json\/wp\/v2\/comments?post=9908"}],"version-history":[{"count":1,"href":"https:\/\/parapharmacieenligne.ma\/en\/wp-json\/wp\/v2\/product\/9908\/revisions"}],"predecessor-version":[{"id":9990,"href":"https:\/\/parapharmacieenligne.ma\/en\/wp-json\/wp\/v2\/product\/9908\/revisions\/9990"}],"wp:featuredmedia":[{"embeddable":true,"href":"https:\/\/parapharmacieenligne.ma\/en\/wp-json\/wp\/v2\/media\/9989"}],"wp:attachment":[{"href":"https:\/\/parapharmacieenligne.ma\/en\/wp-json\/wp\/v2\/media?parent=9908"}],"wp:term":[{"taxonomy":"product_cat","embeddable":true,"href":"https:\/\/parapharmacieenligne.ma\/en\/wp-json\/wp\/v2\/product_cat?post=9908"},{"taxonomy":"product_tag","embeddable":true,"href":"https:\/\/parapharmacieenligne.ma\/en\/wp-json\/wp\/v2\/product_tag?post=9908"},{"taxonomy":"yith_product_brand","embeddable":true,"href":"https:\/\/parapharmacieenligne.ma\/en\/wp-json\/wp\/v2\/yith_product_brand?post=9908"}],"curies":[{"name":"wp","href":"https:\/\/api.w.org\/{rel}","templated":true}]}}