{"id":9925,"date":"2026-01-26T17:10:49","date_gmt":"2026-01-26T16:10:49","guid":{"rendered":"https:\/\/parapharmacieenligne.ma\/?post_type=product&#038;p=9925"},"modified":"2026-01-26T17:12:59","modified_gmt":"2026-01-26T16:12:59","slug":"uriage-bebe-eau-nettoyante-1l1ere-creme-change-offerte","status":"publish","type":"product","link":"https:\/\/parapharmacieenligne.ma\/en\/product\/uriage-bebe-eau-nettoyante-1l1ere-creme-change-offerte\/","title":{"rendered":"URIAGE B\u00c9B\u00c9 EAU NETTOYANTE 1L+1\u00c8RE CR\u00c8ME CHANGE OFFERTE"},"content":{"rendered":"<div aria-labelledby=\"tab-title-description\" class=\"woocommerce-Tabs-panel woocommerce-Tabs-panel--description panel entry-content wc-tab\" id=\"tab-description\" role=\"tabpanel\" style=\"\">\n<h2>Description<\/h2>\n<p>B\u00e9b\u00e9 eau 1 Litre est une eau thermale d\u00e9licatement parfum\u00e9 sans rin\u00e7age qui nettoie en douceur d\u00e9licatement les salissures. Sa formule au complexe naturel (Eau thermale d\u2019Uriage + Edelweiss bio) apaise, adoucit et prot\u00e8ge la peau d\u00e9licate de b\u00e9b\u00e9. La cr\u00e8me de change offerte est une cr\u00e8me qui pr\u00e9vient efficacement l\u2019apparition des rougeurs et r\u00e9pare l\u2019\u00e9piderme fragilis\u00e9 au quotidien. Sa formule au complexe naturel [Eau Thermale d\u2019Uriage + edelweiss Bio] apaise les sensations d\u2019inconfort, favorise la diminution des rougeurs et renforce la barri\u00e8re cutan\u00e9e.<\/p>\n<p><strong>Conseils d\u2019utilisation :<\/strong><\/p>\n<p>1\u00e8re Eau Nettoyante 1l : Appliquer sur un coton jusqu\u2019\u00e0 ce que la peau soit propre. S\u00e9cher d\u00e9licatement sans frotter. 1\u00e8re Cr\u00e8me Change 100 ml: Appliquer en couche \u00e9paisse sur une peau propre et s\u00e8che apr\u00e8s chaque change.<\/p>\n<\/p><\/div>\n","protected":false},"excerpt":{"rendered":"<p>Highlights:Cliniquement prouv\u00e9, diminue les coliques et l\u2019inconfort*Notre t\u00e9tine Anti-colic est con\u00e7ue pour une t\u00e9t\u00e9e ininterrompue. L\u2019air est dirig\u00e9 vers le biberon, et non dans l\u2019estomac de b\u00e9b\u00e9.<\/p>","protected":false},"featured_media":10003,"comment_status":"open","ping_status":"closed","template":"","meta":[],"product_cat":[87],"product_tag":[],"yith_product_brand":[133],"class_list":{"0":"post-9925","1":"product","2":"type-product","3":"status-publish","4":"has-post-thumbnail","6":"product_cat-bebe-et-maman","7":"yith_product_brand-uriage","9":"first","10":"instock","11":"sale","12":"shipping-taxable","13":"purchasable","14":"product-type-simple"},"_links":{"self":[{"href":"https:\/\/parapharmacieenligne.ma\/en\/wp-json\/wp\/v2\/product\/9925","targetHints":{"allow":["GET"]}}],"collection":[{"href":"https:\/\/parapharmacieenligne.ma\/en\/wp-json\/wp\/v2\/product"}],"about":[{"href":"https:\/\/parapharmacieenligne.ma\/en\/wp-json\/wp\/v2\/types\/product"}],"replies":[{"embeddable":true,"href":"https:\/\/parapharmacieenligne.ma\/en\/wp-json\/wp\/v2\/comments?post=9925"}],"version-history":[{"count":1,"href":"https:\/\/parapharmacieenligne.ma\/en\/wp-json\/wp\/v2\/product\/9925\/revisions"}],"predecessor-version":[{"id":10004,"href":"https:\/\/parapharmacieenligne.ma\/en\/wp-json\/wp\/v2\/product\/9925\/revisions\/10004"}],"wp:featuredmedia":[{"embeddable":true,"href":"https:\/\/parapharmacieenligne.ma\/en\/wp-json\/wp\/v2\/media\/10003"}],"wp:attachment":[{"href":"https:\/\/parapharmacieenligne.ma\/en\/wp-json\/wp\/v2\/media?parent=9925"}],"wp:term":[{"taxonomy":"product_cat","embeddable":true,"href":"https:\/\/parapharmacieenligne.ma\/en\/wp-json\/wp\/v2\/product_cat?post=9925"},{"taxonomy":"product_tag","embeddable":true,"href":"https:\/\/parapharmacieenligne.ma\/en\/wp-json\/wp\/v2\/product_tag?post=9925"},{"taxonomy":"yith_product_brand","embeddable":true,"href":"https:\/\/parapharmacieenligne.ma\/en\/wp-json\/wp\/v2\/yith_product_brand?post=9925"}],"curies":[{"name":"wp","href":"https:\/\/api.w.org\/{rel}","templated":true}]}}