{"id":9926,"date":"2026-01-26T17:10:51","date_gmt":"2026-01-26T16:10:51","guid":{"rendered":"https:\/\/parapharmacieenligne.ma\/?post_type=product&#038;p=9926"},"modified":"2026-01-26T17:13:02","modified_gmt":"2026-01-26T16:13:02","slug":"uriage-eau-thermale-creme-a-mains-lot-de-2","status":"publish","type":"product","link":"https:\/\/parapharmacieenligne.ma\/en\/product\/uriage-eau-thermale-creme-a-mains-lot-de-2\/","title":{"rendered":"Uriage \u2013 Eau Thermale \u2013 Cr\u00e8me \u00e0 Mains Lot de 2"},"content":{"rendered":"<div aria-labelledby=\"tab-title-description\" class=\"woocommerce-Tabs-panel woocommerce-Tabs-panel--description panel entry-content wc-tab\" id=\"tab-description\" role=\"tabpanel\" style=\"\">\n<h2>Description<\/h2>\n<p>Probl\u00e9matique sp\u00e9cifique<br \/>\n Tous types de peaux<\/p>\n<p>B\u00e9n\u00e9fice produit<br \/>\n \u00c0 la fois nourrissante et ultra-l\u00e9g\u00e8re, la Cr\u00e8me d\u2019Eau fond d\u00e9licieusement sur la peau et l\u2019infuse de son complexe hydratant unique. Vivifiante, non grasse, imm\u00e9diatement absorb\u00e9e, elle offre douceur et \u00e9clat aux peaux normales \u00e0 mixtes tout au long de la journ\u00e9e.<\/p>\n<p>R\u00e9g\u00e9n\u00e8re l\u2019hydratation de la peau<br \/>\n Cette Cr\u00e8me d\u2019Eau enrichie en Eau Thermale d\u2019Uriage aide \u00e0 reconstruire la barri\u00e8re cutan\u00e9e pour maintenir un taux d\u2019hydratation optimal.<\/p>\n<p>Optimise l\u2019hydratation en continu de l\u2019\u00e9piderme<br \/>\n Permet de reformer un film de surface et de lib\u00e9rer progressivement les agents hydratants qu\u2019il contient.<\/p>\n<p>Restaure l\u2019effet barri\u00e8re de la peau et limite sa d\u00e9shydratation<br \/>\n Agit sur la reconstruction du ciment corn\u00e9ocytaire pour booster durablement l\u2019hydratation.<\/p>\n<p>Caract\u00e9ristiques<br \/>\n Complexe Hydro-Thermal \u2014 Parfum \u2014 Test\u00e9 sous contr\u00f4le dermatologique<\/p>\n<p>Conseil d\u2019utilisation<br \/>\n Appliquez matin et\/ou soir sur le visage et le d\u00e9collet\u00e9 parfaitement nettoy\u00e9s.<br \/>\n Eviter le contact avec les yeux.<\/p>\n<\/p><\/div>","protected":false},"excerpt":{"rendered":"<p>Highlights:Cr\u00e8me Hydratante et Protectrice<\/p>","protected":false},"featured_media":10005,"comment_status":"open","ping_status":"closed","template":"","meta":[],"product_cat":[85],"product_tag":[],"yith_product_brand":[133],"class_list":{"0":"post-9926","1":"product","2":"type-product","3":"status-publish","4":"has-post-thumbnail","6":"product_cat-soins-corps","7":"yith_product_brand-uriage","9":"first","10":"instock","11":"sale","12":"shipping-taxable","13":"purchasable","14":"product-type-simple"},"_links":{"self":[{"href":"https:\/\/parapharmacieenligne.ma\/en\/wp-json\/wp\/v2\/product\/9926","targetHints":{"allow":["GET"]}}],"collection":[{"href":"https:\/\/parapharmacieenligne.ma\/en\/wp-json\/wp\/v2\/product"}],"about":[{"href":"https:\/\/parapharmacieenligne.ma\/en\/wp-json\/wp\/v2\/types\/product"}],"replies":[{"embeddable":true,"href":"https:\/\/parapharmacieenligne.ma\/en\/wp-json\/wp\/v2\/comments?post=9926"}],"version-history":[{"count":1,"href":"https:\/\/parapharmacieenligne.ma\/en\/wp-json\/wp\/v2\/product\/9926\/revisions"}],"predecessor-version":[{"id":10006,"href":"https:\/\/parapharmacieenligne.ma\/en\/wp-json\/wp\/v2\/product\/9926\/revisions\/10006"}],"wp:featuredmedia":[{"embeddable":true,"href":"https:\/\/parapharmacieenligne.ma\/en\/wp-json\/wp\/v2\/media\/10005"}],"wp:attachment":[{"href":"https:\/\/parapharmacieenligne.ma\/en\/wp-json\/wp\/v2\/media?parent=9926"}],"wp:term":[{"taxonomy":"product_cat","embeddable":true,"href":"https:\/\/parapharmacieenligne.ma\/en\/wp-json\/wp\/v2\/product_cat?post=9926"},{"taxonomy":"product_tag","embeddable":true,"href":"https:\/\/parapharmacieenligne.ma\/en\/wp-json\/wp\/v2\/product_tag?post=9926"},{"taxonomy":"yith_product_brand","embeddable":true,"href":"https:\/\/parapharmacieenligne.ma\/en\/wp-json\/wp\/v2\/yith_product_brand?post=9926"}],"curies":[{"name":"wp","href":"https:\/\/api.w.org\/{rel}","templated":true}]}}