{"id":9927,"date":"2026-01-26T17:10:51","date_gmt":"2026-01-26T16:10:51","guid":{"rendered":"https:\/\/parapharmacieenligne.ma\/?post_type=product&#038;p=9927"},"modified":"2026-01-26T17:13:04","modified_gmt":"2026-01-26T16:13:04","slug":"uriage-eau-thermale-lait-veloute-500ml-creme-lavante-200ml-pack","status":"publish","type":"product","link":"https:\/\/parapharmacieenligne.ma\/en\/product\/uriage-eau-thermale-lait-veloute-500ml-creme-lavante-200ml-pack\/","title":{"rendered":"Uriage Eau Thermale Lait veloute 500ml+ Creme lavante 200ml Pack"},"content":{"rendered":"<div aria-labelledby=\"tab-title-description\" class=\"woocommerce-Tabs-panel woocommerce-Tabs-panel--description panel entry-content wc-tab\" id=\"tab-description\" role=\"tabpanel\" style=\"\">\n<h2>Description<\/h2>\n<p>Le <strong>lait velout\u00e9 corps d\u2019Uriage<\/strong> est adapt\u00e9 aux peaux s\u00e8ches les plus sensibles car il est hypoallerg\u00e9nique et test\u00e9 sous contr\u00f4le dermatologique. Il hydrate en profondeur gr\u00e2ce \u00e0 sa formule \u00e0 base d\u2019eau thermale d\u2019Uriage, de Beurre de karit\u00e9 et d\u2019Acide hyaluronique, jusqu\u2019\u00e0 24h.<\/p>\n<p><strong>Uriage Cr\u00e8me lavante <\/strong><strong>200ml OFFERTE :<\/strong> Tr\u00e8s agr\u00e9ablement parfum\u00e9, ce soin 2 en 1 nettoyant et nourrissant laisse la peau parfaitement propre, douce et hydrat\u00e9e.<br \/>\n ON ADORE : sa texture ultra-onctueuse et enrobante et son nouveau parfum encore plus cocooning ! Nettoie, nourrit et prot\u00e8ge tout en pr\u00e9servant le film hydrolipidique de la peau.<\/p>\n<\/p><\/div>","protected":false},"excerpt":{"rendered":"<p>Highlights:Lait velont\u00e9 corps Uriage 500ml + Cr\u00e8me lavante 200ml OFFERTE<\/p>","protected":false},"featured_media":10007,"comment_status":"open","ping_status":"closed","template":"","meta":[],"product_cat":[85],"product_tag":[],"yith_product_brand":[133],"class_list":{"0":"post-9927","1":"product","2":"type-product","3":"status-publish","4":"has-post-thumbnail","6":"product_cat-soins-corps","7":"yith_product_brand-uriage","9":"first","10":"instock","11":"sale","12":"shipping-taxable","13":"purchasable","14":"product-type-simple"},"_links":{"self":[{"href":"https:\/\/parapharmacieenligne.ma\/en\/wp-json\/wp\/v2\/product\/9927","targetHints":{"allow":["GET"]}}],"collection":[{"href":"https:\/\/parapharmacieenligne.ma\/en\/wp-json\/wp\/v2\/product"}],"about":[{"href":"https:\/\/parapharmacieenligne.ma\/en\/wp-json\/wp\/v2\/types\/product"}],"replies":[{"embeddable":true,"href":"https:\/\/parapharmacieenligne.ma\/en\/wp-json\/wp\/v2\/comments?post=9927"}],"version-history":[{"count":1,"href":"https:\/\/parapharmacieenligne.ma\/en\/wp-json\/wp\/v2\/product\/9927\/revisions"}],"predecessor-version":[{"id":10008,"href":"https:\/\/parapharmacieenligne.ma\/en\/wp-json\/wp\/v2\/product\/9927\/revisions\/10008"}],"wp:featuredmedia":[{"embeddable":true,"href":"https:\/\/parapharmacieenligne.ma\/en\/wp-json\/wp\/v2\/media\/10007"}],"wp:attachment":[{"href":"https:\/\/parapharmacieenligne.ma\/en\/wp-json\/wp\/v2\/media?parent=9927"}],"wp:term":[{"taxonomy":"product_cat","embeddable":true,"href":"https:\/\/parapharmacieenligne.ma\/en\/wp-json\/wp\/v2\/product_cat?post=9927"},{"taxonomy":"product_tag","embeddable":true,"href":"https:\/\/parapharmacieenligne.ma\/en\/wp-json\/wp\/v2\/product_tag?post=9927"},{"taxonomy":"yith_product_brand","embeddable":true,"href":"https:\/\/parapharmacieenligne.ma\/en\/wp-json\/wp\/v2\/yith_product_brand?post=9927"}],"curies":[{"name":"wp","href":"https:\/\/api.w.org\/{rel}","templated":true}]}}