{"id":9928,"date":"2026-01-26T17:10:51","date_gmt":"2026-01-26T16:10:51","guid":{"rendered":"https:\/\/parapharmacieenligne.ma\/?post_type=product&#038;p=9928"},"modified":"2026-01-26T17:13:08","modified_gmt":"2026-01-26T16:13:08","slug":"uriage-eau-thermale-essence-deau-eclat-100ml","status":"publish","type":"product","link":"https:\/\/parapharmacieenligne.ma\/en\/product\/uriage-eau-thermale-essence-deau-eclat-100ml\/","title":{"rendered":"Uriage Eau Thermale Essence d\u2019eau Eclat 100ml"},"content":{"rendered":"<div aria-labelledby=\"tab-title-description\" class=\"woocommerce-Tabs-panel woocommerce-Tabs-panel--description panel entry-content wc-tab\" id=\"tab-description\" role=\"tabpanel\" style=\"\">\n<h2>Description<\/h2>\n<p>Sa formule exclusive \u00e0 l\u2019Eau Thermale d\u2019Uriage est enrichie en min\u00e9raux, Calcium [Ca] et Magn\u00e9sium [Mg], pour renforcer la barri\u00e8re d\u2019hydratation. Boost\u00e9e en Acide hyaluronique de Haut poids mol\u00e9culaire, extrait d\u2019arbre \u00e0 soie et pr\u00e9biotique, l\u2019Essence d\u2019Eau \u00c9clat Uriage hydrate intens\u00e9ment et r\u00e9v\u00e8le l\u2019\u00e9clat naturel de la peau. Sa texture unique aqueuse fusionne instantan\u00e9ment avec la peau sans laisser de film gras, pour une sensation de fra\u00eecheur vivifiante !<\/p>\n<p>HYDRATE INTENS\u00c9MENT &amp; RENFORCE LA BARRI\u00c8RE CUTAN\u00c9E<br \/>\n L\u2019EAU THERMALE D\u2019URIAGE, naturelle, dont toutes les propri\u00e9t\u00e9s sont ici extraites et enrichies en calcium [Ca] et magn\u00e9sium [mg], pour une action renforc\u00e9e sur la barri\u00e8re cutan\u00e9e et l\u2019hydratation. Le PREBIOTIQUE [Inuline] qui joue un r\u00f4le d\u00e9terminant dans l\u2019\u00e9quilibre de la barri\u00e8re cutan\u00e9e<\/p>\n<p>ILLUMINE LE TEINT &amp; REPULPE<br \/>\n L\u2019extrait d\u2019arbre \u00e0 soie d\u00e9toxifie les cellules pour d\u00e9griser le teint et restaurer l\u2019\u00e9clat. L\u2019ACIDE HYALURONIQUE HPM pour son effet d\u2019hydratation imm\u00e9diate. La peau gagne en \u00e9clat, lissage et douceur<\/p>\n<p><strong><strong>Conseils d\u2019Utilisation : <\/strong> <\/strong><\/p>\n<p><strong>UNE GESTUELLE MINIMALISTE<\/strong><\/p>\n<p>Appliquer matin et\/ou soir seule ou avant votre soin quotidien sur l\u2019ensemble du visage sur une peau parfaitement nettoy\u00e9e et s\u00e9ch\u00e9e. Eviter le contact avec les yeux.<\/p>\n<ul>\n<li>1\u00e8re \u00e9tape : D\u00e9poser quelques gouttes au creux de la main.<\/li>\n<li>2\u00e8me \u00e9tape : Presser ensemble vos mains.<\/li>\n<li>3\u00e8me \u00e9tape : Appliquer en commen\u00e7ant par le centre vers l\u2019ext\u00e9rieur.<\/li>\n<\/ul><\/div>\n","protected":false},"excerpt":{"rendered":"<p>Highlights:HYDRATE, R\u00c9EQUILIBRE, ILLUMINE<\/p>","protected":false},"featured_media":10009,"comment_status":"open","ping_status":"closed","template":"","meta":[],"product_cat":[83],"product_tag":[],"yith_product_brand":[133],"class_list":{"0":"post-9928","1":"product","2":"type-product","3":"status-publish","4":"has-post-thumbnail","6":"product_cat-soins-visage","7":"yith_product_brand-uriage","9":"first","10":"instock","11":"sale","12":"shipping-taxable","13":"purchasable","14":"product-type-simple"},"_links":{"self":[{"href":"https:\/\/parapharmacieenligne.ma\/en\/wp-json\/wp\/v2\/product\/9928","targetHints":{"allow":["GET"]}}],"collection":[{"href":"https:\/\/parapharmacieenligne.ma\/en\/wp-json\/wp\/v2\/product"}],"about":[{"href":"https:\/\/parapharmacieenligne.ma\/en\/wp-json\/wp\/v2\/types\/product"}],"replies":[{"embeddable":true,"href":"https:\/\/parapharmacieenligne.ma\/en\/wp-json\/wp\/v2\/comments?post=9928"}],"version-history":[{"count":1,"href":"https:\/\/parapharmacieenligne.ma\/en\/wp-json\/wp\/v2\/product\/9928\/revisions"}],"predecessor-version":[{"id":10010,"href":"https:\/\/parapharmacieenligne.ma\/en\/wp-json\/wp\/v2\/product\/9928\/revisions\/10010"}],"wp:featuredmedia":[{"embeddable":true,"href":"https:\/\/parapharmacieenligne.ma\/en\/wp-json\/wp\/v2\/media\/10009"}],"wp:attachment":[{"href":"https:\/\/parapharmacieenligne.ma\/en\/wp-json\/wp\/v2\/media?parent=9928"}],"wp:term":[{"taxonomy":"product_cat","embeddable":true,"href":"https:\/\/parapharmacieenligne.ma\/en\/wp-json\/wp\/v2\/product_cat?post=9928"},{"taxonomy":"product_tag","embeddable":true,"href":"https:\/\/parapharmacieenligne.ma\/en\/wp-json\/wp\/v2\/product_tag?post=9928"},{"taxonomy":"yith_product_brand","embeddable":true,"href":"https:\/\/parapharmacieenligne.ma\/en\/wp-json\/wp\/v2\/yith_product_brand?post=9928"}],"curies":[{"name":"wp","href":"https:\/\/api.w.org\/{rel}","templated":true}]}}