{"id":9929,"date":"2026-01-26T17:10:53","date_gmt":"2026-01-26T16:10:53","guid":{"rendered":"https:\/\/parapharmacieenligne.ma\/?post_type=product&#038;p=9929"},"modified":"2026-01-26T17:13:13","modified_gmt":"2026-01-26T16:13:13","slug":"uriage-eau-thermale-lait-veloute-corps-200-ml","status":"publish","type":"product","link":"https:\/\/parapharmacieenligne.ma\/en\/product\/uriage-eau-thermale-lait-veloute-corps-200-ml\/","title":{"rendered":"Uriage \u2013 Eau Thermale \u2013 Lait Velout\u00e9 Corps \u2013 200 ml"},"content":{"rendered":"<div aria-labelledby=\"tab-title-description\" class=\"woocommerce-Tabs-panel woocommerce-Tabs-panel--description panel entry-content wc-tab\" id=\"tab-description\" role=\"tabpanel\" style=\"\">\n<h2>Description<\/h2>\n<p>Probl\u00e9matique sp\u00e9cifique<br \/>\n Soins peaux s\u00e8ches d\u00e9shydrat\u00e9s<\/p>\n<p>B\u00e9n\u00e9fice produit<br \/>\n Ce lait velout\u00e9, fluide et onctueux, fusionne imm\u00e9diatement avec la peau pour l\u2019hydrater intens\u00e9ment, la lisser et la r\u00e9conforter. Sa texture l\u00e9g\u00e8re, imm\u00e9diatement absorb\u00e9e, permet un habillage rapide. Votre peau est infiniment douce !<\/p>\n<p>Hydrate intens\u00e9ment 24h<br \/>\n Baign\u00e9e d\u2019Eau Thermale d\u2019Uriage, votre peau retrouve un niveau d\u2019hydratation optimal, un confort durable et son \u00e9clat naturel.<\/p>\n<p>Caract\u00e9ristiques<br \/>\n Complexe Hydro-Thermal : Eau Thermale d\u2019Uriage \u2014 Beurre de karit\u00e9 \u2014 Acide Hyaluronique \u2014 Parfum \u2014 Test\u00e9 sous contr\u00f4le dermatologique<\/p>\n<p>Conseil d\u2019utilisation<br \/>\n Utilisez votre lait velout\u00e9 corps, quotidiennement, sur une peau propre<\/p>\n<\/p><\/div>","protected":false},"excerpt":{"rendered":"<p>Highlights:Lait lissant hydratant 24H<\/p>","protected":false},"featured_media":10011,"comment_status":"open","ping_status":"closed","template":"","meta":[],"product_cat":[85],"product_tag":[],"yith_product_brand":[133],"class_list":{"0":"post-9929","1":"product","2":"type-product","3":"status-publish","4":"has-post-thumbnail","6":"product_cat-soins-corps","7":"yith_product_brand-uriage","9":"first","10":"instock","11":"sale","12":"shipping-taxable","13":"purchasable","14":"product-type-simple"},"_links":{"self":[{"href":"https:\/\/parapharmacieenligne.ma\/en\/wp-json\/wp\/v2\/product\/9929","targetHints":{"allow":["GET"]}}],"collection":[{"href":"https:\/\/parapharmacieenligne.ma\/en\/wp-json\/wp\/v2\/product"}],"about":[{"href":"https:\/\/parapharmacieenligne.ma\/en\/wp-json\/wp\/v2\/types\/product"}],"replies":[{"embeddable":true,"href":"https:\/\/parapharmacieenligne.ma\/en\/wp-json\/wp\/v2\/comments?post=9929"}],"version-history":[{"count":1,"href":"https:\/\/parapharmacieenligne.ma\/en\/wp-json\/wp\/v2\/product\/9929\/revisions"}],"predecessor-version":[{"id":10012,"href":"https:\/\/parapharmacieenligne.ma\/en\/wp-json\/wp\/v2\/product\/9929\/revisions\/10012"}],"wp:featuredmedia":[{"embeddable":true,"href":"https:\/\/parapharmacieenligne.ma\/en\/wp-json\/wp\/v2\/media\/10011"}],"wp:attachment":[{"href":"https:\/\/parapharmacieenligne.ma\/en\/wp-json\/wp\/v2\/media?parent=9929"}],"wp:term":[{"taxonomy":"product_cat","embeddable":true,"href":"https:\/\/parapharmacieenligne.ma\/en\/wp-json\/wp\/v2\/product_cat?post=9929"},{"taxonomy":"product_tag","embeddable":true,"href":"https:\/\/parapharmacieenligne.ma\/en\/wp-json\/wp\/v2\/product_tag?post=9929"},{"taxonomy":"yith_product_brand","embeddable":true,"href":"https:\/\/parapharmacieenligne.ma\/en\/wp-json\/wp\/v2\/yith_product_brand?post=9929"}],"curies":[{"name":"wp","href":"https:\/\/api.w.org\/{rel}","templated":true}]}}