{"id":9941,"date":"2026-01-26T17:11:25","date_gmt":"2026-01-26T16:11:25","guid":{"rendered":"https:\/\/parapharmacieenligne.ma\/?post_type=product&#038;p=9941"},"modified":"2026-01-26T17:13:31","modified_gmt":"2026-01-26T16:13:31","slug":"uriage-bebe-1ere-eau-thermale-150-ml","status":"publish","type":"product","link":"https:\/\/parapharmacieenligne.ma\/en\/product\/uriage-bebe-1ere-eau-thermale-150-ml\/","title":{"rendered":"Uriage B\u00e9b\u00e9 \u2013 1\u00e8re Eau Thermale \u2013 150 ml"},"content":{"rendered":"<div aria-labelledby=\"tab-title-description\" class=\"woocommerce-Tabs-panel woocommerce-Tabs-panel--description panel entry-content wc-tab\" id=\"tab-description\" role=\"tabpanel\" style=\"\">\n<h2>Description<\/h2>\n<p>Probl\u00e9matique sp\u00e9cifique<br \/>\n Tous types de peaux<\/p>\n<p>B\u00e9n\u00e9fice produit<br \/>\n L\u2019Eau thermale d\u2019Uriage est id\u00e9ale pour hydrater, apaiser et prot\u00e9ger la peau fragile des b\u00e9b\u00e9s au quotidien. Indiqu\u00e9e pour apaiser imm\u00e9diatement: les rougeurs du si\u00e8ge et les irritations du quotidien.<\/p>\n<p>Hydrate<br \/>\n Gr\u00e2ce \u00e0 sa composition \u00e9lev\u00e9e en min\u00e9raux proches des cellules de la peau, elle poss\u00e8de une action hydratante prolong\u00e9e.<\/p>\n<p>Apaise<br \/>\n Gr\u00e2ce \u00e0 la pr\u00e9sence \u00e9quilibr\u00e9e de min\u00e9raux notamment de calcium et de magn\u00e9sium, elle est b\u00e9n\u00e9fique pour les peaux sensibles des b\u00e9b\u00e9s.<\/p>\n<p>Prot\u00e8ge<br \/>\n L\u2019action du silicium aide \u00e0 renforcer le film hydrolipidique de la peau. De plus, gr\u00e2ce \u00e0 sa composition particuli\u00e8re en min\u00e9raux, elle restaure la barri\u00e8re cutan\u00e9e.<\/p>\n<p>Caract\u00e9ristiques<br \/>\n Indiqu\u00e9e pour hydrater, prot\u00e9ger et apaiser les rougeurs des fesses et les petites irritations du quotidien. \u2014 Rafra\u00eechit et r\u00e9hydrate en p\u00e9riode estivale.<\/p>\n<p>Conseil d\u2019utilisation<br \/>\n Pulv\u00e9risez et laissez agir !<\/p>\n<\/p><\/div>","protected":false},"excerpt":{"rendered":"<p>Highlights:Soin hydratant et apaisant<\/p>","protected":false},"featured_media":10021,"comment_status":"open","ping_status":"closed","template":"","meta":[],"product_cat":[87],"product_tag":[],"yith_product_brand":[133],"class_list":{"0":"post-9941","1":"product","2":"type-product","3":"status-publish","4":"has-post-thumbnail","6":"product_cat-bebe-et-maman","7":"yith_product_brand-uriage","9":"first","10":"instock","11":"sale","12":"shipping-taxable","13":"purchasable","14":"product-type-simple"},"_links":{"self":[{"href":"https:\/\/parapharmacieenligne.ma\/en\/wp-json\/wp\/v2\/product\/9941","targetHints":{"allow":["GET"]}}],"collection":[{"href":"https:\/\/parapharmacieenligne.ma\/en\/wp-json\/wp\/v2\/product"}],"about":[{"href":"https:\/\/parapharmacieenligne.ma\/en\/wp-json\/wp\/v2\/types\/product"}],"replies":[{"embeddable":true,"href":"https:\/\/parapharmacieenligne.ma\/en\/wp-json\/wp\/v2\/comments?post=9941"}],"version-history":[{"count":1,"href":"https:\/\/parapharmacieenligne.ma\/en\/wp-json\/wp\/v2\/product\/9941\/revisions"}],"predecessor-version":[{"id":10022,"href":"https:\/\/parapharmacieenligne.ma\/en\/wp-json\/wp\/v2\/product\/9941\/revisions\/10022"}],"wp:featuredmedia":[{"embeddable":true,"href":"https:\/\/parapharmacieenligne.ma\/en\/wp-json\/wp\/v2\/media\/10021"}],"wp:attachment":[{"href":"https:\/\/parapharmacieenligne.ma\/en\/wp-json\/wp\/v2\/media?parent=9941"}],"wp:term":[{"taxonomy":"product_cat","embeddable":true,"href":"https:\/\/parapharmacieenligne.ma\/en\/wp-json\/wp\/v2\/product_cat?post=9941"},{"taxonomy":"product_tag","embeddable":true,"href":"https:\/\/parapharmacieenligne.ma\/en\/wp-json\/wp\/v2\/product_tag?post=9941"},{"taxonomy":"yith_product_brand","embeddable":true,"href":"https:\/\/parapharmacieenligne.ma\/en\/wp-json\/wp\/v2\/yith_product_brand?post=9941"}],"curies":[{"name":"wp","href":"https:\/\/api.w.org\/{rel}","templated":true}]}}