{"id":9944,"date":"2026-01-26T17:11:26","date_gmt":"2026-01-26T16:11:26","guid":{"rendered":"https:\/\/parapharmacieenligne.ma\/?post_type=product&#038;p=9944"},"modified":"2026-01-26T17:13:43","modified_gmt":"2026-01-26T16:13:43","slug":"uriage-bebe-1er-spray-cu-zn-100ml","status":"publish","type":"product","link":"https:\/\/parapharmacieenligne.ma\/en\/product\/uriage-bebe-1er-spray-cu-zn-100ml\/","title":{"rendered":"Uriage B\u00e9b\u00e9 1er spray Cu-Zn+ 100ml"},"content":{"rendered":"<div aria-labelledby=\"tab-title-description\" class=\"woocommerce-Tabs-panel woocommerce-Tabs-panel--description panel entry-content wc-tab\" id=\"tab-description\" role=\"tabpanel\" style=\"\">\n<h2>Description<\/h2>\n<p>ASSAINIT Le Gluconate de cuivre et de zinc r\u00e9gule la flore bact\u00e9rienne. ABSORBE La smectite absorbe les exc\u00e8s d\u2019humidit\u00e9 et ass\u00e8che les zones humides, suintantes ainsi que les zones de mac\u00e9ration et de plis cutan\u00e9s. APAISE &amp; REPARE La technologie brevet\u00e9e TLR2-Regul associ\u00e9 au nouveau complexe [Eau Thermale d\u2019Uriage + Edelweiss bio] apaisent les irritations induites par les micro-organismes.<\/p>\n<p><strong>CONSEILS D\u2019UTILISATION :<\/strong> Vaporiser sur les zones cutan\u00e9es suintantes ou de mac\u00e9ration et attendre l\u2019absorption compl\u00e8te sans tamponner. Bien agiter avant emploi. Eviter le contact avec les yeux<\/p>\n<\/p><\/div>\n","protected":false},"excerpt":{"rendered":"<p>Highlights:Cliniquement prouv\u00e9, diminue les coliques et l\u2019inconfort*Notre t\u00e9tine Anti-colic est con\u00e7ue pour une t\u00e9t\u00e9e ininterrompue. L\u2019air est dirig\u00e9 vers le biberon, et non dans l\u2019estomac de b\u00e9b\u00e9.<\/p>","protected":false},"featured_media":10027,"comment_status":"open","ping_status":"closed","template":"","meta":[],"product_cat":[87],"product_tag":[],"yith_product_brand":[133],"class_list":{"0":"post-9944","1":"product","2":"type-product","3":"status-publish","4":"has-post-thumbnail","6":"product_cat-bebe-et-maman","7":"yith_product_brand-uriage","9":"first","10":"instock","11":"sale","12":"shipping-taxable","13":"purchasable","14":"product-type-simple"},"_links":{"self":[{"href":"https:\/\/parapharmacieenligne.ma\/en\/wp-json\/wp\/v2\/product\/9944","targetHints":{"allow":["GET"]}}],"collection":[{"href":"https:\/\/parapharmacieenligne.ma\/en\/wp-json\/wp\/v2\/product"}],"about":[{"href":"https:\/\/parapharmacieenligne.ma\/en\/wp-json\/wp\/v2\/types\/product"}],"replies":[{"embeddable":true,"href":"https:\/\/parapharmacieenligne.ma\/en\/wp-json\/wp\/v2\/comments?post=9944"}],"version-history":[{"count":1,"href":"https:\/\/parapharmacieenligne.ma\/en\/wp-json\/wp\/v2\/product\/9944\/revisions"}],"predecessor-version":[{"id":10028,"href":"https:\/\/parapharmacieenligne.ma\/en\/wp-json\/wp\/v2\/product\/9944\/revisions\/10028"}],"wp:featuredmedia":[{"embeddable":true,"href":"https:\/\/parapharmacieenligne.ma\/en\/wp-json\/wp\/v2\/media\/10027"}],"wp:attachment":[{"href":"https:\/\/parapharmacieenligne.ma\/en\/wp-json\/wp\/v2\/media?parent=9944"}],"wp:term":[{"taxonomy":"product_cat","embeddable":true,"href":"https:\/\/parapharmacieenligne.ma\/en\/wp-json\/wp\/v2\/product_cat?post=9944"},{"taxonomy":"product_tag","embeddable":true,"href":"https:\/\/parapharmacieenligne.ma\/en\/wp-json\/wp\/v2\/product_tag?post=9944"},{"taxonomy":"yith_product_brand","embeddable":true,"href":"https:\/\/parapharmacieenligne.ma\/en\/wp-json\/wp\/v2\/yith_product_brand?post=9944"}],"curies":[{"name":"wp","href":"https:\/\/api.w.org\/{rel}","templated":true}]}}