{"id":9945,"date":"2026-01-26T17:11:26","date_gmt":"2026-01-26T16:11:26","guid":{"rendered":"https:\/\/parapharmacieenligne.ma\/?post_type=product&#038;p=9945"},"modified":"2026-01-26T17:13:47","modified_gmt":"2026-01-26T16:13:47","slug":"uriage-bebe-1er-soin-croutes-de-lait-40ml","status":"publish","type":"product","link":"https:\/\/parapharmacieenligne.ma\/en\/product\/uriage-bebe-1er-soin-croutes-de-lait-40ml\/","title":{"rendered":"Uriage bebe 1er soin croutes de lait 40ml"},"content":{"rendered":"<div aria-labelledby=\"tab-title-description\" class=\"woocommerce-Tabs-panel woocommerce-Tabs-panel--description panel entry-content wc-tab\" id=\"tab-description\" role=\"tabpanel\" style=\"\">\n<h2>Description<\/h2>\n<p>APAISE<br \/>\n Enrichie en Eau Thermale d\u2019Uriage, ce soin apaise et calme les irritations du cuir chevelu.<\/p>\n<p>ELIMINE LES CRO\u00dbTES DE LAIT<br \/>\n Ce soin \u00e9limine les cro\u00fbtes de lait tout en hydratant et permet de limiter la prolif\u00e9ration des micro-organismes pour pr\u00e9server un cuir chevelu sain et apais\u00e9.<\/p>\n<p><strong>CONSEILS D\u2019UTILISATION :<\/strong><\/p>\n<p>Appliquer sur les cro\u00fbtes de lait en massant l\u00e9g\u00e8rement, laisser agir toute la nuit puis rincer le lendemain matin. \u00c9viter le contact avec les yeux.<\/p>\n<\/p><\/div>","protected":false},"excerpt":{"rendered":"<p>Highlights:Equip\u00e9s d\u2019un obturateur pour limiter les fuites lors du m\u00e9lange eau\/poudre et lors du transport. Sans BPA.<\/p>","protected":false},"featured_media":10029,"comment_status":"open","ping_status":"closed","template":"","meta":[],"product_cat":[87],"product_tag":[],"yith_product_brand":[133],"class_list":{"0":"post-9945","1":"product","2":"type-product","3":"status-publish","4":"has-post-thumbnail","6":"product_cat-bebe-et-maman","7":"yith_product_brand-uriage","9":"first","10":"instock","11":"sale","12":"shipping-taxable","13":"purchasable","14":"product-type-simple"},"_links":{"self":[{"href":"https:\/\/parapharmacieenligne.ma\/en\/wp-json\/wp\/v2\/product\/9945","targetHints":{"allow":["GET"]}}],"collection":[{"href":"https:\/\/parapharmacieenligne.ma\/en\/wp-json\/wp\/v2\/product"}],"about":[{"href":"https:\/\/parapharmacieenligne.ma\/en\/wp-json\/wp\/v2\/types\/product"}],"replies":[{"embeddable":true,"href":"https:\/\/parapharmacieenligne.ma\/en\/wp-json\/wp\/v2\/comments?post=9945"}],"version-history":[{"count":1,"href":"https:\/\/parapharmacieenligne.ma\/en\/wp-json\/wp\/v2\/product\/9945\/revisions"}],"predecessor-version":[{"id":10030,"href":"https:\/\/parapharmacieenligne.ma\/en\/wp-json\/wp\/v2\/product\/9945\/revisions\/10030"}],"wp:featuredmedia":[{"embeddable":true,"href":"https:\/\/parapharmacieenligne.ma\/en\/wp-json\/wp\/v2\/media\/10029"}],"wp:attachment":[{"href":"https:\/\/parapharmacieenligne.ma\/en\/wp-json\/wp\/v2\/media?parent=9945"}],"wp:term":[{"taxonomy":"product_cat","embeddable":true,"href":"https:\/\/parapharmacieenligne.ma\/en\/wp-json\/wp\/v2\/product_cat?post=9945"},{"taxonomy":"product_tag","embeddable":true,"href":"https:\/\/parapharmacieenligne.ma\/en\/wp-json\/wp\/v2\/product_tag?post=9945"},{"taxonomy":"yith_product_brand","embeddable":true,"href":"https:\/\/parapharmacieenligne.ma\/en\/wp-json\/wp\/v2\/yith_product_brand?post=9945"}],"curies":[{"name":"wp","href":"https:\/\/api.w.org\/{rel}","templated":true}]}}