{"id":9958,"date":"2026-01-26T17:11:54","date_gmt":"2026-01-26T16:11:54","guid":{"rendered":"https:\/\/parapharmacieenligne.ma\/?post_type=product&#038;p=9958"},"modified":"2026-01-26T17:13:51","modified_gmt":"2026-01-26T16:13:51","slug":"uriage-hyseac-serum-peau-neuve-40ml","status":"publish","type":"product","link":"https:\/\/parapharmacieenligne.ma\/en\/product\/uriage-hyseac-serum-peau-neuve-40ml\/","title":{"rendered":"URIAGE \u2013 HYSEAC \u2013 SERUM PEAU NEUVE 40ML"},"content":{"rendered":"<div aria-labelledby=\"tab-title-description\" class=\"woocommerce-Tabs-panel woocommerce-Tabs-panel--description panel entry-content wc-tab\" id=\"tab-description\" role=\"tabpanel\" style=\"\">\n<h2>Description<\/h2>\n<p>Sa texture gel-fusion ultra-l\u00e9g\u00e8re qui se casse en eau sur la peau et p\u00e9n\u00e8tre instantan\u00e9ment !<\/p>\n<p><strong>\u200bR\u00c9DUIT LES IMPERFECTIONS :<\/strong> Gr\u00e2ce \u00e0 l\u2019association de 3 brevets exclusifs et de Zinc matifiant, il agit rapidement pour r\u00e9duire les imperfections et pr\u00e9venir leur r\u00e9cidive \u00e0 long terme.<\/p>\n<p><strong>LISSE LA PEAU &amp; R\u00c9V\u00c8LE L\u2019\u00c9CLAT :<\/strong> Sa formule int\u00e8gre un complexe d\u2019AHA k\u00e9rator\u00e9gulateurs [Malique + Lactique + Glycolique] et un extrait v\u00e9g\u00e9tal Pore refiner pour affiner le grain de peau et r\u00e9v\u00e9ler un teint \u00e9clatant.<\/p>\n<p><strong>HYDRATE :<\/strong> Gr\u00e2ce \u00e0 l\u2019Eau thermale d\u2019Uriage, il laisse la peau hydrat\u00e9e et confortable.<\/p>\n<p><strong>R\u00e9sultats :<\/strong><br \/>\n 100%<br \/>\n Des imperfections r\u00e9duites<br \/>\n Etude Clinique \u2013 17 sujets \u2013 Peaux \u00e0 tendance acn\u00e9ique. % de satisfaction. R\u00e9sultats apr\u00e8s 7 jours d\u2019application bi-quotidienne du s\u00e9rum Hys\u00e9ac<\/p>\n<p><strong>Conseils d\u2019utilisation :<\/strong><br \/>\n Appliquer matin et\/ou soir sur une peau nettoy\u00e9e et s\u00e9ch\u00e9e.<br \/>\n S\u2019utilise seul ou en compl\u00e9ment sous le soin 3-Regul pour une routine anti-imperfections renforc\u00e9e ou sous le fluide AGE-PROTECT pour une routine anti-\u00e2ge anti-imperfections pour la femme adulte.<br \/>\n Ce produit contient des AHA, utiliser un produit de protection solaire en cas d\u2019exposition.<br \/>\n Eviter le contour des yeux.<\/p>\n<\/p><\/div>\n","protected":false},"excerpt":{"rendered":"<p>Highlights:Le soin concentr\u00e9 booster anti-imperfections. Ce s\u00e9rum int\u00e8gre des actifs dermatologiques puissants dans une texture gel fusion haute absorption pour des r\u00e9sultats visibles d\u00e8s 7 jours ! Efficacit\u00e9 prouv\u00e9e sur peaux \u00e0 tendance acn\u00e9ique.<\/p>","protected":false},"featured_media":10031,"comment_status":"open","ping_status":"closed","template":"","meta":[],"product_cat":[83],"product_tag":[],"yith_product_brand":[133],"class_list":{"0":"post-9958","1":"product","2":"type-product","3":"status-publish","4":"has-post-thumbnail","6":"product_cat-soins-visage","7":"yith_product_brand-uriage","9":"first","10":"instock","11":"sale","12":"shipping-taxable","13":"purchasable","14":"product-type-simple"},"_links":{"self":[{"href":"https:\/\/parapharmacieenligne.ma\/en\/wp-json\/wp\/v2\/product\/9958","targetHints":{"allow":["GET"]}}],"collection":[{"href":"https:\/\/parapharmacieenligne.ma\/en\/wp-json\/wp\/v2\/product"}],"about":[{"href":"https:\/\/parapharmacieenligne.ma\/en\/wp-json\/wp\/v2\/types\/product"}],"replies":[{"embeddable":true,"href":"https:\/\/parapharmacieenligne.ma\/en\/wp-json\/wp\/v2\/comments?post=9958"}],"version-history":[{"count":1,"href":"https:\/\/parapharmacieenligne.ma\/en\/wp-json\/wp\/v2\/product\/9958\/revisions"}],"predecessor-version":[{"id":10032,"href":"https:\/\/parapharmacieenligne.ma\/en\/wp-json\/wp\/v2\/product\/9958\/revisions\/10032"}],"wp:featuredmedia":[{"embeddable":true,"href":"https:\/\/parapharmacieenligne.ma\/en\/wp-json\/wp\/v2\/media\/10031"}],"wp:attachment":[{"href":"https:\/\/parapharmacieenligne.ma\/en\/wp-json\/wp\/v2\/media?parent=9958"}],"wp:term":[{"taxonomy":"product_cat","embeddable":true,"href":"https:\/\/parapharmacieenligne.ma\/en\/wp-json\/wp\/v2\/product_cat?post=9958"},{"taxonomy":"product_tag","embeddable":true,"href":"https:\/\/parapharmacieenligne.ma\/en\/wp-json\/wp\/v2\/product_tag?post=9958"},{"taxonomy":"yith_product_brand","embeddable":true,"href":"https:\/\/parapharmacieenligne.ma\/en\/wp-json\/wp\/v2\/yith_product_brand?post=9958"}],"curies":[{"name":"wp","href":"https:\/\/api.w.org\/{rel}","templated":true}]}}