{"id":9959,"date":"2026-01-26T17:11:54","date_gmt":"2026-01-26T16:11:54","guid":{"rendered":"https:\/\/parapharmacieenligne.ma\/?post_type=product&#038;p=9959"},"modified":"2026-01-26T17:14:06","modified_gmt":"2026-01-26T16:14:06","slug":"uriage-bebe-1er-huile-lavante-apaisante-500ml","status":"publish","type":"product","link":"https:\/\/parapharmacieenligne.ma\/en\/product\/uriage-bebe-1er-huile-lavante-apaisante-500ml\/","title":{"rendered":"Uriage b\u00e9b\u00e9 1er Huile Lavante Apaisante 500ml"},"content":{"rendered":"<div aria-labelledby=\"tab-title-description\" class=\"woocommerce-Tabs-panel woocommerce-Tabs-panel--description panel entry-content wc-tab\" id=\"tab-description\" role=\"tabpanel\" style=\"\">\n<h2>Description<\/h2>\n<div class=\"widget__content\">\n<p>Retrouvez toute l\u2019expertise de la gamme X\u00e9mose d\u2019Uriage dans un produit hygi\u00e8ne b\u00e9b\u00e9 haute tol\u00e9rance d\u00e9di\u00e9 aux peaux tr\u00e8s s\u00e8ches \u00e0 tendance atopique.<\/p>\n<p>Cette huile lavante apaisante enrichie en actifs relipidants et hydratants, prot\u00e8ge du dess\u00e8chement cutan\u00e9, apaise les sensations de d\u00e9mangeaisons associ\u00e9es \u00e0 la peau s\u00e8che, et laisse un film protecteur.<\/p>\n<\/p><\/div>\n<ul class=\"list-steps\">\n<li>\n<h2>NETTOIE EN DOUCEUR<\/h2>\n<p>Sa base lavante douce, sans savon ni parfum, assure un nettoyage d\u00e9licat.<\/p>\n<\/li>\n<li>\n<h2>PROTEGE ET NOURRIT LA PEAU<\/h2>\n<p>Sa formule contient des actifs relipidants et laisse un film hydratant protecteur qui prot\u00e8ge la peau.<\/p>\n<\/li>\n<li>\n<h2>APAISE ET SOULAGE LES D\u00c9MANGEAISONS :<\/h2>\n<p>Gr\u00e2ce \u00e0 l\u2019Eau Thermale d\u2019Uriage et au brevet Cerasterol 2F, elle apaise durablement et renforce le film hydrolipidique de la peau.<\/p>\n<\/li>\n<\/ul><\/div>","protected":false},"excerpt":{"rendered":"<p>Highlights:B\u00c9B\u00c9 \u2013 1\u00c8RE HUILE LAVANTE APAISANTE HUILE LAVANTE APAISANTE NON PARFUM\u00c9E(Soins peaux tr\u00e8s s\u00e8ches, Soins peaux \u00e0 tendance atopique)<\/p>","protected":false},"featured_media":10039,"comment_status":"open","ping_status":"closed","template":"","meta":[],"product_cat":[87],"product_tag":[],"yith_product_brand":[133],"class_list":{"0":"post-9959","1":"product","2":"type-product","3":"status-publish","4":"has-post-thumbnail","6":"product_cat-bebe-et-maman","7":"yith_product_brand-uriage","9":"first","10":"instock","11":"sale","12":"shipping-taxable","13":"purchasable","14":"product-type-simple"},"_links":{"self":[{"href":"https:\/\/parapharmacieenligne.ma\/en\/wp-json\/wp\/v2\/product\/9959","targetHints":{"allow":["GET"]}}],"collection":[{"href":"https:\/\/parapharmacieenligne.ma\/en\/wp-json\/wp\/v2\/product"}],"about":[{"href":"https:\/\/parapharmacieenligne.ma\/en\/wp-json\/wp\/v2\/types\/product"}],"replies":[{"embeddable":true,"href":"https:\/\/parapharmacieenligne.ma\/en\/wp-json\/wp\/v2\/comments?post=9959"}],"version-history":[{"count":1,"href":"https:\/\/parapharmacieenligne.ma\/en\/wp-json\/wp\/v2\/product\/9959\/revisions"}],"predecessor-version":[{"id":10040,"href":"https:\/\/parapharmacieenligne.ma\/en\/wp-json\/wp\/v2\/product\/9959\/revisions\/10040"}],"wp:featuredmedia":[{"embeddable":true,"href":"https:\/\/parapharmacieenligne.ma\/en\/wp-json\/wp\/v2\/media\/10039"}],"wp:attachment":[{"href":"https:\/\/parapharmacieenligne.ma\/en\/wp-json\/wp\/v2\/media?parent=9959"}],"wp:term":[{"taxonomy":"product_cat","embeddable":true,"href":"https:\/\/parapharmacieenligne.ma\/en\/wp-json\/wp\/v2\/product_cat?post=9959"},{"taxonomy":"product_tag","embeddable":true,"href":"https:\/\/parapharmacieenligne.ma\/en\/wp-json\/wp\/v2\/product_tag?post=9959"},{"taxonomy":"yith_product_brand","embeddable":true,"href":"https:\/\/parapharmacieenligne.ma\/en\/wp-json\/wp\/v2\/yith_product_brand?post=9959"}],"curies":[{"name":"wp","href":"https:\/\/api.w.org\/{rel}","templated":true}]}}