{"id":9960,"date":"2026-01-26T17:11:54","date_gmt":"2026-01-26T16:11:54","guid":{"rendered":"https:\/\/parapharmacieenligne.ma\/?post_type=product&#038;p=9960"},"modified":"2026-01-26T17:14:11","modified_gmt":"2026-01-26T16:14:11","slug":"uriage-tolederm-controle-soin-yeux-15ml","status":"publish","type":"product","link":"https:\/\/parapharmacieenligne.ma\/en\/product\/uriage-tolederm-controle-soin-yeux-15ml\/","title":{"rendered":"Uriage Tolederm Controle Soin Yeux 15ml"},"content":{"rendered":"<div aria-labelledby=\"tab-title-description\" class=\"woocommerce-Tabs-panel woocommerce-Tabs-panel--description panel entry-content wc-tab\" id=\"tab-description\" role=\"tabpanel\" style=\"\">\n<h2>Description<\/h2>\n<div class=\"c-product__intro u-intro\">\n<p>Dot\u00e9 d\u2019une formule minimaliste et d\u2019une texture fra\u00eeche et l\u00e9g\u00e8re, Tol\u00e9derm CONTROL SOIN YEUX FRAIS APAISANT apaise instantan\u00e9ment, hydrate, prot\u00e8ge et offre un confort durable aux contours des yeux sensibles des peaux intol\u00e9rantes, hyper-r\u00e9actives et allergiques.<br \/>\n Gr\u00e2ce \u00e0 sa formule aux 3 ingr\u00e9dients actifs d\u2019origine naturelle [Eau Thermale d\u2019Uriage + Squalane V\u00e9g\u00e9tal + Polyuronides d\u2019Algues], ce soin renforce la barri\u00e8re de la peau et augmente son seuil de tol\u00e9rance pour aider \u00e0 contr\u00f4ler les sensations d\u2019irritations, de picotements, d\u2019\u00e9chauffements et\/ou de tiraillements.<\/p>\n<\/p><\/div>\n<div class=\"c-product__description c-content\">\n<h2>CONTR\u00d4LE LA R\u00c9ACTIVIT\u00c9 DE LA PEAU<\/h2>\n<p>Le trio d\u2019actifs d\u2019origine naturelle limite en surface la p\u00e9n\u00e9tration de stimuli aggravants la sensibilit\u00e9 cutan\u00e9e. L\u2019Eau Thermale d\u2019Uriage contr\u00f4le 3 neuro-r\u00e9cepteurs impliqu\u00e9s dans les m\u00e9canismes de sensibilit\u00e9 cutan\u00e9e pour augmenter le seuil de tol\u00e9rance.*<\/p>\n<p>*\u00ab stinging test \u00bb sous contr\u00f4le dermatologique chez 15 volontaires adultes \u00e0 peau sensible hyper-r\u00e9active ayant utilis\u00e9 Tol\u00e9derm Control Soin Apaisant Riche : diminution du seuil d\u2019irritabilit\u00e9 cutan\u00e9e<\/p>\n<h2>CALME IMM\u00c9DIATEMENT LES SENSATIONS D\u2019INCONFORT<\/h2>\n<p>Les Polyuronides d\u2019Algues anti-irritants associ\u00e9s \u00e0 l\u2019Eau thermale d\u2019Uriage naturellement apaisante, calment imm\u00e9diatement et durablement les sensations d\u2019inconfort.<\/p>\n<h2>ACTION POCHES ET CERNES<\/h2>\n<p>Sa formule fra\u00eeche enrichie en nacres correctrices estompe les cernes et diminue les poches sous les yeux.<\/p>\n<\/p><\/div>\n<\/p><\/div>\n","protected":false},"excerpt":{"rendered":"<p>Highlights:TOL\u00c9DERM CONTROL SOIN YEUX FRAIS APAISANT(Soins peaux sensibles, Soins peaux intol\u00e9rates)<\/p>","protected":false},"featured_media":10041,"comment_status":"open","ping_status":"closed","template":"","meta":[],"product_cat":[83],"product_tag":[],"yith_product_brand":[133],"class_list":{"0":"post-9960","1":"product","2":"type-product","3":"status-publish","4":"has-post-thumbnail","6":"product_cat-soins-visage","7":"yith_product_brand-uriage","9":"first","10":"instock","11":"sale","12":"shipping-taxable","13":"purchasable","14":"product-type-simple"},"_links":{"self":[{"href":"https:\/\/parapharmacieenligne.ma\/en\/wp-json\/wp\/v2\/product\/9960","targetHints":{"allow":["GET"]}}],"collection":[{"href":"https:\/\/parapharmacieenligne.ma\/en\/wp-json\/wp\/v2\/product"}],"about":[{"href":"https:\/\/parapharmacieenligne.ma\/en\/wp-json\/wp\/v2\/types\/product"}],"replies":[{"embeddable":true,"href":"https:\/\/parapharmacieenligne.ma\/en\/wp-json\/wp\/v2\/comments?post=9960"}],"version-history":[{"count":1,"href":"https:\/\/parapharmacieenligne.ma\/en\/wp-json\/wp\/v2\/product\/9960\/revisions"}],"predecessor-version":[{"id":10042,"href":"https:\/\/parapharmacieenligne.ma\/en\/wp-json\/wp\/v2\/product\/9960\/revisions\/10042"}],"wp:featuredmedia":[{"embeddable":true,"href":"https:\/\/parapharmacieenligne.ma\/en\/wp-json\/wp\/v2\/media\/10041"}],"wp:attachment":[{"href":"https:\/\/parapharmacieenligne.ma\/en\/wp-json\/wp\/v2\/media?parent=9960"}],"wp:term":[{"taxonomy":"product_cat","embeddable":true,"href":"https:\/\/parapharmacieenligne.ma\/en\/wp-json\/wp\/v2\/product_cat?post=9960"},{"taxonomy":"product_tag","embeddable":true,"href":"https:\/\/parapharmacieenligne.ma\/en\/wp-json\/wp\/v2\/product_tag?post=9960"},{"taxonomy":"yith_product_brand","embeddable":true,"href":"https:\/\/parapharmacieenligne.ma\/en\/wp-json\/wp\/v2\/yith_product_brand?post=9960"}],"curies":[{"name":"wp","href":"https:\/\/api.w.org\/{rel}","templated":true}]}}