{"id":9974,"date":"2026-01-26T17:12:22","date_gmt":"2026-01-26T16:12:22","guid":{"rendered":"https:\/\/parapharmacieenligne.ma\/?post_type=product&#038;p=9974"},"modified":"2026-01-26T17:14:44","modified_gmt":"2026-01-26T16:14:44","slug":"uriage-xemose-soin-apaisant-contour-des-yeux-15ml","status":"publish","type":"product","link":"https:\/\/parapharmacieenligne.ma\/en\/product\/uriage-xemose-soin-apaisant-contour-des-yeux-15ml\/","title":{"rendered":"URIAGE XEMOSE SOIN APAISANT CONTOUR DES YEUX 15ML"},"content":{"rendered":"<div aria-labelledby=\"tab-title-description\" class=\"woocommerce-Tabs-panel woocommerce-Tabs-panel--description panel entry-content wc-tab\" id=\"tab-description\" role=\"tabpanel\" style=\"\">\n<h2>Description<\/h2>\n<p>Sp\u00e9cifiquement formul\u00e9 pour les contours des yeux secs et sujets aux d\u00e9mangeaisons, ce soin apaise imm\u00e9diatement et durablement les sensations de s\u00e9cheresse, tiraillements et inconfort. Sa formule haute tol\u00e9rance d\u00e9congestionne, nourrit la peau et aide ainsi \u00e0 restaurer la barri\u00e8re cutan\u00e9e.<\/p>\n<p>Anti-grattage \u2013 Anti-s\u00e9cheresse \u2013 Anti-r\u00e9cidive<br \/>\n Renforcement de la triple barri\u00e8re de la peau.<\/p>\n<p>Texture cr\u00e8me confortable, non collante, non parfum\u00e9e.<br \/>\n Enfants, Adultes<\/p>\n<p>ACTION 1<br \/>\n Apaise les sensations d\u2019irritations et d\u2019inconfort, restaure la barri\u00e8re cutan\u00e9e<br \/>\n en la prot\u00e9geant des agressions ext\u00e9rieures (froid, vent\u2026)<\/p>\n<p>ACTION 2<br \/>\n Nourrit intens\u00e9ment les contours des yeux et paupi\u00e8res s\u00e8ches \u00e0 tr\u00e8s s\u00e8ches<\/p>\n<p>ACTION 3<br \/>\n Confort durable \u2013 Anti-R\u00e9cidive 48h. Texture au fini doux et confortable<\/p>\n<p><strong><strong>Conseils d\u2019Utilisation : <\/strong> <\/strong><\/p>\n<p>Appliquer d\u00e9licatement matin et\/ou soir sur le contour de l\u2019\u0153il et les paupi\u00e8res selon les besoins.<\/p>\n<\/p><\/div>","protected":false},"excerpt":{"rendered":"<p>Highlights:Nettoie et hydrate en douceur, aide \u00e0 renforcer la barri\u00e8re protectrice de la peau. Texture cr\u00e9meuse, hydratante et non moussante. Id\u00e9al pour toute la famille.\u2022 Besoin :Nettoyer | Hydrater | Peau normale \u00e0 s\u00e8che | Peau sensible.\u2022 Ingr\u00e9dients Cl\u00e9s :C\u00e9ramides (1, 3 et 6-II) pour prot\u00e9ger et nourrir | Acide Hyaluronique pour maintenir la peau hydrat\u00e9e.\u2022S\u00e9curit\u00e9 :Sans Parfum | Hypoallerg\u00e9nique | Non-Com\u00e9dog\u00e8ne.\u2022 Utilisation :Appliquer sur une peau humide. Rincer \u00e0 l\u2019eau. Visage et Corps.Approuv\u00e9 par les membres de l\u2019Association Fran\u00e7aise de l\u2019Ecz\u00e9ma.<\/p>","protected":false},"featured_media":10053,"comment_status":"open","ping_status":"closed","template":"","meta":[],"product_cat":[83],"product_tag":[],"yith_product_brand":[133],"class_list":{"0":"post-9974","1":"product","2":"type-product","3":"status-publish","4":"has-post-thumbnail","6":"product_cat-soins-visage","7":"yith_product_brand-uriage","9":"first","10":"instock","11":"sale","12":"shipping-taxable","13":"purchasable","14":"product-type-simple"},"_links":{"self":[{"href":"https:\/\/parapharmacieenligne.ma\/en\/wp-json\/wp\/v2\/product\/9974","targetHints":{"allow":["GET"]}}],"collection":[{"href":"https:\/\/parapharmacieenligne.ma\/en\/wp-json\/wp\/v2\/product"}],"about":[{"href":"https:\/\/parapharmacieenligne.ma\/en\/wp-json\/wp\/v2\/types\/product"}],"replies":[{"embeddable":true,"href":"https:\/\/parapharmacieenligne.ma\/en\/wp-json\/wp\/v2\/comments?post=9974"}],"version-history":[{"count":1,"href":"https:\/\/parapharmacieenligne.ma\/en\/wp-json\/wp\/v2\/product\/9974\/revisions"}],"predecessor-version":[{"id":10054,"href":"https:\/\/parapharmacieenligne.ma\/en\/wp-json\/wp\/v2\/product\/9974\/revisions\/10054"}],"wp:featuredmedia":[{"embeddable":true,"href":"https:\/\/parapharmacieenligne.ma\/en\/wp-json\/wp\/v2\/media\/10053"}],"wp:attachment":[{"href":"https:\/\/parapharmacieenligne.ma\/en\/wp-json\/wp\/v2\/media?parent=9974"}],"wp:term":[{"taxonomy":"product_cat","embeddable":true,"href":"https:\/\/parapharmacieenligne.ma\/en\/wp-json\/wp\/v2\/product_cat?post=9974"},{"taxonomy":"product_tag","embeddable":true,"href":"https:\/\/parapharmacieenligne.ma\/en\/wp-json\/wp\/v2\/product_tag?post=9974"},{"taxonomy":"yith_product_brand","embeddable":true,"href":"https:\/\/parapharmacieenligne.ma\/en\/wp-json\/wp\/v2\/yith_product_brand?post=9974"}],"curies":[{"name":"wp","href":"https:\/\/api.w.org\/{rel}","templated":true}]}}