{"id":9976,"date":"2026-01-26T17:12:23","date_gmt":"2026-01-26T16:12:23","guid":{"rendered":"https:\/\/parapharmacieenligne.ma\/?post_type=product&#038;p=9976"},"modified":"2026-01-26T17:14:52","modified_gmt":"2026-01-26T16:14:52","slug":"uriage-bariederm-cica-huile-dermatologique-vergetures-marques-100ml","status":"publish","type":"product","link":"https:\/\/parapharmacieenligne.ma\/en\/product\/uriage-bariederm-cica-huile-dermatologique-vergetures-marques-100ml\/","title":{"rendered":"URIAGE BARI\u00c9DERM CICA-HUILE DERMATOLOGIQUE VERGETURES &#038; MARQUES 100ml"},"content":{"rendered":"<div aria-labelledby=\"tab-title-description\" class=\"woocommerce-Tabs-panel woocommerce-Tabs-panel--description panel entry-content wc-tab\" id=\"tab-description\" role=\"tabpanel\" style=\"\">\n<h2>Description<\/h2>\n<p>La CICA-HUILE Dermatologique a \u00e9t\u00e9 con\u00e7ue pour le massage des vergetures et marques r\u00e9centes. Elle accompagne parfaitement votre corps et ses diff\u00e9rentes \u00e9volutions : grossesse, prise de poids, marques post-op\u00e9rations\u2026 Sa formule est compos\u00e9e \u00e0 99,9% d\u2019ingr\u00e9dients d\u2019origine naturelle.<\/p>\n<p>1\/ CORRECTION :<br \/>\n \u2013 Brevet GF-Repair \u00e0 l\u2019efficacit\u00e9 r\u00e9paratrice prouv\u00e9e.<br \/>\n \u2013 Huile de Tamanu riche en polyph\u00e9nols favorise la r\u00e9paration de la peau.<br \/>\n \u2013 Squalane v\u00e9g\u00e9tal aide \u00e0 r\u00e9g\u00e9n\u00e9rer le film hydrolipidique de la peau.<\/p>\n<p>2\/ PR\u00c9VENTION :<br \/>\n \u2013 Huile de jojoba riche en acide gras, prot\u00e8ge et nourrit la peau.<br \/>\n \u2013 Huile d\u2019avocat riche en carot\u00e9no\u00efdes, vitamine C et E assouplit la peau.<br \/>\n \u2013 Huile de tournesol naturellement riche en om\u00e9ga-6 et vitamine E nourrit intens\u00e9ment la peau.<\/p>\n<p><strong><strong>Conseils d\u2019Utilisation : <\/strong> <\/strong><\/p>\n<p>Appliquer 2 fois par jour sur les vergetures et cicatrices r\u00e9centes en massant d\u00e9licatement par mouvements circulaires jusqu\u2019\u00e0 compl\u00e8te p\u00e9n\u00e9tration. Fini non gras. Habillage rapide. Peut-\u00eatre utilis\u00e9e avant, pendant, apr\u00e8s la grossesse et durant la p\u00e9riode d\u2019allaitement. Nettoyer les mamelons avant chaque t\u00e9t\u00e9e. Ne pas appliquer sur une peau l\u00e9s\u00e9e.<\/p>\n<\/p><\/div>","protected":false},"excerpt":{"rendered":"<p>Highlights:Soins r\u00e9parateurs corps<\/p>","protected":false},"featured_media":10057,"comment_status":"open","ping_status":"closed","template":"","meta":[],"product_cat":[85],"product_tag":[],"yith_product_brand":[133],"class_list":{"0":"post-9976","1":"product","2":"type-product","3":"status-publish","4":"has-post-thumbnail","6":"product_cat-soins-corps","7":"yith_product_brand-uriage","9":"first","10":"instock","11":"sale","12":"shipping-taxable","13":"purchasable","14":"product-type-simple"},"_links":{"self":[{"href":"https:\/\/parapharmacieenligne.ma\/en\/wp-json\/wp\/v2\/product\/9976","targetHints":{"allow":["GET"]}}],"collection":[{"href":"https:\/\/parapharmacieenligne.ma\/en\/wp-json\/wp\/v2\/product"}],"about":[{"href":"https:\/\/parapharmacieenligne.ma\/en\/wp-json\/wp\/v2\/types\/product"}],"replies":[{"embeddable":true,"href":"https:\/\/parapharmacieenligne.ma\/en\/wp-json\/wp\/v2\/comments?post=9976"}],"version-history":[{"count":1,"href":"https:\/\/parapharmacieenligne.ma\/en\/wp-json\/wp\/v2\/product\/9976\/revisions"}],"predecessor-version":[{"id":10058,"href":"https:\/\/parapharmacieenligne.ma\/en\/wp-json\/wp\/v2\/product\/9976\/revisions\/10058"}],"wp:featuredmedia":[{"embeddable":true,"href":"https:\/\/parapharmacieenligne.ma\/en\/wp-json\/wp\/v2\/media\/10057"}],"wp:attachment":[{"href":"https:\/\/parapharmacieenligne.ma\/en\/wp-json\/wp\/v2\/media?parent=9976"}],"wp:term":[{"taxonomy":"product_cat","embeddable":true,"href":"https:\/\/parapharmacieenligne.ma\/en\/wp-json\/wp\/v2\/product_cat?post=9976"},{"taxonomy":"product_tag","embeddable":true,"href":"https:\/\/parapharmacieenligne.ma\/en\/wp-json\/wp\/v2\/product_tag?post=9976"},{"taxonomy":"yith_product_brand","embeddable":true,"href":"https:\/\/parapharmacieenligne.ma\/en\/wp-json\/wp\/v2\/yith_product_brand?post=9976"}],"curies":[{"name":"wp","href":"https:\/\/api.w.org\/{rel}","templated":true}]}}