{"id":9996,"date":"2026-01-26T17:12:49","date_gmt":"2026-01-26T16:12:49","guid":{"rendered":"https:\/\/parapharmacieenligne.ma\/?post_type=product&#038;p=9996"},"modified":"2026-01-26T17:15:20","modified_gmt":"2026-01-26T16:15:20","slug":"uriage-bariesun-fluide-matifiant-spf50-50ml","status":"publish","type":"product","link":"https:\/\/parapharmacieenligne.ma\/en\/product\/uriage-bariesun-fluide-matifiant-spf50-50ml\/","title":{"rendered":"Uriage BARI\u00c9SUN FLUIDE MATIFIANT SPF50+ 50ml"},"content":{"rendered":"<div aria-labelledby=\"tab-title-description\" class=\"woocommerce-Tabs-panel woocommerce-Tabs-panel--description panel entry-content wc-tab\" id=\"tab-description\" role=\"tabpanel\" style=\"\">\n<h2>Description<\/h2>\n<p>Bari\u00e9sun combine un complexe filtrant tr\u00e8s performant et les propri\u00e9t\u00e9s de l\u2019Eau Thermale d\u2019Uriage pour prot\u00e9ger la peau et pr\u00e9venir les dommages cellulaires induits par les UVA et UVB.<\/p>\n<p>Sp\u00e9cialement d\u00e9velopp\u00e9 pour les peaux mixtes \u00e0 grasses, ce fluide matifiant apporte une tr\u00e8s haute protection solaire contre les UVA, les UVB. Sa formule l\u00e9g\u00e8re garantit un effet anti- brillance, une absorption rapide et une hydratation continue. NOUVEAU ! : une d\u00e9marche eco-responsable qui respecte les coraux et les oc\u00e9ans. Aussi un engagement \u00e9thique pour soutenir les ONG en renversant 1% des b\u00e9n\u00e9fices Bari\u00e9sun dans le monde.<\/p>\n<p><strong><strong>Conseils d\u2019Utilisation : <\/strong> <\/strong><\/p>\n<div class=\"c-content\">\n<p>Appliquer une dose suffisante de produit avant l\u2019exposition, par exemple l\u2019\u00e9quivalent d\u2019une cuill\u00e8re \u00e0 caf\u00e9 pour le visage et le cou. La r\u00e9duction de cette quantit\u00e9 diminue le niveau de protection.<br \/>\n Renouveler fr\u00e9quemment l\u2019application, surtout apr\u00e8s avoir transpir\u00e9, nag\u00e9 ou s\u2019\u00eatre essuy\u00e9.<br \/>\n M\u00eame bien prot\u00e9g\u00e9, r\u00e9duire au maximum l\u2019exposition.<br \/>\n Ne pas exposer les b\u00e9b\u00e9s et les jeunes enfants directement au soleil.<\/p>\n<\/p><\/div>\n<\/p><\/div>","protected":false},"excerpt":{"rendered":"<p>Highlights:ID\u00c9AL POUR Visage<\/p>","protected":false},"featured_media":10070,"comment_status":"open","ping_status":"closed","template":"","meta":[],"product_cat":[86],"product_tag":[],"yith_product_brand":[133],"class_list":{"0":"post-9996","1":"product","2":"type-product","3":"status-publish","4":"has-post-thumbnail","6":"product_cat-protection-solaire","7":"yith_product_brand-uriage","9":"first","10":"instock","11":"sale","12":"shipping-taxable","13":"purchasable","14":"product-type-simple"},"_links":{"self":[{"href":"https:\/\/parapharmacieenligne.ma\/en\/wp-json\/wp\/v2\/product\/9996","targetHints":{"allow":["GET"]}}],"collection":[{"href":"https:\/\/parapharmacieenligne.ma\/en\/wp-json\/wp\/v2\/product"}],"about":[{"href":"https:\/\/parapharmacieenligne.ma\/en\/wp-json\/wp\/v2\/types\/product"}],"replies":[{"embeddable":true,"href":"https:\/\/parapharmacieenligne.ma\/en\/wp-json\/wp\/v2\/comments?post=9996"}],"version-history":[{"count":1,"href":"https:\/\/parapharmacieenligne.ma\/en\/wp-json\/wp\/v2\/product\/9996\/revisions"}],"predecessor-version":[{"id":10071,"href":"https:\/\/parapharmacieenligne.ma\/en\/wp-json\/wp\/v2\/product\/9996\/revisions\/10071"}],"wp:featuredmedia":[{"embeddable":true,"href":"https:\/\/parapharmacieenligne.ma\/en\/wp-json\/wp\/v2\/media\/10070"}],"wp:attachment":[{"href":"https:\/\/parapharmacieenligne.ma\/en\/wp-json\/wp\/v2\/media?parent=9996"}],"wp:term":[{"taxonomy":"product_cat","embeddable":true,"href":"https:\/\/parapharmacieenligne.ma\/en\/wp-json\/wp\/v2\/product_cat?post=9996"},{"taxonomy":"product_tag","embeddable":true,"href":"https:\/\/parapharmacieenligne.ma\/en\/wp-json\/wp\/v2\/product_tag?post=9996"},{"taxonomy":"yith_product_brand","embeddable":true,"href":"https:\/\/parapharmacieenligne.ma\/en\/wp-json\/wp\/v2\/yith_product_brand?post=9996"}],"curies":[{"name":"wp","href":"https:\/\/api.w.org\/{rel}","templated":true}]}}