{"id":9997,"date":"2026-01-26T17:12:49","date_gmt":"2026-01-26T16:12:49","guid":{"rendered":"https:\/\/parapharmacieenligne.ma\/?post_type=product&#038;p=9997"},"modified":"2026-01-26T17:15:26","modified_gmt":"2026-01-26T16:15:26","slug":"uriage-bariesun-creme-sans-parfum-spf50","status":"publish","type":"product","link":"https:\/\/parapharmacieenligne.ma\/en\/product\/uriage-bariesun-creme-sans-parfum-spf50\/","title":{"rendered":"URIAGE BARI\u00c9SUN CR\u00c8ME SANS PARFUM SPF50+"},"content":{"rendered":"<div aria-labelledby=\"tab-title-description\" class=\"woocommerce-Tabs-panel woocommerce-Tabs-panel--description panel entry-content wc-tab\" id=\"tab-description\" role=\"tabpanel\" style=\"\">\n<h2>Description<\/h2>\n<div class=\"c-product__intro u-intro\">\n<p>Gr\u00e2ce \u00e0 un complexe filtrant tr\u00e8s performant, la cr\u00e8me apporte une tr\u00e8s haute protection contre les UVA, les UVB et pr\u00e9vient du dess\u00e8chement cutan\u00e9. Sa texture l\u00e9g\u00e8re, non grasse et r\u00e9sistante \u00e0 l\u2019eau, garantit un plaisir d\u2019utilisation renouvel\u00e9 \u00e0 chaque application. Ce soin tr\u00e8s fluide garantit une haute s\u00e9curit\u00e9, une grande tol\u00e9rance et p\u00e9n\u00e8tre rapidement.<\/p>\n<\/p><\/div>\n<div class=\"c-product__description c-content\">\n<p>Prot\u00e8ge contre les UV<\/p>\n<p>Son complexe de filtres assure une tr\u00e8s haute protection contre les UV. Ce soin garantit une photostabilit\u00e9 prouv\u00e9e et une large couverture UVB-UVA.<\/p>\n<p>Pr\u00e9vient du dess\u00e8chement cutan\u00e9<\/p>\n<p>Enrichi en Aquaspongines et en Eau Thermale d\u2019Uriage, la cr\u00e8me assure une protection intense contre la d\u00e9shydratation.<\/p>\n<p><strong><strong>Conseils d\u2019Utilisation : <\/strong> <\/strong><\/p>\n<p>Avant l\u2019exposition, appliquer une dose g\u00e9n\u00e9reuse et homog\u00e8ne pour bien couvrir la zone expos\u00e9e au soleil. Renouveler l\u2019application fr\u00e9quemment, surtout apr\u00e8s avoir transpir\u00e9, nag\u00e9 ou s\u2019\u00eatre essuy\u00e9. M\u00eame bien prot\u00e9g\u00e9, r\u00e9duire au maximum l\u2019exposition. Ne pas exposer les b\u00e9b\u00e9s et les jeunes enfants directement au soleil.<\/p>\n<\/p><\/div>\n<\/p><\/div>","protected":false},"excerpt":{"rendered":"<p>Highlights:Test\u00e9 sous contr\u00f4le dermatologiqueNon com\u00e9dog\u00e8neNon parfum\u00e9<\/p>","protected":false},"featured_media":10072,"comment_status":"open","ping_status":"closed","template":"","meta":[],"product_cat":[86],"product_tag":[],"yith_product_brand":[133],"class_list":{"0":"post-9997","1":"product","2":"type-product","3":"status-publish","4":"has-post-thumbnail","6":"product_cat-protection-solaire","7":"yith_product_brand-uriage","9":"first","10":"instock","11":"sale","12":"shipping-taxable","13":"purchasable","14":"product-type-simple"},"_links":{"self":[{"href":"https:\/\/parapharmacieenligne.ma\/en\/wp-json\/wp\/v2\/product\/9997","targetHints":{"allow":["GET"]}}],"collection":[{"href":"https:\/\/parapharmacieenligne.ma\/en\/wp-json\/wp\/v2\/product"}],"about":[{"href":"https:\/\/parapharmacieenligne.ma\/en\/wp-json\/wp\/v2\/types\/product"}],"replies":[{"embeddable":true,"href":"https:\/\/parapharmacieenligne.ma\/en\/wp-json\/wp\/v2\/comments?post=9997"}],"version-history":[{"count":1,"href":"https:\/\/parapharmacieenligne.ma\/en\/wp-json\/wp\/v2\/product\/9997\/revisions"}],"predecessor-version":[{"id":10073,"href":"https:\/\/parapharmacieenligne.ma\/en\/wp-json\/wp\/v2\/product\/9997\/revisions\/10073"}],"wp:featuredmedia":[{"embeddable":true,"href":"https:\/\/parapharmacieenligne.ma\/en\/wp-json\/wp\/v2\/media\/10072"}],"wp:attachment":[{"href":"https:\/\/parapharmacieenligne.ma\/en\/wp-json\/wp\/v2\/media?parent=9997"}],"wp:term":[{"taxonomy":"product_cat","embeddable":true,"href":"https:\/\/parapharmacieenligne.ma\/en\/wp-json\/wp\/v2\/product_cat?post=9997"},{"taxonomy":"product_tag","embeddable":true,"href":"https:\/\/parapharmacieenligne.ma\/en\/wp-json\/wp\/v2\/product_tag?post=9997"},{"taxonomy":"yith_product_brand","embeddable":true,"href":"https:\/\/parapharmacieenligne.ma\/en\/wp-json\/wp\/v2\/yith_product_brand?post=9997"}],"curies":[{"name":"wp","href":"https:\/\/api.w.org\/{rel}","templated":true}]}}