{"id":9998,"date":"2026-01-26T17:12:50","date_gmt":"2026-01-26T16:12:50","guid":{"rendered":"https:\/\/parapharmacieenligne.ma\/?post_type=product&#038;p=9998"},"modified":"2026-01-26T17:15:40","modified_gmt":"2026-01-26T16:15:40","slug":"uriage-bariesun-brume-seche-spf50-200ml","status":"publish","type":"product","link":"https:\/\/parapharmacieenligne.ma\/en\/product\/uriage-bariesun-brume-seche-spf50-200ml\/","title":{"rendered":"URIAGE BARI\u00c9SUN BRUME S\u00c8CHE SPF50+ 200ml"},"content":{"rendered":"<div aria-labelledby=\"tab-title-description\" class=\"woocommerce-Tabs-panel woocommerce-Tabs-panel--description panel entry-content wc-tab\" id=\"tab-description\" role=\"tabpanel\" style=\"\">\n<h2>Description<\/h2>\n<div class=\"widget__content\">\n<p>Con\u00e7ue pour les peaux claires, cette brume ultra-l\u00e9g\u00e8re apporte une tr\u00e8s haute protection solaire contre les UVA, les UVB et pr\u00e9vient du dess\u00e8chement cutan\u00e9. Son syst\u00e8me de diffusion continue permet une application facile et rapide, m\u00eame sur peau mouill\u00e9e, et la rend id\u00e9ale pour les zones \u00e9tendues. Sa texture invisible et rapidement absorb\u00e9e garantit un fini sec et non collant.<\/p>\n<p>Un produit particuli\u00e8rement adapt\u00e9 aux activit\u00e9s de plein air pour un effet rafra\u00eechissant !<\/p>\n<\/p><\/div>\n<ul class=\"list-steps\">\n<li>Prot\u00e8ge contre les UVSon complexe de filtres apporte une tr\u00e8s haute protection contre les UVA, les UVB et les radicaux libres.<\/li>\n<li>Pr\u00e9serve du dess\u00e8chementEnrichi en Aquaspongines et en Eau Thermale d\u2019Uriage, cette brume ultra-l\u00e9g\u00e8re pr\u00e9serve du dess\u00e8chement cutan\u00e9.<\/li>\n<\/ul>\n<p><strong><strong>Conseils d\u2019Utilisation : <\/strong> <\/strong><\/p>\n<div class=\"widget__content\"><\/div>\n<ul>\n<li>Bien agiter avant emploi.<\/li>\n<li>Avant l\u2019exposition, pulv\u00e9risez g\u00e9n\u00e9reusement (ex : 8 pulv\u00e9risations pour le mollet).<\/li>\n<li>La r\u00e9duction de cette quantit\u00e9 diminue le niveau de protection.<\/li>\n<li>Renouveler l\u2019application fr\u00e9quemment, surtout apr\u00e8s avoir transpir\u00e9, nag\u00e9 ou s\u2019\u00eatre essuy\u00e9.<\/li>\n<li>Ne pas vaporiser directement sur le visage ; vaporiser d\u2019abord dans le creux de la main, puis appliquer sur le visage. M\u00eame bien prot\u00e9g\u00e9, r\u00e9duire au maximum l\u2019exposition.<\/li>\n<li>Ne pas exposer les b\u00e9b\u00e9s et les jeunes enfants directement au soleil.<\/li>\n<li>Utiliser dans un endroit bien ventil\u00e9.<\/li>\n<li>Ne pas inhaler intentionnellement.<\/li>\n<\/ul><\/div>","protected":false},"excerpt":{"rendered":"<p>Highlights:TR\u00c8S HAUTE PROTECTION SOLAIRE<\/p>","protected":false},"featured_media":10077,"comment_status":"open","ping_status":"closed","template":"","meta":[],"product_cat":[86],"product_tag":[],"yith_product_brand":[133],"class_list":{"0":"post-9998","1":"product","2":"type-product","3":"status-publish","4":"has-post-thumbnail","6":"product_cat-protection-solaire","7":"yith_product_brand-uriage","9":"first","10":"instock","11":"sale","12":"shipping-taxable","13":"purchasable","14":"product-type-simple"},"_links":{"self":[{"href":"https:\/\/parapharmacieenligne.ma\/en\/wp-json\/wp\/v2\/product\/9998","targetHints":{"allow":["GET"]}}],"collection":[{"href":"https:\/\/parapharmacieenligne.ma\/en\/wp-json\/wp\/v2\/product"}],"about":[{"href":"https:\/\/parapharmacieenligne.ma\/en\/wp-json\/wp\/v2\/types\/product"}],"replies":[{"embeddable":true,"href":"https:\/\/parapharmacieenligne.ma\/en\/wp-json\/wp\/v2\/comments?post=9998"}],"version-history":[{"count":1,"href":"https:\/\/parapharmacieenligne.ma\/en\/wp-json\/wp\/v2\/product\/9998\/revisions"}],"predecessor-version":[{"id":10078,"href":"https:\/\/parapharmacieenligne.ma\/en\/wp-json\/wp\/v2\/product\/9998\/revisions\/10078"}],"wp:featuredmedia":[{"embeddable":true,"href":"https:\/\/parapharmacieenligne.ma\/en\/wp-json\/wp\/v2\/media\/10077"}],"wp:attachment":[{"href":"https:\/\/parapharmacieenligne.ma\/en\/wp-json\/wp\/v2\/media?parent=9998"}],"wp:term":[{"taxonomy":"product_cat","embeddable":true,"href":"https:\/\/parapharmacieenligne.ma\/en\/wp-json\/wp\/v2\/product_cat?post=9998"},{"taxonomy":"product_tag","embeddable":true,"href":"https:\/\/parapharmacieenligne.ma\/en\/wp-json\/wp\/v2\/product_tag?post=9998"},{"taxonomy":"yith_product_brand","embeddable":true,"href":"https:\/\/parapharmacieenligne.ma\/en\/wp-json\/wp\/v2\/yith_product_brand?post=9998"}],"curies":[{"name":"wp","href":"https:\/\/api.w.org\/{rel}","templated":true}]}}